{"id":7385,"date":"2023-06-08T00:00:00","date_gmt":"2024-07-11T11:12:35","guid":{"rendered":"https:\/\/lij.ismeduca.com\/tienda\/?post_type=product&#038;p=7385"},"modified":"2025-12-23T13:04:13","modified_gmt":"2025-12-23T12:04:13","slug":"a-ze-misterioa-txokolatezko-pastela-desagertu-da","status":"publish","type":"product","link":"https:\/\/lij.ismeduca.com\/es\/producto\/a-ze-misterioa-txokolatezko-pastela-desagertu-da\/","title":{"rendered":"A ze misterioa&#8230; txokolatezko pastela desagertu da!"},"content":{"rendered":"","protected":false},"excerpt":{"rendered":"<p>Kattalin neska bizkorra da buruz. Oso bizkorra. Jaiotzetik. Eta badu amets bat: misteriozko liburuak idaztea. Horretarako, baina, inspirazioa behar du, eta herrian ez da inoiz ezer gertatzen\u2026 Halako batean, ordea, Joxepa andreak Tarta Lehiaketarako egindako txokolatezko pastela desagertu da. Lortuko ote du Kattalinek, lagunekin batera, arrastoei jarraitzea eta lapurra harrapatzea?<\/p>\n","protected":false},"featured_media":37427,"template":"","meta":{"_acf_changed":false,"inline_featured_image":false},"product_brand":[],"product_cat":[4736],"product_tag":[268,297,298,699,2058,321],"asignatura":[],"compania":[325],"curso":[],"idiomas":[1950],"genero":[314],"linea":[250],"premio":[],"proyecto-editorial":[477],"tipo-de-libro":[249],"soporte":[2004],"zona-geografica":[],"autores":[4241,3331,2864],"colecciones":[2307],"personajes":[],"class_list":{"0":"post-7385","1":"product","2":"type-product","3":"status-publish","4":"has-post-thumbnail","6":"product_cat-el-barco-de-vapor","7":"product_tag-amistad","8":"product_tag-literatura-de-aventuras","9":"product_tag-literatura-infantil","10":"product_tag-misterios","11":"product_tag-ntx","12":"product_tag-superacion-de-dificultades","13":"pa_codigo-sap-ntx","14":"compania-ikasmina-argitaletxea-s-l-es","15":"idiomas-euskera-vasco","16":"genero-aventura","17":"linea-narrativa","18":"proyecto-editorial-barco-de-vapor","19":"tipo-de-libro-fisico","20":"soporte-libro","21":"autores-jordi-sierra-i-fabra","22":"autores-kike-ibanez-enrique-ibanez-fernandez","23":"autores-maitane-ugarte-ruiz","24":"colecciones-el-barco-de-vapor-naranja","26":"first","27":"instock","28":"taxable","29":"shipping-taxable","30":"purchasable","31":"product-type-simple"},"acf":{"id_catalogo":"650","shortTitle":"E-BBL.24 A ZE MISTERIOA...TXOKOLATEZKO","descripcion":"<p>Kattalin neska bizkorra da buruz. Oso bizkorra. Jaiotzetik. Eta badu amets bat: misteriozko liburuak idaztea. Horretarako, baina, inspirazioa behar du, eta herrian ez da inoiz ezer gertatzen\u2026 Halako batean, ordea, Joxepa andreak Tarta Lehiaketarako egindako txokolatezko pastela desagertu da. Lortuko ote du Kattalinek, lagunekin batera, arrastoei jarraitzea eta lapurra harrapatzea?<\/p>","adjuntos":[{"id":"21","titulo":"Ficha del profesor","url":"https:\/\/catalogo.noe-sm.com\/medias\/216278-recur-001-001-pro-savia.pdf?context=bWFzdGVyfHJvb3R8MTQxNjkxfGFwcGxpY2F0aW9uL3BkZnxoZTYvaGQ5LzkwMzc1OTUzMTIxNTgucGRmfGU4YzE4ODhlNWIwMWY0NDVhZjE2OTU1YWVlYjAzNjAzMDc3NTZlNjA1NmZiM2MyMmVhOWE2NTljZmRmZDJhZWI"},{"id":"20","titulo":"Ficha del alumno","url":"https:\/\/catalogo.noe-sm.com\/medias\/216278-recur-001-004-alu-savia.pdf?context=bWFzdGVyfHJvb3R8OTE1MzkyfGFwcGxpY2F0aW9uL3BkZnxoMTIvaDkyLzkwMzc1OTU0NDMyMzAucGRmfGNiNzFjYTg5ZDM1MDc2OThhYWVjYzliZDVkYjI3ZWJhNjQyMWY1NjMxZDgzOWFmNTIzYmY3ODkwNjg0NzM4ZjI"}],"descriptivePhrases":[{"type":"General","text":"Detektibe handiarentzat, misterio guztiak txiki."}],"productSap":"NTX","isbn":"9788419097385","precio_colegios":8.85,"precio_librerias":8.85,"precio_librerias_sin_cobertura":8.85,"precio_distribuidores":8.85,"fecha_disponibilidad":null,"fecha_comercial":"20230608","organizacion_venta":"CS01","datos_para_buscador":"Kike Ib\u00e1\u00f1ez (Enrique Ib\u00e1\u00f1ez Fern\u00e1ndez), Maitane Ugarte Ruiz, Jordi Sierra i Fabra, El Barco de Vapor Naranja, "},"yoast_head":"<!-- This site is optimized with the Yoast SEO plugin v26.6 - https:\/\/yoast.com\/wordpress\/plugins\/seo\/ -->\n<title>A ze misterioa... txokolatezko pastela desagertu da! - Literatura SM Espa\u00f1a<\/title>\n<meta name=\"robots\" content=\"noindex, follow, max-snippet:-1, max-image-preview:large, max-video-preview:-1\" \/>\n<meta property=\"og:locale\" content=\"es_ES\" \/>\n<meta property=\"og:type\" content=\"article\" \/>\n<meta property=\"og:title\" content=\"A ze misterioa... txokolatezko pastela desagertu da! - Literatura SM Espa\u00f1a\" \/>\n<meta property=\"og:url\" content=\"https:\/\/lij.ismeduca.com\/es\/producto\/a-ze-misterioa-txokolatezko-pastela-desagertu-da\/\" \/>\n<meta property=\"og:site_name\" content=\"Literatura SM Espa\u00f1a\" \/>\n<meta property=\"article:modified_time\" content=\"2025-12-23T12:04:13+00:00\" \/>\n<meta name=\"twitter:card\" content=\"summary_large_image\" \/>\n<script type=\"application\/ld+json\" class=\"yoast-schema-graph\">{\"@context\":\"https:\/\/schema.org\",\"@graph\":[{\"@type\":\"WebPage\",\"@id\":\"https:\/\/lij.ismeduca.com\/es\/producto\/a-ze-misterioa-txokolatezko-pastela-desagertu-da\/\",\"url\":\"https:\/\/lij.ismeduca.com\/es\/producto\/a-ze-misterioa-txokolatezko-pastela-desagertu-da\/\",\"name\":\"A ze misterioa... txokolatezko pastela desagertu da! - Literatura SM Espa\u00f1a\",\"isPartOf\":{\"@id\":\"https:\/\/lij.ismeduca.com\/es\/#website\"},\"primaryImageOfPage\":{\"@id\":\"https:\/\/lij.ismeduca.com\/es\/producto\/a-ze-misterioa-txokolatezko-pastela-desagertu-da\/#primaryimage\"},\"image\":{\"@id\":\"https:\/\/lij.ismeduca.com\/es\/producto\/a-ze-misterioa-txokolatezko-pastela-desagertu-da\/#primaryimage\"},\"thumbnailUrl\":\"https:\/\/lij.ismeduca.com\/es\/wp-content\/uploads\/sites\/10\/2025\/12\/7385.jpg\",\"datePublished\":\"2024-07-11T11:12:35+00:00\",\"dateModified\":\"2025-12-23T12:04:13+00:00\",\"breadcrumb\":{\"@id\":\"https:\/\/lij.ismeduca.com\/es\/producto\/a-ze-misterioa-txokolatezko-pastela-desagertu-da\/#breadcrumb\"},\"inLanguage\":\"es\",\"potentialAction\":[{\"@type\":\"ReadAction\",\"target\":[\"https:\/\/lij.ismeduca.com\/es\/producto\/a-ze-misterioa-txokolatezko-pastela-desagertu-da\/\"]}]},{\"@type\":\"ImageObject\",\"inLanguage\":\"es\",\"@id\":\"https:\/\/lij.ismeduca.com\/es\/producto\/a-ze-misterioa-txokolatezko-pastela-desagertu-da\/#primaryimage\",\"url\":\"https:\/\/lij.ismeduca.com\/es\/wp-content\/uploads\/sites\/10\/2025\/12\/7385.jpg\",\"contentUrl\":\"https:\/\/lij.ismeduca.com\/es\/wp-content\/uploads\/sites\/10\/2025\/12\/7385.jpg\",\"width\":600,\"height\":950},{\"@type\":\"BreadcrumbList\",\"@id\":\"https:\/\/lij.ismeduca.com\/es\/producto\/a-ze-misterioa-txokolatezko-pastela-desagertu-da\/#breadcrumb\",\"itemListElement\":[{\"@type\":\"ListItem\",\"position\":1,\"name\":\"Portada\",\"item\":\"https:\/\/lij.ismeduca.com\/es\/\"},{\"@type\":\"ListItem\",\"position\":2,\"name\":\"Tienda\",\"item\":\"https:\/\/lij.ismeduca.com\/es\/tienda\/\"},{\"@type\":\"ListItem\",\"position\":3,\"name\":\"A ze misterioa&#8230; txokolatezko pastela desagertu da!\"}]},{\"@type\":\"WebSite\",\"@id\":\"https:\/\/lij.ismeduca.com\/es\/#website\",\"url\":\"https:\/\/lij.ismeduca.com\/es\/\",\"name\":\"Literatura SM Espa\u00f1a\",\"description\":\"\",\"publisher\":{\"@id\":\"https:\/\/lij.ismeduca.com\/es\/#organization\"},\"potentialAction\":[{\"@type\":\"SearchAction\",\"target\":{\"@type\":\"EntryPoint\",\"urlTemplate\":\"https:\/\/lij.ismeduca.com\/es\/?s={search_term_string}\"},\"query-input\":{\"@type\":\"PropertyValueSpecification\",\"valueRequired\":true,\"valueName\":\"search_term_string\"}}],\"inLanguage\":\"es\"},{\"@type\":\"Organization\",\"@id\":\"https:\/\/lij.ismeduca.com\/es\/#organization\",\"name\":\"Literatura SM Espa\u00f1a\",\"url\":\"https:\/\/lij.ismeduca.com\/es\/\",\"logo\":{\"@type\":\"ImageObject\",\"inLanguage\":\"es\",\"@id\":\"https:\/\/lij.ismeduca.com\/es\/#\/schema\/logo\/image\/\",\"url\":\"https:\/\/lij.ismeduca.com\/es\/wp-content\/uploads\/sites\/10\/2024\/07\/logo-cabecera.png\",\"contentUrl\":\"https:\/\/lij.ismeduca.com\/es\/wp-content\/uploads\/sites\/10\/2024\/07\/logo-cabecera.png\",\"width\":396,\"height\":64,\"caption\":\"Literatura SM Espa\u00f1a\"},\"image\":{\"@id\":\"https:\/\/lij.ismeduca.com\/es\/#\/schema\/logo\/image\/\"}}]}<\/script>\n<!-- \/ Yoast SEO plugin. -->","yoast_head_json":{"title":"A ze misterioa... txokolatezko pastela desagertu da! - Literatura SM Espa\u00f1a","robots":{"index":"noindex","follow":"follow","max-snippet":"max-snippet:-1","max-image-preview":"max-image-preview:large","max-video-preview":"max-video-preview:-1"},"og_locale":"es_ES","og_type":"article","og_title":"A ze misterioa... txokolatezko pastela desagertu da! - Literatura SM Espa\u00f1a","og_url":"https:\/\/lij.ismeduca.com\/es\/producto\/a-ze-misterioa-txokolatezko-pastela-desagertu-da\/","og_site_name":"Literatura SM Espa\u00f1a","article_modified_time":"2025-12-23T12:04:13+00:00","twitter_card":"summary_large_image","schema":{"@context":"https:\/\/schema.org","@graph":[{"@type":"WebPage","@id":"https:\/\/lij.ismeduca.com\/es\/producto\/a-ze-misterioa-txokolatezko-pastela-desagertu-da\/","url":"https:\/\/lij.ismeduca.com\/es\/producto\/a-ze-misterioa-txokolatezko-pastela-desagertu-da\/","name":"A ze misterioa... txokolatezko pastela desagertu da! - Literatura SM Espa\u00f1a","isPartOf":{"@id":"https:\/\/lij.ismeduca.com\/es\/#website"},"primaryImageOfPage":{"@id":"https:\/\/lij.ismeduca.com\/es\/producto\/a-ze-misterioa-txokolatezko-pastela-desagertu-da\/#primaryimage"},"image":{"@id":"https:\/\/lij.ismeduca.com\/es\/producto\/a-ze-misterioa-txokolatezko-pastela-desagertu-da\/#primaryimage"},"thumbnailUrl":"https:\/\/lij.ismeduca.com\/es\/wp-content\/uploads\/sites\/10\/2025\/12\/7385.jpg","datePublished":"2024-07-11T11:12:35+00:00","dateModified":"2025-12-23T12:04:13+00:00","breadcrumb":{"@id":"https:\/\/lij.ismeduca.com\/es\/producto\/a-ze-misterioa-txokolatezko-pastela-desagertu-da\/#breadcrumb"},"inLanguage":"es","potentialAction":[{"@type":"ReadAction","target":["https:\/\/lij.ismeduca.com\/es\/producto\/a-ze-misterioa-txokolatezko-pastela-desagertu-da\/"]}]},{"@type":"ImageObject","inLanguage":"es","@id":"https:\/\/lij.ismeduca.com\/es\/producto\/a-ze-misterioa-txokolatezko-pastela-desagertu-da\/#primaryimage","url":"https:\/\/lij.ismeduca.com\/es\/wp-content\/uploads\/sites\/10\/2025\/12\/7385.jpg","contentUrl":"https:\/\/lij.ismeduca.com\/es\/wp-content\/uploads\/sites\/10\/2025\/12\/7385.jpg","width":600,"height":950},{"@type":"BreadcrumbList","@id":"https:\/\/lij.ismeduca.com\/es\/producto\/a-ze-misterioa-txokolatezko-pastela-desagertu-da\/#breadcrumb","itemListElement":[{"@type":"ListItem","position":1,"name":"Portada","item":"https:\/\/lij.ismeduca.com\/es\/"},{"@type":"ListItem","position":2,"name":"Tienda","item":"https:\/\/lij.ismeduca.com\/es\/tienda\/"},{"@type":"ListItem","position":3,"name":"A ze misterioa&#8230; txokolatezko pastela desagertu da!"}]},{"@type":"WebSite","@id":"https:\/\/lij.ismeduca.com\/es\/#website","url":"https:\/\/lij.ismeduca.com\/es\/","name":"Literatura SM Espa\u00f1a","description":"","publisher":{"@id":"https:\/\/lij.ismeduca.com\/es\/#organization"},"potentialAction":[{"@type":"SearchAction","target":{"@type":"EntryPoint","urlTemplate":"https:\/\/lij.ismeduca.com\/es\/?s={search_term_string}"},"query-input":{"@type":"PropertyValueSpecification","valueRequired":true,"valueName":"search_term_string"}}],"inLanguage":"es"},{"@type":"Organization","@id":"https:\/\/lij.ismeduca.com\/es\/#organization","name":"Literatura SM Espa\u00f1a","url":"https:\/\/lij.ismeduca.com\/es\/","logo":{"@type":"ImageObject","inLanguage":"es","@id":"https:\/\/lij.ismeduca.com\/es\/#\/schema\/logo\/image\/","url":"https:\/\/lij.ismeduca.com\/es\/wp-content\/uploads\/sites\/10\/2024\/07\/logo-cabecera.png","contentUrl":"https:\/\/lij.ismeduca.com\/es\/wp-content\/uploads\/sites\/10\/2024\/07\/logo-cabecera.png","width":396,"height":64,"caption":"Literatura SM Espa\u00f1a"},"image":{"@id":"https:\/\/lij.ismeduca.com\/es\/#\/schema\/logo\/image\/"}}]}},"_links":{"self":[{"href":"https:\/\/lij.ismeduca.com\/es\/wp-json\/wp\/v2\/product\/7385","targetHints":{"allow":["GET"]}}],"collection":[{"href":"https:\/\/lij.ismeduca.com\/es\/wp-json\/wp\/v2\/product"}],"about":[{"href":"https:\/\/lij.ismeduca.com\/es\/wp-json\/wp\/v2\/types\/product"}],"version-history":[{"count":1,"href":"https:\/\/lij.ismeduca.com\/es\/wp-json\/wp\/v2\/product\/7385\/revisions"}],"predecessor-version":[{"id":34145,"href":"https:\/\/lij.ismeduca.com\/es\/wp-json\/wp\/v2\/product\/7385\/revisions\/34145"}],"wp:featuredmedia":[{"embeddable":true,"href":"https:\/\/lij.ismeduca.com\/es\/wp-json\/wp\/v2\/media\/37427"}],"wp:attachment":[{"href":"https:\/\/lij.ismeduca.com\/es\/wp-json\/wp\/v2\/media?parent=7385"}],"wp:term":[{"taxonomy":"product_brand","embeddable":true,"href":"https:\/\/lij.ismeduca.com\/es\/wp-json\/wp\/v2\/product_brand?post=7385"},{"taxonomy":"product_cat","embeddable":true,"href":"https:\/\/lij.ismeduca.com\/es\/wp-json\/wp\/v2\/product_cat?post=7385"},{"taxonomy":"product_tag","embeddable":true,"href":"https:\/\/lij.ismeduca.com\/es\/wp-json\/wp\/v2\/product_tag?post=7385"},{"taxonomy":"asignatura","embeddable":true,"href":"https:\/\/lij.ismeduca.com\/es\/wp-json\/wp\/v2\/asignatura?post=7385"},{"taxonomy":"compania","embeddable":true,"href":"https:\/\/lij.ismeduca.com\/es\/wp-json\/wp\/v2\/compania?post=7385"},{"taxonomy":"curso","embeddable":true,"href":"https:\/\/lij.ismeduca.com\/es\/wp-json\/wp\/v2\/curso?post=7385"},{"taxonomy":"idiomas","embeddable":true,"href":"https:\/\/lij.ismeduca.com\/es\/wp-json\/wp\/v2\/idiomas?post=7385"},{"taxonomy":"genero","embeddable":true,"href":"https:\/\/lij.ismeduca.com\/es\/wp-json\/wp\/v2\/genero?post=7385"},{"taxonomy":"linea","embeddable":true,"href":"https:\/\/lij.ismeduca.com\/es\/wp-json\/wp\/v2\/linea?post=7385"},{"taxonomy":"premio","embeddable":true,"href":"https:\/\/lij.ismeduca.com\/es\/wp-json\/wp\/v2\/premio?post=7385"},{"taxonomy":"proyecto-editorial","embeddable":true,"href":"https:\/\/lij.ismeduca.com\/es\/wp-json\/wp\/v2\/proyecto-editorial?post=7385"},{"taxonomy":"tipo-de-libro","embeddable":true,"href":"https:\/\/lij.ismeduca.com\/es\/wp-json\/wp\/v2\/tipo-de-libro?post=7385"},{"taxonomy":"soporte","embeddable":true,"href":"https:\/\/lij.ismeduca.com\/es\/wp-json\/wp\/v2\/soporte?post=7385"},{"taxonomy":"zona-geografica","embeddable":true,"href":"https:\/\/lij.ismeduca.com\/es\/wp-json\/wp\/v2\/zona-geografica?post=7385"},{"taxonomy":"autores","embeddable":true,"href":"https:\/\/lij.ismeduca.com\/es\/wp-json\/wp\/v2\/autores?post=7385"},{"taxonomy":"colecciones","embeddable":true,"href":"https:\/\/lij.ismeduca.com\/es\/wp-json\/wp\/v2\/colecciones?post=7385"},{"taxonomy":"personajes","embeddable":true,"href":"https:\/\/lij.ismeduca.com\/es\/wp-json\/wp\/v2\/personajes?post=7385"}],"curies":[{"name":"wp","href":"https:\/\/api.w.org\/{rel}","templated":true}]}}