{"id":7802,"date":"2021-06-03T00:00:00","date_gmt":"2024-07-11T11:22:41","guid":{"rendered":"https:\/\/lij.ismeduca.com\/tienda\/?post_type=product&#038;p=7802"},"modified":"2025-12-23T12:53:58","modified_gmt":"2025-12-23T11:53:58","slug":"superadhesius-musica-i-sons-del-mon","status":"publish","type":"product","link":"https:\/\/lij.ismeduca.com\/es\/producto\/superadhesius-musica-i-sons-del-mon\/","title":{"rendered":"Superadhesius. M\u00fasica i sons del m\u00f3n"},"content":{"rendered":"","protected":false},"excerpt":{"rendered":"<p>Sabies que la m&uacute;sica es pot llegir? I que les notes es poden dibuixar? Saps quin tipus de m&uacute;sica &eacute;s el jazz? I el punk? Vols descobrir el potent&iacute;ssim instrument que tens dins el cos?&nbsp;<\/p>\n<p>En aquest quadern d&#39;adhesius trobar&agrave;s la resposta a totes aquestes preguntes, i a moltes d&#39;altres!&nbsp;<\/p>\n<p>Descobreix el fascinant m&oacute;n de la m&uacute;sica!&nbsp;<\/p>\n","protected":false},"featured_media":38802,"template":"","meta":{"_acf_changed":false,"inline_featured_image":false},"product_brand":[],"product_cat":[4675],"product_tag":[1084,1247,338,436,1813,2058,1024],"asignatura":[],"compania":[258],"curso":[],"idiomas":[1951],"genero":[369],"linea":[361],"premio":[],"proyecto-editorial":[257],"tipo-de-libro":[249],"soporte":[2004],"zona-geografica":[],"autores":[4533,2841,4178],"colecciones":[2338],"personajes":[],"class_list":{"0":"post-7802","1":"product","2":"type-product","3":"status-publish","4":"has-post-thumbnail","6":"product_cat-superpegatinas","7":"product_tag-bandas-de-musica","8":"product_tag-generos-musicales","9":"product_tag-instrumentos-musicales","10":"product_tag-musica","11":"product_tag-notacion-musical","12":"product_tag-ntx","13":"product_tag-pegatinas","14":"pa_codigo-sap-ntx","15":"compania-editorial-cruilla-s-a-es","16":"idiomas-catalan","17":"genero-divulgacion","18":"linea-interactivos","19":"proyecto-editorial-3-5","20":"tipo-de-libro-fisico","21":"soporte-libro","22":"autores-anna-pauner-escude","23":"autores-beatrice-tinarelli","24":"autores-de-agostini-libri","25":"colecciones-superadhesius","27":"first","28":"outofstock","29":"taxable","30":"shipping-taxable","31":"purchasable","32":"product-type-simple"},"acf":{"id_catalogo":"650","shortTitle":"C-SAD. MUSICA I SONS DEL MON","descripcion":"<p>Sabies que la m&uacute;sica es pot llegir? I que les notes es poden dibuixar? Saps quin tipus de m&uacute;sica &eacute;s el jazz? I el punk? Vols descobrir el potent&iacute;ssim instrument que tens dins el cos?&nbsp;<\/p>\n\n<p>En aquest quadern d&#39;adhesius trobar&agrave;s la resposta a totes aquestes preguntes, i a moltes d&#39;altres!&nbsp;<\/p>\n\n<p>Descobreix el fascinant m&oacute;n de la m&uacute;sica!&nbsp;<\/p>\n","adjuntos":null,"descriptivePhrases":[{"type":"General","text":"Estils musicals, instruments, m\u00fasiques del m\u00f3n... Descobreix el fascinant m\u00f3n de la m\u00fasica! "}],"productSap":"NTX","isbn":"9788466149273","precio_colegios":5.72,"precio_librerias":5.72,"precio_librerias_sin_cobertura":5.72,"precio_distribuidores":5.72,"fecha_disponibilidad":null,"fecha_comercial":"20210603","organizacion_venta":"CS01","datos_para_buscador":"Anna Pauner Escud\u00e9, Beatrice Tinarelli, De Agostini Libri, Superadhesius, "},"yoast_head":"<!-- This site is optimized with the Yoast SEO plugin v26.6 - https:\/\/yoast.com\/wordpress\/plugins\/seo\/ -->\n<title>Superadhesius. M\u00fasica i sons del m\u00f3n - Literatura SM Espa\u00f1a<\/title>\n<meta name=\"robots\" content=\"noindex, follow, max-snippet:-1, max-image-preview:large, max-video-preview:-1\" \/>\n<meta property=\"og:locale\" content=\"es_ES\" \/>\n<meta property=\"og:type\" content=\"article\" \/>\n<meta property=\"og:title\" content=\"Superadhesius. M\u00fasica i sons del m\u00f3n - Literatura SM Espa\u00f1a\" \/>\n<meta property=\"og:url\" content=\"https:\/\/lij.ismeduca.com\/es\/producto\/superadhesius-musica-i-sons-del-mon\/\" \/>\n<meta property=\"og:site_name\" content=\"Literatura SM Espa\u00f1a\" \/>\n<meta property=\"article:modified_time\" content=\"2025-12-23T11:53:58+00:00\" \/>\n<meta name=\"twitter:card\" content=\"summary_large_image\" \/>\n<script type=\"application\/ld+json\" class=\"yoast-schema-graph\">{\"@context\":\"https:\/\/schema.org\",\"@graph\":[{\"@type\":\"WebPage\",\"@id\":\"https:\/\/lij.ismeduca.com\/es\/producto\/superadhesius-musica-i-sons-del-mon\/\",\"url\":\"https:\/\/lij.ismeduca.com\/es\/producto\/superadhesius-musica-i-sons-del-mon\/\",\"name\":\"Superadhesius. M\u00fasica i sons del m\u00f3n - Literatura SM Espa\u00f1a\",\"isPartOf\":{\"@id\":\"https:\/\/lij.ismeduca.com\/es\/#website\"},\"primaryImageOfPage\":{\"@id\":\"https:\/\/lij.ismeduca.com\/es\/producto\/superadhesius-musica-i-sons-del-mon\/#primaryimage\"},\"image\":{\"@id\":\"https:\/\/lij.ismeduca.com\/es\/producto\/superadhesius-musica-i-sons-del-mon\/#primaryimage\"},\"thumbnailUrl\":\"https:\/\/lij.ismeduca.com\/es\/wp-content\/uploads\/sites\/10\/2025\/12\/7802.jpg\",\"datePublished\":\"2024-07-11T11:22:41+00:00\",\"dateModified\":\"2025-12-23T11:53:58+00:00\",\"breadcrumb\":{\"@id\":\"https:\/\/lij.ismeduca.com\/es\/producto\/superadhesius-musica-i-sons-del-mon\/#breadcrumb\"},\"inLanguage\":\"es\",\"potentialAction\":[{\"@type\":\"ReadAction\",\"target\":[\"https:\/\/lij.ismeduca.com\/es\/producto\/superadhesius-musica-i-sons-del-mon\/\"]}]},{\"@type\":\"ImageObject\",\"inLanguage\":\"es\",\"@id\":\"https:\/\/lij.ismeduca.com\/es\/producto\/superadhesius-musica-i-sons-del-mon\/#primaryimage\",\"url\":\"https:\/\/lij.ismeduca.com\/es\/wp-content\/uploads\/sites\/10\/2025\/12\/7802.jpg\",\"contentUrl\":\"https:\/\/lij.ismeduca.com\/es\/wp-content\/uploads\/sites\/10\/2025\/12\/7802.jpg\",\"width\":600,\"height\":801},{\"@type\":\"BreadcrumbList\",\"@id\":\"https:\/\/lij.ismeduca.com\/es\/producto\/superadhesius-musica-i-sons-del-mon\/#breadcrumb\",\"itemListElement\":[{\"@type\":\"ListItem\",\"position\":1,\"name\":\"Portada\",\"item\":\"https:\/\/lij.ismeduca.com\/es\/\"},{\"@type\":\"ListItem\",\"position\":2,\"name\":\"Tienda\",\"item\":\"https:\/\/lij.ismeduca.com\/es\/tienda\/\"},{\"@type\":\"ListItem\",\"position\":3,\"name\":\"Superadhesius. M\u00fasica i sons del m\u00f3n\"}]},{\"@type\":\"WebSite\",\"@id\":\"https:\/\/lij.ismeduca.com\/es\/#website\",\"url\":\"https:\/\/lij.ismeduca.com\/es\/\",\"name\":\"Literatura SM Espa\u00f1a\",\"description\":\"\",\"publisher\":{\"@id\":\"https:\/\/lij.ismeduca.com\/es\/#organization\"},\"potentialAction\":[{\"@type\":\"SearchAction\",\"target\":{\"@type\":\"EntryPoint\",\"urlTemplate\":\"https:\/\/lij.ismeduca.com\/es\/?s={search_term_string}\"},\"query-input\":{\"@type\":\"PropertyValueSpecification\",\"valueRequired\":true,\"valueName\":\"search_term_string\"}}],\"inLanguage\":\"es\"},{\"@type\":\"Organization\",\"@id\":\"https:\/\/lij.ismeduca.com\/es\/#organization\",\"name\":\"Literatura SM Espa\u00f1a\",\"url\":\"https:\/\/lij.ismeduca.com\/es\/\",\"logo\":{\"@type\":\"ImageObject\",\"inLanguage\":\"es\",\"@id\":\"https:\/\/lij.ismeduca.com\/es\/#\/schema\/logo\/image\/\",\"url\":\"https:\/\/lij.ismeduca.com\/es\/wp-content\/uploads\/sites\/10\/2024\/07\/logo-cabecera.png\",\"contentUrl\":\"https:\/\/lij.ismeduca.com\/es\/wp-content\/uploads\/sites\/10\/2024\/07\/logo-cabecera.png\",\"width\":396,\"height\":64,\"caption\":\"Literatura SM Espa\u00f1a\"},\"image\":{\"@id\":\"https:\/\/lij.ismeduca.com\/es\/#\/schema\/logo\/image\/\"}}]}<\/script>\n<!-- \/ Yoast SEO plugin. -->","yoast_head_json":{"title":"Superadhesius. M\u00fasica i sons del m\u00f3n - Literatura SM Espa\u00f1a","robots":{"index":"noindex","follow":"follow","max-snippet":"max-snippet:-1","max-image-preview":"max-image-preview:large","max-video-preview":"max-video-preview:-1"},"og_locale":"es_ES","og_type":"article","og_title":"Superadhesius. M\u00fasica i sons del m\u00f3n - Literatura SM Espa\u00f1a","og_url":"https:\/\/lij.ismeduca.com\/es\/producto\/superadhesius-musica-i-sons-del-mon\/","og_site_name":"Literatura SM Espa\u00f1a","article_modified_time":"2025-12-23T11:53:58+00:00","twitter_card":"summary_large_image","schema":{"@context":"https:\/\/schema.org","@graph":[{"@type":"WebPage","@id":"https:\/\/lij.ismeduca.com\/es\/producto\/superadhesius-musica-i-sons-del-mon\/","url":"https:\/\/lij.ismeduca.com\/es\/producto\/superadhesius-musica-i-sons-del-mon\/","name":"Superadhesius. M\u00fasica i sons del m\u00f3n - Literatura SM Espa\u00f1a","isPartOf":{"@id":"https:\/\/lij.ismeduca.com\/es\/#website"},"primaryImageOfPage":{"@id":"https:\/\/lij.ismeduca.com\/es\/producto\/superadhesius-musica-i-sons-del-mon\/#primaryimage"},"image":{"@id":"https:\/\/lij.ismeduca.com\/es\/producto\/superadhesius-musica-i-sons-del-mon\/#primaryimage"},"thumbnailUrl":"https:\/\/lij.ismeduca.com\/es\/wp-content\/uploads\/sites\/10\/2025\/12\/7802.jpg","datePublished":"2024-07-11T11:22:41+00:00","dateModified":"2025-12-23T11:53:58+00:00","breadcrumb":{"@id":"https:\/\/lij.ismeduca.com\/es\/producto\/superadhesius-musica-i-sons-del-mon\/#breadcrumb"},"inLanguage":"es","potentialAction":[{"@type":"ReadAction","target":["https:\/\/lij.ismeduca.com\/es\/producto\/superadhesius-musica-i-sons-del-mon\/"]}]},{"@type":"ImageObject","inLanguage":"es","@id":"https:\/\/lij.ismeduca.com\/es\/producto\/superadhesius-musica-i-sons-del-mon\/#primaryimage","url":"https:\/\/lij.ismeduca.com\/es\/wp-content\/uploads\/sites\/10\/2025\/12\/7802.jpg","contentUrl":"https:\/\/lij.ismeduca.com\/es\/wp-content\/uploads\/sites\/10\/2025\/12\/7802.jpg","width":600,"height":801},{"@type":"BreadcrumbList","@id":"https:\/\/lij.ismeduca.com\/es\/producto\/superadhesius-musica-i-sons-del-mon\/#breadcrumb","itemListElement":[{"@type":"ListItem","position":1,"name":"Portada","item":"https:\/\/lij.ismeduca.com\/es\/"},{"@type":"ListItem","position":2,"name":"Tienda","item":"https:\/\/lij.ismeduca.com\/es\/tienda\/"},{"@type":"ListItem","position":3,"name":"Superadhesius. M\u00fasica i sons del m\u00f3n"}]},{"@type":"WebSite","@id":"https:\/\/lij.ismeduca.com\/es\/#website","url":"https:\/\/lij.ismeduca.com\/es\/","name":"Literatura SM Espa\u00f1a","description":"","publisher":{"@id":"https:\/\/lij.ismeduca.com\/es\/#organization"},"potentialAction":[{"@type":"SearchAction","target":{"@type":"EntryPoint","urlTemplate":"https:\/\/lij.ismeduca.com\/es\/?s={search_term_string}"},"query-input":{"@type":"PropertyValueSpecification","valueRequired":true,"valueName":"search_term_string"}}],"inLanguage":"es"},{"@type":"Organization","@id":"https:\/\/lij.ismeduca.com\/es\/#organization","name":"Literatura SM Espa\u00f1a","url":"https:\/\/lij.ismeduca.com\/es\/","logo":{"@type":"ImageObject","inLanguage":"es","@id":"https:\/\/lij.ismeduca.com\/es\/#\/schema\/logo\/image\/","url":"https:\/\/lij.ismeduca.com\/es\/wp-content\/uploads\/sites\/10\/2024\/07\/logo-cabecera.png","contentUrl":"https:\/\/lij.ismeduca.com\/es\/wp-content\/uploads\/sites\/10\/2024\/07\/logo-cabecera.png","width":396,"height":64,"caption":"Literatura SM Espa\u00f1a"},"image":{"@id":"https:\/\/lij.ismeduca.com\/es\/#\/schema\/logo\/image\/"}}]}},"_links":{"self":[{"href":"https:\/\/lij.ismeduca.com\/es\/wp-json\/wp\/v2\/product\/7802","targetHints":{"allow":["GET"]}}],"collection":[{"href":"https:\/\/lij.ismeduca.com\/es\/wp-json\/wp\/v2\/product"}],"about":[{"href":"https:\/\/lij.ismeduca.com\/es\/wp-json\/wp\/v2\/types\/product"}],"version-history":[{"count":1,"href":"https:\/\/lij.ismeduca.com\/es\/wp-json\/wp\/v2\/product\/7802\/revisions"}],"predecessor-version":[{"id":35607,"href":"https:\/\/lij.ismeduca.com\/es\/wp-json\/wp\/v2\/product\/7802\/revisions\/35607"}],"wp:featuredmedia":[{"embeddable":true,"href":"https:\/\/lij.ismeduca.com\/es\/wp-json\/wp\/v2\/media\/38802"}],"wp:attachment":[{"href":"https:\/\/lij.ismeduca.com\/es\/wp-json\/wp\/v2\/media?parent=7802"}],"wp:term":[{"taxonomy":"product_brand","embeddable":true,"href":"https:\/\/lij.ismeduca.com\/es\/wp-json\/wp\/v2\/product_brand?post=7802"},{"taxonomy":"product_cat","embeddable":true,"href":"https:\/\/lij.ismeduca.com\/es\/wp-json\/wp\/v2\/product_cat?post=7802"},{"taxonomy":"product_tag","embeddable":true,"href":"https:\/\/lij.ismeduca.com\/es\/wp-json\/wp\/v2\/product_tag?post=7802"},{"taxonomy":"asignatura","embeddable":true,"href":"https:\/\/lij.ismeduca.com\/es\/wp-json\/wp\/v2\/asignatura?post=7802"},{"taxonomy":"compania","embeddable":true,"href":"https:\/\/lij.ismeduca.com\/es\/wp-json\/wp\/v2\/compania?post=7802"},{"taxonomy":"curso","embeddable":true,"href":"https:\/\/lij.ismeduca.com\/es\/wp-json\/wp\/v2\/curso?post=7802"},{"taxonomy":"idiomas","embeddable":true,"href":"https:\/\/lij.ismeduca.com\/es\/wp-json\/wp\/v2\/idiomas?post=7802"},{"taxonomy":"genero","embeddable":true,"href":"https:\/\/lij.ismeduca.com\/es\/wp-json\/wp\/v2\/genero?post=7802"},{"taxonomy":"linea","embeddable":true,"href":"https:\/\/lij.ismeduca.com\/es\/wp-json\/wp\/v2\/linea?post=7802"},{"taxonomy":"premio","embeddable":true,"href":"https:\/\/lij.ismeduca.com\/es\/wp-json\/wp\/v2\/premio?post=7802"},{"taxonomy":"proyecto-editorial","embeddable":true,"href":"https:\/\/lij.ismeduca.com\/es\/wp-json\/wp\/v2\/proyecto-editorial?post=7802"},{"taxonomy":"tipo-de-libro","embeddable":true,"href":"https:\/\/lij.ismeduca.com\/es\/wp-json\/wp\/v2\/tipo-de-libro?post=7802"},{"taxonomy":"soporte","embeddable":true,"href":"https:\/\/lij.ismeduca.com\/es\/wp-json\/wp\/v2\/soporte?post=7802"},{"taxonomy":"zona-geografica","embeddable":true,"href":"https:\/\/lij.ismeduca.com\/es\/wp-json\/wp\/v2\/zona-geografica?post=7802"},{"taxonomy":"autores","embeddable":true,"href":"https:\/\/lij.ismeduca.com\/es\/wp-json\/wp\/v2\/autores?post=7802"},{"taxonomy":"colecciones","embeddable":true,"href":"https:\/\/lij.ismeduca.com\/es\/wp-json\/wp\/v2\/colecciones?post=7802"},{"taxonomy":"personajes","embeddable":true,"href":"https:\/\/lij.ismeduca.com\/es\/wp-json\/wp\/v2\/personajes?post=7802"}],"curies":[{"name":"wp","href":"https:\/\/api.w.org\/{rel}","templated":true}]}}