{"id":8067,"date":"2016-09-22T00:00:00","date_gmt":"2024-07-11T11:28:22","guid":{"rendered":"https:\/\/lij.ismeduca.com\/tienda\/?post_type=product&#038;p=8067"},"modified":"2025-12-23T12:40:53","modified_gmt":"2025-12-23T11:40:53","slug":"color-verde-ladron","status":"publish","type":"product","link":"https:\/\/lij.ismeduca.com\/es\/producto\/color-verde-ladron\/","title":{"rendered":"Color verde ladr\u00f3n"},"content":{"rendered":"","protected":false},"excerpt":{"rendered":"<p><P><\/p>\n<p>Un cumplea&#241;os, un zumo que parece radiactivo, una tarta que no es de nata, un collar que no le gusta a nadie, unos testigos que no han visto nada, un ladr&#243;n que no deja pistas&#8230;<\/p>\n<p><\/P><P><\/p>\n<p>Erika, Manu, Carol y &#193;lex son los detectives de la Lupa. S&#237;, s&#237;, esos, los que se re&#250;nen en un banco que huele a salchich&#243;n. &#191;Y cu&#225;l es su siguiente caso? &#161;Pues el asombroso robo del collar!<\/p>\n<p><\/P><P><\/p>\n<p>&#191;Est&#225;s listo para investigar? &#161;Pon a punto tu ingenio! Abre los ojos en la oscuridad&#8230; Ning&#250;n caso se le resiste a la pandilla de la Lupa&#8230; &#191;o s&#237;?<\/p>\n<p><\/P><P><\/P><\/p>\n","protected":false},"featured_media":36940,"template":"","meta":{"_acf_changed":false,"inline_featured_image":false},"product_brand":[],"product_cat":[4736],"product_tag":[268,240,242,410,908,311,1626,253,981,298,699,2058,354,315],"asignatura":[],"compania":[252],"curso":[],"idiomas":[1948],"genero":[256],"linea":[250],"premio":[],"proyecto-editorial":[477],"tipo-de-libro":[249],"soporte":[2004],"zona-geografica":[],"autores":[3994,4233,4475],"colecciones":[2307],"personajes":[2087],"class_list":{"0":"post-8067","1":"product","2":"type-product","3":"status-publish","4":"has-post-thumbnail","6":"product_cat-el-barco-de-vapor","7":"product_tag-amistad","8":"product_tag-cuentos-infantiles","9":"product_tag-cuentos-para-ninos","10":"product_tag-detectives","11":"product_tag-escuelas","12":"product_tag-familia","13":"product_tag-libro-muestra-copias-avanzadas-material-formacion","14":"product_tag-literatura-de-humor","15":"product_tag-literatura-de-misterio","16":"product_tag-literatura-infantil","17":"product_tag-misterios","18":"product_tag-ntx","19":"product_tag-trabajo-en-equipo","20":"product_tag-vida-escolar","21":"pa_codigo-sap-ntx","22":"compania-f-sta-maria-ediciones-sm-es","23":"idiomas-espanol","24":"genero-humor","25":"linea-narrativa","26":"proyecto-editorial-barco-de-vapor","27":"tipo-de-libro-fisico","28":"soporte-libro","29":"autores-lucia-serrano-guerrero","30":"autores-patricia-garcia-rojo-canton","31":"autores-patrycja-katarzyna-jurkowska","32":"colecciones-el-barco-de-vapor-naranja","33":"personajes-la-pandilla-de-la-lupa","35":"first","36":"instock","37":"taxable","38":"shipping-taxable","39":"purchasable","40":"product-type-simple"},"acf":{"id_catalogo":"650","shortTitle":"BVNPL.1 COLOR VERDE LADRON","descripcion":"<P><p>Un cumplea&#241;os, un zumo que parece radiactivo, una tarta que no es de nata, un collar que no le gusta a nadie, unos testigos que no han visto nada, un ladr&#243;n que no deja pistas&#8230;<\/p><\/P><P><p>Erika, Manu, Carol y &#193;lex son los detectives de la Lupa. S&#237;, s&#237;, esos, los que se re&#250;nen en un banco que huele a salchich&#243;n. &#191;Y cu&#225;l es su siguiente caso? &#161;Pues el asombroso robo del collar!<\/p><\/P><P><p>&#191;Est&#225;s listo para investigar? &#161;Pon a punto tu ingenio! Abre los ojos en la oscuridad&#8230; Ning&#250;n caso se le resiste a la pandilla de la Lupa&#8230; &#191;o s&#237;?<\/p><\/P><P><\/P>","adjuntos":[{"id":"4","titulo":"Primer cap\u00edtulo \/ Unidad Modelo","url":"https:\/\/catalogo.noe-sm.com\/medias\/ES174483-010020.pdf?context=bWFzdGVyfG1pZ3JhdGlvbnwxMTE3NDgwfGFwcGxpY2F0aW9uL3BkZnxtaWdyYXRpb24vaGEzL2g4OS84ODE5MzkzMTM0NjIyLnBkZnxmYTk2NTRiYWIzYjgxOGY1YjdjZmZkYWEzOTYyODJjMjc4NzUzNWQwNTBmMDg0ZWM3YTA1OGZmNWM0MGFmMjBj"},{"id":"21","titulo":"Ficha del profesor","url":"https:\/\/catalogo.noe-sm.com\/medias\/ES174483-012458.pdf?context=bWFzdGVyfG1pZ3JhdGlvbnw3ODg4NDZ8YXBwbGljYXRpb24vcGRmfG1pZ3JhdGlvbi9oNDMvaDUxLzg4MTkzNzAyNjI1NTgucGRmfDM1ZWE0Zjc4MWE0OGY4NGM0OTcyMmQzNzYzMjNkOTYwZGNhNGYxMWQ0ZmQ1Mzk3MmExY2U4YTAyZGYyNzI3NzM"},{"id":"20","titulo":"Ficha del alumno","url":"https:\/\/catalogo.noe-sm.com\/medias\/ES174483-Act.-alumno-Color-verde-ladr-n-BVN.pdf?context=bWFzdGVyfHJvb3R8MTE3Njg0NXxhcHBsaWNhdGlvbi9wZGZ8aDA2L2g5Yi84ODMwOTU1MTI2ODE0LnBkZnwwN2U2MmNiMmM4MWVhMzNjMGYzZmY2ODczYzhiMmUwMzUyNjNmNjcwZGQxYjkzOWMxMWIyZjg5ZGVkNzYyZTE2"}],"descriptivePhrases":[{"type":"General","text":"<P>\u00bfEst\u00e1s listo para investigar? \u00a1Pon a punto tu ingenio! Abre los ojos en la oscuridad\u2026 Ning\u00fan caso se le resiste a la pandilla de la Lupa\u2026 \u00bfo s\u00ed? <\/P><P><\/P>"}],"productSap":"NTX","isbn":"9788467590678","precio_colegios":8.85,"precio_librerias":8.85,"precio_librerias_sin_cobertura":8.85,"precio_distribuidores":8.85,"fecha_disponibilidad":null,"fecha_comercial":"20160922","organizacion_venta":"CS01","datos_para_buscador":"Luc\u00eda Serrano Guerrero, Patrycja Katarzyna Jurkowska, La pandilla de la lupa, Patricia Garc\u00eda-Rojo Cant\u00f3n, La pandilla de la lupa, El Barco de Vapor Naranja, "},"yoast_head":"<!-- This site is optimized with the Yoast SEO plugin v26.6 - https:\/\/yoast.com\/wordpress\/plugins\/seo\/ -->\n<title>Color verde ladr\u00f3n - Literatura SM Espa\u00f1a<\/title>\n<meta name=\"robots\" content=\"noindex, follow, max-snippet:-1, max-image-preview:large, max-video-preview:-1\" \/>\n<meta property=\"og:locale\" content=\"es_ES\" \/>\n<meta property=\"og:type\" content=\"article\" \/>\n<meta property=\"og:title\" content=\"Color verde ladr\u00f3n - Literatura SM Espa\u00f1a\" \/>\n<meta property=\"og:url\" content=\"https:\/\/lij.ismeduca.com\/es\/producto\/color-verde-ladron\/\" \/>\n<meta property=\"og:site_name\" content=\"Literatura SM Espa\u00f1a\" \/>\n<meta property=\"article:modified_time\" content=\"2025-12-23T11:40:53+00:00\" \/>\n<meta name=\"twitter:card\" content=\"summary_large_image\" \/>\n<script type=\"application\/ld+json\" class=\"yoast-schema-graph\">{\"@context\":\"https:\/\/schema.org\",\"@graph\":[{\"@type\":\"WebPage\",\"@id\":\"https:\/\/lij.ismeduca.com\/es\/producto\/color-verde-ladron\/\",\"url\":\"https:\/\/lij.ismeduca.com\/es\/producto\/color-verde-ladron\/\",\"name\":\"Color verde ladr\u00f3n - Literatura SM Espa\u00f1a\",\"isPartOf\":{\"@id\":\"https:\/\/lij.ismeduca.com\/es\/#website\"},\"primaryImageOfPage\":{\"@id\":\"https:\/\/lij.ismeduca.com\/es\/producto\/color-verde-ladron\/#primaryimage\"},\"image\":{\"@id\":\"https:\/\/lij.ismeduca.com\/es\/producto\/color-verde-ladron\/#primaryimage\"},\"thumbnailUrl\":\"https:\/\/lij.ismeduca.com\/es\/wp-content\/uploads\/sites\/10\/2025\/12\/8067.jpg\",\"datePublished\":\"2024-07-11T11:28:22+00:00\",\"dateModified\":\"2025-12-23T11:40:53+00:00\",\"breadcrumb\":{\"@id\":\"https:\/\/lij.ismeduca.com\/es\/producto\/color-verde-ladron\/#breadcrumb\"},\"inLanguage\":\"es\",\"potentialAction\":[{\"@type\":\"ReadAction\",\"target\":[\"https:\/\/lij.ismeduca.com\/es\/producto\/color-verde-ladron\/\"]}]},{\"@type\":\"ImageObject\",\"inLanguage\":\"es\",\"@id\":\"https:\/\/lij.ismeduca.com\/es\/producto\/color-verde-ladron\/#primaryimage\",\"url\":\"https:\/\/lij.ismeduca.com\/es\/wp-content\/uploads\/sites\/10\/2025\/12\/8067.jpg\",\"contentUrl\":\"https:\/\/lij.ismeduca.com\/es\/wp-content\/uploads\/sites\/10\/2025\/12\/8067.jpg\",\"width\":600,\"height\":949},{\"@type\":\"BreadcrumbList\",\"@id\":\"https:\/\/lij.ismeduca.com\/es\/producto\/color-verde-ladron\/#breadcrumb\",\"itemListElement\":[{\"@type\":\"ListItem\",\"position\":1,\"name\":\"Portada\",\"item\":\"https:\/\/lij.ismeduca.com\/es\/\"},{\"@type\":\"ListItem\",\"position\":2,\"name\":\"Tienda\",\"item\":\"https:\/\/lij.ismeduca.com\/es\/tienda\/\"},{\"@type\":\"ListItem\",\"position\":3,\"name\":\"Color verde ladr\u00f3n\"}]},{\"@type\":\"WebSite\",\"@id\":\"https:\/\/lij.ismeduca.com\/es\/#website\",\"url\":\"https:\/\/lij.ismeduca.com\/es\/\",\"name\":\"Literatura SM Espa\u00f1a\",\"description\":\"\",\"publisher\":{\"@id\":\"https:\/\/lij.ismeduca.com\/es\/#organization\"},\"potentialAction\":[{\"@type\":\"SearchAction\",\"target\":{\"@type\":\"EntryPoint\",\"urlTemplate\":\"https:\/\/lij.ismeduca.com\/es\/?s={search_term_string}\"},\"query-input\":{\"@type\":\"PropertyValueSpecification\",\"valueRequired\":true,\"valueName\":\"search_term_string\"}}],\"inLanguage\":\"es\"},{\"@type\":\"Organization\",\"@id\":\"https:\/\/lij.ismeduca.com\/es\/#organization\",\"name\":\"Literatura SM Espa\u00f1a\",\"url\":\"https:\/\/lij.ismeduca.com\/es\/\",\"logo\":{\"@type\":\"ImageObject\",\"inLanguage\":\"es\",\"@id\":\"https:\/\/lij.ismeduca.com\/es\/#\/schema\/logo\/image\/\",\"url\":\"https:\/\/lij.ismeduca.com\/es\/wp-content\/uploads\/sites\/10\/2024\/07\/logo-cabecera.png\",\"contentUrl\":\"https:\/\/lij.ismeduca.com\/es\/wp-content\/uploads\/sites\/10\/2024\/07\/logo-cabecera.png\",\"width\":396,\"height\":64,\"caption\":\"Literatura SM Espa\u00f1a\"},\"image\":{\"@id\":\"https:\/\/lij.ismeduca.com\/es\/#\/schema\/logo\/image\/\"}}]}<\/script>\n<!-- \/ Yoast SEO plugin. -->","yoast_head_json":{"title":"Color verde ladr\u00f3n - Literatura SM Espa\u00f1a","robots":{"index":"noindex","follow":"follow","max-snippet":"max-snippet:-1","max-image-preview":"max-image-preview:large","max-video-preview":"max-video-preview:-1"},"og_locale":"es_ES","og_type":"article","og_title":"Color verde ladr\u00f3n - Literatura SM Espa\u00f1a","og_url":"https:\/\/lij.ismeduca.com\/es\/producto\/color-verde-ladron\/","og_site_name":"Literatura SM Espa\u00f1a","article_modified_time":"2025-12-23T11:40:53+00:00","twitter_card":"summary_large_image","schema":{"@context":"https:\/\/schema.org","@graph":[{"@type":"WebPage","@id":"https:\/\/lij.ismeduca.com\/es\/producto\/color-verde-ladron\/","url":"https:\/\/lij.ismeduca.com\/es\/producto\/color-verde-ladron\/","name":"Color verde ladr\u00f3n - Literatura SM Espa\u00f1a","isPartOf":{"@id":"https:\/\/lij.ismeduca.com\/es\/#website"},"primaryImageOfPage":{"@id":"https:\/\/lij.ismeduca.com\/es\/producto\/color-verde-ladron\/#primaryimage"},"image":{"@id":"https:\/\/lij.ismeduca.com\/es\/producto\/color-verde-ladron\/#primaryimage"},"thumbnailUrl":"https:\/\/lij.ismeduca.com\/es\/wp-content\/uploads\/sites\/10\/2025\/12\/8067.jpg","datePublished":"2024-07-11T11:28:22+00:00","dateModified":"2025-12-23T11:40:53+00:00","breadcrumb":{"@id":"https:\/\/lij.ismeduca.com\/es\/producto\/color-verde-ladron\/#breadcrumb"},"inLanguage":"es","potentialAction":[{"@type":"ReadAction","target":["https:\/\/lij.ismeduca.com\/es\/producto\/color-verde-ladron\/"]}]},{"@type":"ImageObject","inLanguage":"es","@id":"https:\/\/lij.ismeduca.com\/es\/producto\/color-verde-ladron\/#primaryimage","url":"https:\/\/lij.ismeduca.com\/es\/wp-content\/uploads\/sites\/10\/2025\/12\/8067.jpg","contentUrl":"https:\/\/lij.ismeduca.com\/es\/wp-content\/uploads\/sites\/10\/2025\/12\/8067.jpg","width":600,"height":949},{"@type":"BreadcrumbList","@id":"https:\/\/lij.ismeduca.com\/es\/producto\/color-verde-ladron\/#breadcrumb","itemListElement":[{"@type":"ListItem","position":1,"name":"Portada","item":"https:\/\/lij.ismeduca.com\/es\/"},{"@type":"ListItem","position":2,"name":"Tienda","item":"https:\/\/lij.ismeduca.com\/es\/tienda\/"},{"@type":"ListItem","position":3,"name":"Color verde ladr\u00f3n"}]},{"@type":"WebSite","@id":"https:\/\/lij.ismeduca.com\/es\/#website","url":"https:\/\/lij.ismeduca.com\/es\/","name":"Literatura SM Espa\u00f1a","description":"","publisher":{"@id":"https:\/\/lij.ismeduca.com\/es\/#organization"},"potentialAction":[{"@type":"SearchAction","target":{"@type":"EntryPoint","urlTemplate":"https:\/\/lij.ismeduca.com\/es\/?s={search_term_string}"},"query-input":{"@type":"PropertyValueSpecification","valueRequired":true,"valueName":"search_term_string"}}],"inLanguage":"es"},{"@type":"Organization","@id":"https:\/\/lij.ismeduca.com\/es\/#organization","name":"Literatura SM Espa\u00f1a","url":"https:\/\/lij.ismeduca.com\/es\/","logo":{"@type":"ImageObject","inLanguage":"es","@id":"https:\/\/lij.ismeduca.com\/es\/#\/schema\/logo\/image\/","url":"https:\/\/lij.ismeduca.com\/es\/wp-content\/uploads\/sites\/10\/2024\/07\/logo-cabecera.png","contentUrl":"https:\/\/lij.ismeduca.com\/es\/wp-content\/uploads\/sites\/10\/2024\/07\/logo-cabecera.png","width":396,"height":64,"caption":"Literatura SM Espa\u00f1a"},"image":{"@id":"https:\/\/lij.ismeduca.com\/es\/#\/schema\/logo\/image\/"}}]}},"_links":{"self":[{"href":"https:\/\/lij.ismeduca.com\/es\/wp-json\/wp\/v2\/product\/8067","targetHints":{"allow":["GET"]}}],"collection":[{"href":"https:\/\/lij.ismeduca.com\/es\/wp-json\/wp\/v2\/product"}],"about":[{"href":"https:\/\/lij.ismeduca.com\/es\/wp-json\/wp\/v2\/types\/product"}],"version-history":[{"count":1,"href":"https:\/\/lij.ismeduca.com\/es\/wp-json\/wp\/v2\/product\/8067\/revisions"}],"predecessor-version":[{"id":34249,"href":"https:\/\/lij.ismeduca.com\/es\/wp-json\/wp\/v2\/product\/8067\/revisions\/34249"}],"wp:featuredmedia":[{"embeddable":true,"href":"https:\/\/lij.ismeduca.com\/es\/wp-json\/wp\/v2\/media\/36940"}],"wp:attachment":[{"href":"https:\/\/lij.ismeduca.com\/es\/wp-json\/wp\/v2\/media?parent=8067"}],"wp:term":[{"taxonomy":"product_brand","embeddable":true,"href":"https:\/\/lij.ismeduca.com\/es\/wp-json\/wp\/v2\/product_brand?post=8067"},{"taxonomy":"product_cat","embeddable":true,"href":"https:\/\/lij.ismeduca.com\/es\/wp-json\/wp\/v2\/product_cat?post=8067"},{"taxonomy":"product_tag","embeddable":true,"href":"https:\/\/lij.ismeduca.com\/es\/wp-json\/wp\/v2\/product_tag?post=8067"},{"taxonomy":"asignatura","embeddable":true,"href":"https:\/\/lij.ismeduca.com\/es\/wp-json\/wp\/v2\/asignatura?post=8067"},{"taxonomy":"compania","embeddable":true,"href":"https:\/\/lij.ismeduca.com\/es\/wp-json\/wp\/v2\/compania?post=8067"},{"taxonomy":"curso","embeddable":true,"href":"https:\/\/lij.ismeduca.com\/es\/wp-json\/wp\/v2\/curso?post=8067"},{"taxonomy":"idiomas","embeddable":true,"href":"https:\/\/lij.ismeduca.com\/es\/wp-json\/wp\/v2\/idiomas?post=8067"},{"taxonomy":"genero","embeddable":true,"href":"https:\/\/lij.ismeduca.com\/es\/wp-json\/wp\/v2\/genero?post=8067"},{"taxonomy":"linea","embeddable":true,"href":"https:\/\/lij.ismeduca.com\/es\/wp-json\/wp\/v2\/linea?post=8067"},{"taxonomy":"premio","embeddable":true,"href":"https:\/\/lij.ismeduca.com\/es\/wp-json\/wp\/v2\/premio?post=8067"},{"taxonomy":"proyecto-editorial","embeddable":true,"href":"https:\/\/lij.ismeduca.com\/es\/wp-json\/wp\/v2\/proyecto-editorial?post=8067"},{"taxonomy":"tipo-de-libro","embeddable":true,"href":"https:\/\/lij.ismeduca.com\/es\/wp-json\/wp\/v2\/tipo-de-libro?post=8067"},{"taxonomy":"soporte","embeddable":true,"href":"https:\/\/lij.ismeduca.com\/es\/wp-json\/wp\/v2\/soporte?post=8067"},{"taxonomy":"zona-geografica","embeddable":true,"href":"https:\/\/lij.ismeduca.com\/es\/wp-json\/wp\/v2\/zona-geografica?post=8067"},{"taxonomy":"autores","embeddable":true,"href":"https:\/\/lij.ismeduca.com\/es\/wp-json\/wp\/v2\/autores?post=8067"},{"taxonomy":"colecciones","embeddable":true,"href":"https:\/\/lij.ismeduca.com\/es\/wp-json\/wp\/v2\/colecciones?post=8067"},{"taxonomy":"personajes","embeddable":true,"href":"https:\/\/lij.ismeduca.com\/es\/wp-json\/wp\/v2\/personajes?post=8067"}],"curies":[{"name":"wp","href":"https:\/\/api.w.org\/{rel}","templated":true}]}}