{"id":8068,"date":"2017-09-21T00:00:00","date_gmt":"2024-07-11T11:28:23","guid":{"rendered":"https:\/\/lij.ismeduca.com\/tienda\/?post_type=product&#038;p=8068"},"modified":"2025-12-23T12:42:09","modified_gmt":"2025-12-23T11:42:09","slug":"color-rojo-culpable","status":"publish","type":"product","link":"https:\/\/lij.ismeduca.com\/es\/producto\/color-rojo-culpable\/","title":{"rendered":"Color rojo culpable"},"content":{"rendered":"","protected":false},"excerpt":{"rendered":"<p><P>Un anillo desaparecido, un perro destrozahogares, una ahogadilla interminable, una madre desesperada por su aniversario, unas huellas que no sirven para nada, unos suspensos que sobrevuelan la galaxia, una nota pegada a un caparaz&#243;n de tortuga&#8230;<br \/><\/P><P>Erika, Manu, Carol y &#193;lex son los detectives de la Lupa. S&#237;, s&#237;, esos, los que tienen un profe que sue&#241;a con una clase de zombis. &#191;Y cu&#225;l es su siguiente caso? &#161;Pues el misterio del anillo de la piedra azul! <br \/><\/P><P>&#191;Est&#225;s listo para investigar? &#161;Pon a punto tu ingenio! Abre los ojos en la oscuridad&#8230; Ning&#250;n caso se le resiste a la pandilla de la Lupa&#8230; &#191;o s&#237;?<\/P><P><\/P><\/p>\n","protected":false},"featured_media":36942,"template":"","meta":{"_acf_changed":false,"inline_featured_image":false},"product_brand":[],"product_cat":[4736],"product_tag":[268,270,410,908,1048,311,943,253,981,298,304,699,2058,716,293,354,315,346],"asignatura":[],"compania":[252],"curso":[],"idiomas":[1948],"genero":[256],"linea":[250],"premio":[],"proyecto-editorial":[477],"tipo-de-libro":[249],"soporte":[2004],"zona-geografica":[],"autores":[3994,4233,4475],"colecciones":[2307],"personajes":[],"class_list":{"0":"post-8068","1":"product","2":"type-product","3":"status-publish","4":"has-post-thumbnail","6":"product_cat-el-barco-de-vapor","7":"product_tag-amistad","8":"product_tag-animales","9":"product_tag-detectives","10":"product_tag-escuelas","11":"product_tag-expresion-artistica","12":"product_tag-familia","13":"product_tag-hermanos","14":"product_tag-literatura-de-humor","15":"product_tag-literatura-de-misterio","16":"product_tag-literatura-infantil","17":"product_tag-mascotas","18":"product_tag-misterios","19":"product_tag-ntx","20":"product_tag-perros","21":"product_tag-relaciones-familiares","22":"product_tag-trabajo-en-equipo","23":"product_tag-vida-escolar","24":"product_tag-vida-familiar","25":"pa_codigo-sap-ntx","26":"compania-f-sta-maria-ediciones-sm-es","27":"idiomas-espanol","28":"genero-humor","29":"linea-narrativa","30":"proyecto-editorial-barco-de-vapor","31":"tipo-de-libro-fisico","32":"soporte-libro","33":"autores-lucia-serrano-guerrero","34":"autores-patricia-garcia-rojo-canton","35":"autores-patrycja-katarzyna-jurkowska","36":"colecciones-el-barco-de-vapor-naranja","38":"first","39":"instock","40":"taxable","41":"shipping-taxable","42":"purchasable","43":"product-type-simple"},"acf":{"id_catalogo":"650","shortTitle":"BVNPL.3 COLOR ROJO CULPABLE","descripcion":"<P>Un anillo desaparecido, un perro destrozahogares, una ahogadilla interminable, una madre desesperada por su aniversario, unas huellas que no sirven para nada, unos suspensos que sobrevuelan la galaxia, una nota pegada a un caparaz&#243;n de tortuga...<br \/><\/P><P>Erika, Manu, Carol y &#193;lex son los detectives de la Lupa. S&#237;, s&#237;, esos, los que tienen un profe que sue&#241;a con una clase de zombis. &#191;Y cu&#225;l es su siguiente caso? &#161;Pues el misterio del anillo de la piedra azul! <br \/><\/P><P>&#191;Est&#225;s listo para investigar? &#161;Pon a punto tu ingenio! Abre los ojos en la oscuridad&#8230; Ning&#250;n caso se le resiste a la pandilla de la Lupa&#8230; &#191;o s&#237;?<\/P><P><\/P>","adjuntos":[{"id":"4","titulo":"Primer cap\u00edtulo \/ Unidad Modelo","url":"https:\/\/catalogo.noe-sm.com\/medias\/ES178675-011101.pdf?context=bWFzdGVyfG1pZ3JhdGlvbnwxMDAxMjU1fGFwcGxpY2F0aW9uL3BkZnxtaWdyYXRpb24vaDM0L2hhYS84ODE5NTU1MDc0MDc4LnBkZnw0NGQ2NDNhMmQ5NTIxM2RiYzZkZWNjNTczMWQzM2VhNzRhNDBlNGI1ZmM5NWNmNDEzMDFkOGNhOThhZTQyMGJk"}],"descriptivePhrases":[{"type":"General","text":"Una nueva aventura de los detectives de la Lupa. S\u00ed, s\u00ed, esos, los que tienen un profe que sue\u00f1a con una clase de zombis. \u00bfY cu\u00e1l es su siguiente caso? \u00a1Pues el misterio del anillo de la piedra azul!"}],"productSap":"NTX","isbn":"9788467597387","precio_colegios":8.85,"precio_librerias":8.85,"precio_librerias_sin_cobertura":8.85,"precio_distribuidores":8.85,"fecha_disponibilidad":null,"fecha_comercial":"20170921","organizacion_venta":"CS01","datos_para_buscador":"Luc\u00eda Serrano Guerrero, Patrycja Katarzyna Jurkowska, Patricia Garc\u00eda-Rojo Cant\u00f3n, El Barco de Vapor Naranja, "},"yoast_head":"<!-- This site is optimized with the Yoast SEO plugin v26.6 - https:\/\/yoast.com\/wordpress\/plugins\/seo\/ -->\n<title>Color rojo culpable - Literatura SM Espa\u00f1a<\/title>\n<meta name=\"robots\" content=\"noindex, follow, max-snippet:-1, max-image-preview:large, max-video-preview:-1\" \/>\n<meta property=\"og:locale\" content=\"es_ES\" \/>\n<meta property=\"og:type\" content=\"article\" \/>\n<meta property=\"og:title\" content=\"Color rojo culpable - Literatura SM Espa\u00f1a\" \/>\n<meta property=\"og:url\" content=\"https:\/\/lij.ismeduca.com\/es\/producto\/color-rojo-culpable\/\" \/>\n<meta property=\"og:site_name\" content=\"Literatura SM Espa\u00f1a\" \/>\n<meta property=\"article:modified_time\" content=\"2025-12-23T11:42:09+00:00\" \/>\n<meta name=\"twitter:card\" content=\"summary_large_image\" \/>\n<script type=\"application\/ld+json\" class=\"yoast-schema-graph\">{\"@context\":\"https:\/\/schema.org\",\"@graph\":[{\"@type\":\"WebPage\",\"@id\":\"https:\/\/lij.ismeduca.com\/es\/producto\/color-rojo-culpable\/\",\"url\":\"https:\/\/lij.ismeduca.com\/es\/producto\/color-rojo-culpable\/\",\"name\":\"Color rojo culpable - Literatura SM Espa\u00f1a\",\"isPartOf\":{\"@id\":\"https:\/\/lij.ismeduca.com\/es\/#website\"},\"primaryImageOfPage\":{\"@id\":\"https:\/\/lij.ismeduca.com\/es\/producto\/color-rojo-culpable\/#primaryimage\"},\"image\":{\"@id\":\"https:\/\/lij.ismeduca.com\/es\/producto\/color-rojo-culpable\/#primaryimage\"},\"thumbnailUrl\":\"https:\/\/lij.ismeduca.com\/es\/wp-content\/uploads\/sites\/10\/2025\/12\/8068.jpg\",\"datePublished\":\"2024-07-11T11:28:23+00:00\",\"dateModified\":\"2025-12-23T11:42:09+00:00\",\"breadcrumb\":{\"@id\":\"https:\/\/lij.ismeduca.com\/es\/producto\/color-rojo-culpable\/#breadcrumb\"},\"inLanguage\":\"es\",\"potentialAction\":[{\"@type\":\"ReadAction\",\"target\":[\"https:\/\/lij.ismeduca.com\/es\/producto\/color-rojo-culpable\/\"]}]},{\"@type\":\"ImageObject\",\"inLanguage\":\"es\",\"@id\":\"https:\/\/lij.ismeduca.com\/es\/producto\/color-rojo-culpable\/#primaryimage\",\"url\":\"https:\/\/lij.ismeduca.com\/es\/wp-content\/uploads\/sites\/10\/2025\/12\/8068.jpg\",\"contentUrl\":\"https:\/\/lij.ismeduca.com\/es\/wp-content\/uploads\/sites\/10\/2025\/12\/8068.jpg\",\"width\":600,\"height\":950},{\"@type\":\"BreadcrumbList\",\"@id\":\"https:\/\/lij.ismeduca.com\/es\/producto\/color-rojo-culpable\/#breadcrumb\",\"itemListElement\":[{\"@type\":\"ListItem\",\"position\":1,\"name\":\"Portada\",\"item\":\"https:\/\/lij.ismeduca.com\/es\/\"},{\"@type\":\"ListItem\",\"position\":2,\"name\":\"Tienda\",\"item\":\"https:\/\/lij.ismeduca.com\/es\/tienda\/\"},{\"@type\":\"ListItem\",\"position\":3,\"name\":\"Color rojo culpable\"}]},{\"@type\":\"WebSite\",\"@id\":\"https:\/\/lij.ismeduca.com\/es\/#website\",\"url\":\"https:\/\/lij.ismeduca.com\/es\/\",\"name\":\"Literatura SM Espa\u00f1a\",\"description\":\"\",\"publisher\":{\"@id\":\"https:\/\/lij.ismeduca.com\/es\/#organization\"},\"potentialAction\":[{\"@type\":\"SearchAction\",\"target\":{\"@type\":\"EntryPoint\",\"urlTemplate\":\"https:\/\/lij.ismeduca.com\/es\/?s={search_term_string}\"},\"query-input\":{\"@type\":\"PropertyValueSpecification\",\"valueRequired\":true,\"valueName\":\"search_term_string\"}}],\"inLanguage\":\"es\"},{\"@type\":\"Organization\",\"@id\":\"https:\/\/lij.ismeduca.com\/es\/#organization\",\"name\":\"Literatura SM Espa\u00f1a\",\"url\":\"https:\/\/lij.ismeduca.com\/es\/\",\"logo\":{\"@type\":\"ImageObject\",\"inLanguage\":\"es\",\"@id\":\"https:\/\/lij.ismeduca.com\/es\/#\/schema\/logo\/image\/\",\"url\":\"https:\/\/lij.ismeduca.com\/es\/wp-content\/uploads\/sites\/10\/2024\/07\/logo-cabecera.png\",\"contentUrl\":\"https:\/\/lij.ismeduca.com\/es\/wp-content\/uploads\/sites\/10\/2024\/07\/logo-cabecera.png\",\"width\":396,\"height\":64,\"caption\":\"Literatura SM Espa\u00f1a\"},\"image\":{\"@id\":\"https:\/\/lij.ismeduca.com\/es\/#\/schema\/logo\/image\/\"}}]}<\/script>\n<!-- \/ Yoast SEO plugin. -->","yoast_head_json":{"title":"Color rojo culpable - Literatura SM Espa\u00f1a","robots":{"index":"noindex","follow":"follow","max-snippet":"max-snippet:-1","max-image-preview":"max-image-preview:large","max-video-preview":"max-video-preview:-1"},"og_locale":"es_ES","og_type":"article","og_title":"Color rojo culpable - Literatura SM Espa\u00f1a","og_url":"https:\/\/lij.ismeduca.com\/es\/producto\/color-rojo-culpable\/","og_site_name":"Literatura SM Espa\u00f1a","article_modified_time":"2025-12-23T11:42:09+00:00","twitter_card":"summary_large_image","schema":{"@context":"https:\/\/schema.org","@graph":[{"@type":"WebPage","@id":"https:\/\/lij.ismeduca.com\/es\/producto\/color-rojo-culpable\/","url":"https:\/\/lij.ismeduca.com\/es\/producto\/color-rojo-culpable\/","name":"Color rojo culpable - Literatura SM Espa\u00f1a","isPartOf":{"@id":"https:\/\/lij.ismeduca.com\/es\/#website"},"primaryImageOfPage":{"@id":"https:\/\/lij.ismeduca.com\/es\/producto\/color-rojo-culpable\/#primaryimage"},"image":{"@id":"https:\/\/lij.ismeduca.com\/es\/producto\/color-rojo-culpable\/#primaryimage"},"thumbnailUrl":"https:\/\/lij.ismeduca.com\/es\/wp-content\/uploads\/sites\/10\/2025\/12\/8068.jpg","datePublished":"2024-07-11T11:28:23+00:00","dateModified":"2025-12-23T11:42:09+00:00","breadcrumb":{"@id":"https:\/\/lij.ismeduca.com\/es\/producto\/color-rojo-culpable\/#breadcrumb"},"inLanguage":"es","potentialAction":[{"@type":"ReadAction","target":["https:\/\/lij.ismeduca.com\/es\/producto\/color-rojo-culpable\/"]}]},{"@type":"ImageObject","inLanguage":"es","@id":"https:\/\/lij.ismeduca.com\/es\/producto\/color-rojo-culpable\/#primaryimage","url":"https:\/\/lij.ismeduca.com\/es\/wp-content\/uploads\/sites\/10\/2025\/12\/8068.jpg","contentUrl":"https:\/\/lij.ismeduca.com\/es\/wp-content\/uploads\/sites\/10\/2025\/12\/8068.jpg","width":600,"height":950},{"@type":"BreadcrumbList","@id":"https:\/\/lij.ismeduca.com\/es\/producto\/color-rojo-culpable\/#breadcrumb","itemListElement":[{"@type":"ListItem","position":1,"name":"Portada","item":"https:\/\/lij.ismeduca.com\/es\/"},{"@type":"ListItem","position":2,"name":"Tienda","item":"https:\/\/lij.ismeduca.com\/es\/tienda\/"},{"@type":"ListItem","position":3,"name":"Color rojo culpable"}]},{"@type":"WebSite","@id":"https:\/\/lij.ismeduca.com\/es\/#website","url":"https:\/\/lij.ismeduca.com\/es\/","name":"Literatura SM Espa\u00f1a","description":"","publisher":{"@id":"https:\/\/lij.ismeduca.com\/es\/#organization"},"potentialAction":[{"@type":"SearchAction","target":{"@type":"EntryPoint","urlTemplate":"https:\/\/lij.ismeduca.com\/es\/?s={search_term_string}"},"query-input":{"@type":"PropertyValueSpecification","valueRequired":true,"valueName":"search_term_string"}}],"inLanguage":"es"},{"@type":"Organization","@id":"https:\/\/lij.ismeduca.com\/es\/#organization","name":"Literatura SM Espa\u00f1a","url":"https:\/\/lij.ismeduca.com\/es\/","logo":{"@type":"ImageObject","inLanguage":"es","@id":"https:\/\/lij.ismeduca.com\/es\/#\/schema\/logo\/image\/","url":"https:\/\/lij.ismeduca.com\/es\/wp-content\/uploads\/sites\/10\/2024\/07\/logo-cabecera.png","contentUrl":"https:\/\/lij.ismeduca.com\/es\/wp-content\/uploads\/sites\/10\/2024\/07\/logo-cabecera.png","width":396,"height":64,"caption":"Literatura SM Espa\u00f1a"},"image":{"@id":"https:\/\/lij.ismeduca.com\/es\/#\/schema\/logo\/image\/"}}]}},"_links":{"self":[{"href":"https:\/\/lij.ismeduca.com\/es\/wp-json\/wp\/v2\/product\/8068","targetHints":{"allow":["GET"]}}],"collection":[{"href":"https:\/\/lij.ismeduca.com\/es\/wp-json\/wp\/v2\/product"}],"about":[{"href":"https:\/\/lij.ismeduca.com\/es\/wp-json\/wp\/v2\/types\/product"}],"version-history":[{"count":1,"href":"https:\/\/lij.ismeduca.com\/es\/wp-json\/wp\/v2\/product\/8068\/revisions"}],"predecessor-version":[{"id":36943,"href":"https:\/\/lij.ismeduca.com\/es\/wp-json\/wp\/v2\/product\/8068\/revisions\/36943"}],"wp:featuredmedia":[{"embeddable":true,"href":"https:\/\/lij.ismeduca.com\/es\/wp-json\/wp\/v2\/media\/36942"}],"wp:attachment":[{"href":"https:\/\/lij.ismeduca.com\/es\/wp-json\/wp\/v2\/media?parent=8068"}],"wp:term":[{"taxonomy":"product_brand","embeddable":true,"href":"https:\/\/lij.ismeduca.com\/es\/wp-json\/wp\/v2\/product_brand?post=8068"},{"taxonomy":"product_cat","embeddable":true,"href":"https:\/\/lij.ismeduca.com\/es\/wp-json\/wp\/v2\/product_cat?post=8068"},{"taxonomy":"product_tag","embeddable":true,"href":"https:\/\/lij.ismeduca.com\/es\/wp-json\/wp\/v2\/product_tag?post=8068"},{"taxonomy":"asignatura","embeddable":true,"href":"https:\/\/lij.ismeduca.com\/es\/wp-json\/wp\/v2\/asignatura?post=8068"},{"taxonomy":"compania","embeddable":true,"href":"https:\/\/lij.ismeduca.com\/es\/wp-json\/wp\/v2\/compania?post=8068"},{"taxonomy":"curso","embeddable":true,"href":"https:\/\/lij.ismeduca.com\/es\/wp-json\/wp\/v2\/curso?post=8068"},{"taxonomy":"idiomas","embeddable":true,"href":"https:\/\/lij.ismeduca.com\/es\/wp-json\/wp\/v2\/idiomas?post=8068"},{"taxonomy":"genero","embeddable":true,"href":"https:\/\/lij.ismeduca.com\/es\/wp-json\/wp\/v2\/genero?post=8068"},{"taxonomy":"linea","embeddable":true,"href":"https:\/\/lij.ismeduca.com\/es\/wp-json\/wp\/v2\/linea?post=8068"},{"taxonomy":"premio","embeddable":true,"href":"https:\/\/lij.ismeduca.com\/es\/wp-json\/wp\/v2\/premio?post=8068"},{"taxonomy":"proyecto-editorial","embeddable":true,"href":"https:\/\/lij.ismeduca.com\/es\/wp-json\/wp\/v2\/proyecto-editorial?post=8068"},{"taxonomy":"tipo-de-libro","embeddable":true,"href":"https:\/\/lij.ismeduca.com\/es\/wp-json\/wp\/v2\/tipo-de-libro?post=8068"},{"taxonomy":"soporte","embeddable":true,"href":"https:\/\/lij.ismeduca.com\/es\/wp-json\/wp\/v2\/soporte?post=8068"},{"taxonomy":"zona-geografica","embeddable":true,"href":"https:\/\/lij.ismeduca.com\/es\/wp-json\/wp\/v2\/zona-geografica?post=8068"},{"taxonomy":"autores","embeddable":true,"href":"https:\/\/lij.ismeduca.com\/es\/wp-json\/wp\/v2\/autores?post=8068"},{"taxonomy":"colecciones","embeddable":true,"href":"https:\/\/lij.ismeduca.com\/es\/wp-json\/wp\/v2\/colecciones?post=8068"},{"taxonomy":"personajes","embeddable":true,"href":"https:\/\/lij.ismeduca.com\/es\/wp-json\/wp\/v2\/personajes?post=8068"}],"curies":[{"name":"wp","href":"https:\/\/api.w.org\/{rel}","templated":true}]}}