{"id":8069,"date":"2017-04-18T00:00:00","date_gmt":"2024-07-11T11:28:23","guid":{"rendered":"https:\/\/lij.ismeduca.com\/tienda\/?post_type=product&#038;p=8069"},"modified":"2025-12-23T12:42:09","modified_gmt":"2025-12-23T11:42:09","slug":"color-azul-enemigo","status":"publish","type":"product","link":"https:\/\/lij.ismeduca.com\/es\/producto\/color-azul-enemigo\/","title":{"rendered":"Color azul enemigo"},"content":{"rendered":"","protected":false},"excerpt":{"rendered":"<p><P>Un tel&#233;fono m&#243;vil, una guerra interplanetaria, un juego que engancha demasiado, un padre que quiere conquistar el mundo, un portal m&#225;gico que no deja de cambiar de due&#241;o, una ciudad entera llena de sospechosos, un ladr&#243;n de portales que parece invisible&#8230; <br \/><\/P><P>Erika, Manu, Carol y &#193;lex son los detectives de la Lupa. S&#237;, s&#237;, esos, los que tienen un cuartel general con tarta de zanahoria. &#191;Y cu&#225;l es su siguiente caso? &#161;Pues el resistente ladr&#243;n de portales! <br \/><\/P><P>&#191;Est&#225;s listo para investigar? &#161;Pon a punto tu ingenio! Abre los ojos en la oscuridad&#8230; Ning&#250;n caso se le resiste a la pandilla de la Lupa&#8230; &#191;o s&#237;?<\/P><P><\/P><\/p>\n","protected":false},"featured_media":36941,"template":"","meta":{"_acf_changed":false,"inline_featured_image":false},"product_brand":[],"product_cat":[4736],"product_tag":[702,268,1726,352,410,908,311,943,1429,253,981,298,699,2058,811,889,1854,354,315,1054],"asignatura":[],"compania":[252],"curso":[],"idiomas":[1948],"genero":[256],"linea":[250],"premio":[],"proyecto-editorial":[477],"tipo-de-libro":[249],"soporte":[2004],"zona-geografica":[],"autores":[3994,4233,4475],"colecciones":[2307],"personajes":[2087],"class_list":{"0":"post-8069","1":"product","2":"type-product","3":"status-publish","4":"has-post-thumbnail","6":"product_cat-el-barco-de-vapor","7":"product_tag-adicciones","8":"product_tag-amistad","9":"product_tag-competicion","10":"product_tag-deportes","11":"product_tag-detectives","12":"product_tag-escuelas","13":"product_tag-familia","14":"product_tag-hermanos","15":"product_tag-juegos-de-ordenador","16":"product_tag-literatura-de-humor","17":"product_tag-literatura-de-misterio","18":"product_tag-literatura-infantil","19":"product_tag-misterios","20":"product_tag-ntx","21":"product_tag-tecnologia","22":"product_tag-tecnologia-asignatura","23":"product_tag-telefonia-movil","24":"product_tag-trabajo-en-equipo","25":"product_tag-vida-escolar","26":"product_tag-videojuegos","27":"pa_codigo-sap-ntx","28":"compania-f-sta-maria-ediciones-sm-es","29":"idiomas-espanol","30":"genero-humor","31":"linea-narrativa","32":"proyecto-editorial-barco-de-vapor","33":"tipo-de-libro-fisico","34":"soporte-libro","35":"autores-lucia-serrano-guerrero","36":"autores-patricia-garcia-rojo-canton","37":"autores-patrycja-katarzyna-jurkowska","38":"colecciones-el-barco-de-vapor-naranja","39":"personajes-la-pandilla-de-la-lupa","41":"first","42":"instock","43":"taxable","44":"shipping-taxable","45":"purchasable","46":"product-type-simple"},"acf":{"id_catalogo":"650","shortTitle":"BVNPL.2 COLOR AZUL ENEMIGO","descripcion":"<P>Un tel&#233;fono m&#243;vil, una guerra interplanetaria, un juego que engancha demasiado, un padre que quiere conquistar el mundo, un portal m&#225;gico que no deja de cambiar de due&#241;o, una ciudad entera llena de sospechosos, un ladr&#243;n de portales que parece invisible... <br \/><\/P><P>Erika, Manu, Carol y &#193;lex son los detectives de la Lupa. S&#237;, s&#237;, esos, los que tienen un cuartel general con tarta de zanahoria. &#191;Y cu&#225;l es su siguiente caso? &#161;Pues el resistente ladr&#243;n de portales! <br \/><\/P><P>&#191;Est&#225;s listo para investigar? &#161;Pon a punto tu ingenio! Abre los ojos en la oscuridad&#8230; Ning&#250;n caso se le resiste a la pandilla de la Lupa&#8230; &#191;o s&#237;?<\/P><P><\/P>","adjuntos":[{"id":"4","titulo":"Primer cap\u00edtulo \/ Unidad Modelo","url":"https:\/\/catalogo.noe-sm.com\/medias\/ES178676-010599.pdf?context=bWFzdGVyfG1pZ3JhdGlvbnw0MjIzNzl8YXBwbGljYXRpb24vcGRmfG1pZ3JhdGlvbi9oOTgvaGYyLzg4MTk1NjMwNjk0NzAucGRmfDVjOTkzMmI0MjVkMzcxMWE5NjRmYTMyMTY1MTU2MmZlNTcyOTQ0ZWM1MTQ0ODhmMTAyYzU3MmM5N2YzNmRhMjE"},{"id":"20","titulo":"Ficha del alumno","url":"https:\/\/catalogo.noe-sm.com\/medias\/ES178676-011082.pdf?context=bWFzdGVyfG1pZ3JhdGlvbnw2MTA2Njg2fGFwcGxpY2F0aW9uL3BkZnxtaWdyYXRpb24vaDdjL2g1My84ODE5NTgzMDU3OTUwLnBkZnxiZmVlMTBkMGFjYzBlMjY1ZTU2M2Y2ZjQxNjAwOWVjMjA1YWFlMDFkZjc2MTQwOTI3ZjllMjM2MTk5N2ZlNmFk"},{"id":"21","titulo":"Ficha del profesor","url":"https:\/\/catalogo.noe-sm.com\/medias\/ES178676-012455.pdf?context=bWFzdGVyfG1pZ3JhdGlvbnw3NzEyODh8YXBwbGljYXRpb24vcGRmfG1pZ3JhdGlvbi9oNzMvaDc1Lzg4MTk0MDg5Mjg3OTgucGRmfDY4OTA4MzI1OGY3M2E2Mzk0OWJmZTAwYWRhMTcwODE1YmMyNTE5YjE0NWY2MjQ3MTBiN2RhN2FlNzNjNzkzN2E"}],"descriptivePhrases":[{"type":"General","text":"Una nueva aventura de los detectives de la Lupa. S\u00ed, s\u00ed, esos, los que tienen un cuartel general con tarta de zanahoria. \u00bfY cu\u00e1l es su siguiente caso? \u00a1Pues el resistente ladr\u00f3n de portales!"}],"productSap":"NTX","isbn":"9788467591910","precio_colegios":8.85,"precio_librerias":8.85,"precio_librerias_sin_cobertura":8.85,"precio_distribuidores":8.85,"fecha_disponibilidad":null,"fecha_comercial":"20170418","organizacion_venta":"CS01","datos_para_buscador":"Luc\u00eda Serrano Guerrero, La pandilla de la lupa, Patrycja Katarzyna Jurkowska, Patricia Garc\u00eda-Rojo Cant\u00f3n, La pandilla de la lupa, El Barco de Vapor Naranja, "},"yoast_head":"<!-- This site is optimized with the Yoast SEO plugin v26.6 - https:\/\/yoast.com\/wordpress\/plugins\/seo\/ -->\n<title>Color azul enemigo - Literatura SM Espa\u00f1a<\/title>\n<meta name=\"robots\" content=\"noindex, follow, max-snippet:-1, max-image-preview:large, max-video-preview:-1\" \/>\n<meta property=\"og:locale\" content=\"es_ES\" \/>\n<meta property=\"og:type\" content=\"article\" \/>\n<meta property=\"og:title\" content=\"Color azul enemigo - Literatura SM Espa\u00f1a\" \/>\n<meta property=\"og:url\" content=\"https:\/\/lij.ismeduca.com\/es\/producto\/color-azul-enemigo\/\" \/>\n<meta property=\"og:site_name\" content=\"Literatura SM Espa\u00f1a\" \/>\n<meta property=\"article:modified_time\" content=\"2025-12-23T11:42:09+00:00\" \/>\n<meta name=\"twitter:card\" content=\"summary_large_image\" \/>\n<script type=\"application\/ld+json\" class=\"yoast-schema-graph\">{\"@context\":\"https:\/\/schema.org\",\"@graph\":[{\"@type\":\"WebPage\",\"@id\":\"https:\/\/lij.ismeduca.com\/es\/producto\/color-azul-enemigo\/\",\"url\":\"https:\/\/lij.ismeduca.com\/es\/producto\/color-azul-enemigo\/\",\"name\":\"Color azul enemigo - Literatura SM Espa\u00f1a\",\"isPartOf\":{\"@id\":\"https:\/\/lij.ismeduca.com\/es\/#website\"},\"primaryImageOfPage\":{\"@id\":\"https:\/\/lij.ismeduca.com\/es\/producto\/color-azul-enemigo\/#primaryimage\"},\"image\":{\"@id\":\"https:\/\/lij.ismeduca.com\/es\/producto\/color-azul-enemigo\/#primaryimage\"},\"thumbnailUrl\":\"https:\/\/lij.ismeduca.com\/es\/wp-content\/uploads\/sites\/10\/2025\/12\/8069.jpg\",\"datePublished\":\"2024-07-11T11:28:23+00:00\",\"dateModified\":\"2025-12-23T11:42:09+00:00\",\"breadcrumb\":{\"@id\":\"https:\/\/lij.ismeduca.com\/es\/producto\/color-azul-enemigo\/#breadcrumb\"},\"inLanguage\":\"es\",\"potentialAction\":[{\"@type\":\"ReadAction\",\"target\":[\"https:\/\/lij.ismeduca.com\/es\/producto\/color-azul-enemigo\/\"]}]},{\"@type\":\"ImageObject\",\"inLanguage\":\"es\",\"@id\":\"https:\/\/lij.ismeduca.com\/es\/producto\/color-azul-enemigo\/#primaryimage\",\"url\":\"https:\/\/lij.ismeduca.com\/es\/wp-content\/uploads\/sites\/10\/2025\/12\/8069.jpg\",\"contentUrl\":\"https:\/\/lij.ismeduca.com\/es\/wp-content\/uploads\/sites\/10\/2025\/12\/8069.jpg\",\"width\":600,\"height\":952},{\"@type\":\"BreadcrumbList\",\"@id\":\"https:\/\/lij.ismeduca.com\/es\/producto\/color-azul-enemigo\/#breadcrumb\",\"itemListElement\":[{\"@type\":\"ListItem\",\"position\":1,\"name\":\"Portada\",\"item\":\"https:\/\/lij.ismeduca.com\/es\/\"},{\"@type\":\"ListItem\",\"position\":2,\"name\":\"Tienda\",\"item\":\"https:\/\/lij.ismeduca.com\/es\/tienda\/\"},{\"@type\":\"ListItem\",\"position\":3,\"name\":\"Color azul enemigo\"}]},{\"@type\":\"WebSite\",\"@id\":\"https:\/\/lij.ismeduca.com\/es\/#website\",\"url\":\"https:\/\/lij.ismeduca.com\/es\/\",\"name\":\"Literatura SM Espa\u00f1a\",\"description\":\"\",\"publisher\":{\"@id\":\"https:\/\/lij.ismeduca.com\/es\/#organization\"},\"potentialAction\":[{\"@type\":\"SearchAction\",\"target\":{\"@type\":\"EntryPoint\",\"urlTemplate\":\"https:\/\/lij.ismeduca.com\/es\/?s={search_term_string}\"},\"query-input\":{\"@type\":\"PropertyValueSpecification\",\"valueRequired\":true,\"valueName\":\"search_term_string\"}}],\"inLanguage\":\"es\"},{\"@type\":\"Organization\",\"@id\":\"https:\/\/lij.ismeduca.com\/es\/#organization\",\"name\":\"Literatura SM Espa\u00f1a\",\"url\":\"https:\/\/lij.ismeduca.com\/es\/\",\"logo\":{\"@type\":\"ImageObject\",\"inLanguage\":\"es\",\"@id\":\"https:\/\/lij.ismeduca.com\/es\/#\/schema\/logo\/image\/\",\"url\":\"https:\/\/lij.ismeduca.com\/es\/wp-content\/uploads\/sites\/10\/2024\/07\/logo-cabecera.png\",\"contentUrl\":\"https:\/\/lij.ismeduca.com\/es\/wp-content\/uploads\/sites\/10\/2024\/07\/logo-cabecera.png\",\"width\":396,\"height\":64,\"caption\":\"Literatura SM Espa\u00f1a\"},\"image\":{\"@id\":\"https:\/\/lij.ismeduca.com\/es\/#\/schema\/logo\/image\/\"}}]}<\/script>\n<!-- \/ Yoast SEO plugin. -->","yoast_head_json":{"title":"Color azul enemigo - Literatura SM Espa\u00f1a","robots":{"index":"noindex","follow":"follow","max-snippet":"max-snippet:-1","max-image-preview":"max-image-preview:large","max-video-preview":"max-video-preview:-1"},"og_locale":"es_ES","og_type":"article","og_title":"Color azul enemigo - Literatura SM Espa\u00f1a","og_url":"https:\/\/lij.ismeduca.com\/es\/producto\/color-azul-enemigo\/","og_site_name":"Literatura SM Espa\u00f1a","article_modified_time":"2025-12-23T11:42:09+00:00","twitter_card":"summary_large_image","schema":{"@context":"https:\/\/schema.org","@graph":[{"@type":"WebPage","@id":"https:\/\/lij.ismeduca.com\/es\/producto\/color-azul-enemigo\/","url":"https:\/\/lij.ismeduca.com\/es\/producto\/color-azul-enemigo\/","name":"Color azul enemigo - Literatura SM Espa\u00f1a","isPartOf":{"@id":"https:\/\/lij.ismeduca.com\/es\/#website"},"primaryImageOfPage":{"@id":"https:\/\/lij.ismeduca.com\/es\/producto\/color-azul-enemigo\/#primaryimage"},"image":{"@id":"https:\/\/lij.ismeduca.com\/es\/producto\/color-azul-enemigo\/#primaryimage"},"thumbnailUrl":"https:\/\/lij.ismeduca.com\/es\/wp-content\/uploads\/sites\/10\/2025\/12\/8069.jpg","datePublished":"2024-07-11T11:28:23+00:00","dateModified":"2025-12-23T11:42:09+00:00","breadcrumb":{"@id":"https:\/\/lij.ismeduca.com\/es\/producto\/color-azul-enemigo\/#breadcrumb"},"inLanguage":"es","potentialAction":[{"@type":"ReadAction","target":["https:\/\/lij.ismeduca.com\/es\/producto\/color-azul-enemigo\/"]}]},{"@type":"ImageObject","inLanguage":"es","@id":"https:\/\/lij.ismeduca.com\/es\/producto\/color-azul-enemigo\/#primaryimage","url":"https:\/\/lij.ismeduca.com\/es\/wp-content\/uploads\/sites\/10\/2025\/12\/8069.jpg","contentUrl":"https:\/\/lij.ismeduca.com\/es\/wp-content\/uploads\/sites\/10\/2025\/12\/8069.jpg","width":600,"height":952},{"@type":"BreadcrumbList","@id":"https:\/\/lij.ismeduca.com\/es\/producto\/color-azul-enemigo\/#breadcrumb","itemListElement":[{"@type":"ListItem","position":1,"name":"Portada","item":"https:\/\/lij.ismeduca.com\/es\/"},{"@type":"ListItem","position":2,"name":"Tienda","item":"https:\/\/lij.ismeduca.com\/es\/tienda\/"},{"@type":"ListItem","position":3,"name":"Color azul enemigo"}]},{"@type":"WebSite","@id":"https:\/\/lij.ismeduca.com\/es\/#website","url":"https:\/\/lij.ismeduca.com\/es\/","name":"Literatura SM Espa\u00f1a","description":"","publisher":{"@id":"https:\/\/lij.ismeduca.com\/es\/#organization"},"potentialAction":[{"@type":"SearchAction","target":{"@type":"EntryPoint","urlTemplate":"https:\/\/lij.ismeduca.com\/es\/?s={search_term_string}"},"query-input":{"@type":"PropertyValueSpecification","valueRequired":true,"valueName":"search_term_string"}}],"inLanguage":"es"},{"@type":"Organization","@id":"https:\/\/lij.ismeduca.com\/es\/#organization","name":"Literatura SM Espa\u00f1a","url":"https:\/\/lij.ismeduca.com\/es\/","logo":{"@type":"ImageObject","inLanguage":"es","@id":"https:\/\/lij.ismeduca.com\/es\/#\/schema\/logo\/image\/","url":"https:\/\/lij.ismeduca.com\/es\/wp-content\/uploads\/sites\/10\/2024\/07\/logo-cabecera.png","contentUrl":"https:\/\/lij.ismeduca.com\/es\/wp-content\/uploads\/sites\/10\/2024\/07\/logo-cabecera.png","width":396,"height":64,"caption":"Literatura SM Espa\u00f1a"},"image":{"@id":"https:\/\/lij.ismeduca.com\/es\/#\/schema\/logo\/image\/"}}]}},"_links":{"self":[{"href":"https:\/\/lij.ismeduca.com\/es\/wp-json\/wp\/v2\/product\/8069","targetHints":{"allow":["GET"]}}],"collection":[{"href":"https:\/\/lij.ismeduca.com\/es\/wp-json\/wp\/v2\/product"}],"about":[{"href":"https:\/\/lij.ismeduca.com\/es\/wp-json\/wp\/v2\/types\/product"}],"version-history":[{"count":1,"href":"https:\/\/lij.ismeduca.com\/es\/wp-json\/wp\/v2\/product\/8069\/revisions"}],"predecessor-version":[{"id":34251,"href":"https:\/\/lij.ismeduca.com\/es\/wp-json\/wp\/v2\/product\/8069\/revisions\/34251"}],"wp:featuredmedia":[{"embeddable":true,"href":"https:\/\/lij.ismeduca.com\/es\/wp-json\/wp\/v2\/media\/36941"}],"wp:attachment":[{"href":"https:\/\/lij.ismeduca.com\/es\/wp-json\/wp\/v2\/media?parent=8069"}],"wp:term":[{"taxonomy":"product_brand","embeddable":true,"href":"https:\/\/lij.ismeduca.com\/es\/wp-json\/wp\/v2\/product_brand?post=8069"},{"taxonomy":"product_cat","embeddable":true,"href":"https:\/\/lij.ismeduca.com\/es\/wp-json\/wp\/v2\/product_cat?post=8069"},{"taxonomy":"product_tag","embeddable":true,"href":"https:\/\/lij.ismeduca.com\/es\/wp-json\/wp\/v2\/product_tag?post=8069"},{"taxonomy":"asignatura","embeddable":true,"href":"https:\/\/lij.ismeduca.com\/es\/wp-json\/wp\/v2\/asignatura?post=8069"},{"taxonomy":"compania","embeddable":true,"href":"https:\/\/lij.ismeduca.com\/es\/wp-json\/wp\/v2\/compania?post=8069"},{"taxonomy":"curso","embeddable":true,"href":"https:\/\/lij.ismeduca.com\/es\/wp-json\/wp\/v2\/curso?post=8069"},{"taxonomy":"idiomas","embeddable":true,"href":"https:\/\/lij.ismeduca.com\/es\/wp-json\/wp\/v2\/idiomas?post=8069"},{"taxonomy":"genero","embeddable":true,"href":"https:\/\/lij.ismeduca.com\/es\/wp-json\/wp\/v2\/genero?post=8069"},{"taxonomy":"linea","embeddable":true,"href":"https:\/\/lij.ismeduca.com\/es\/wp-json\/wp\/v2\/linea?post=8069"},{"taxonomy":"premio","embeddable":true,"href":"https:\/\/lij.ismeduca.com\/es\/wp-json\/wp\/v2\/premio?post=8069"},{"taxonomy":"proyecto-editorial","embeddable":true,"href":"https:\/\/lij.ismeduca.com\/es\/wp-json\/wp\/v2\/proyecto-editorial?post=8069"},{"taxonomy":"tipo-de-libro","embeddable":true,"href":"https:\/\/lij.ismeduca.com\/es\/wp-json\/wp\/v2\/tipo-de-libro?post=8069"},{"taxonomy":"soporte","embeddable":true,"href":"https:\/\/lij.ismeduca.com\/es\/wp-json\/wp\/v2\/soporte?post=8069"},{"taxonomy":"zona-geografica","embeddable":true,"href":"https:\/\/lij.ismeduca.com\/es\/wp-json\/wp\/v2\/zona-geografica?post=8069"},{"taxonomy":"autores","embeddable":true,"href":"https:\/\/lij.ismeduca.com\/es\/wp-json\/wp\/v2\/autores?post=8069"},{"taxonomy":"colecciones","embeddable":true,"href":"https:\/\/lij.ismeduca.com\/es\/wp-json\/wp\/v2\/colecciones?post=8069"},{"taxonomy":"personajes","embeddable":true,"href":"https:\/\/lij.ismeduca.com\/es\/wp-json\/wp\/v2\/personajes?post=8069"}],"curies":[{"name":"wp","href":"https:\/\/api.w.org\/{rel}","templated":true}]}}