{"id":8070,"date":"2018-05-23T00:00:00","date_gmt":"2024-07-11T11:28:24","guid":{"rendered":"https:\/\/lij.ismeduca.com\/tienda\/?post_type=product&#038;p=8070"},"modified":"2025-12-23T12:45:49","modified_gmt":"2025-12-23T11:45:49","slug":"color-morado-traidor","status":"publish","type":"product","link":"https:\/\/lij.ismeduca.com\/es\/producto\/color-morado-traidor\/","title":{"rendered":"Color morado traidor"},"content":{"rendered":"","protected":false},"excerpt":{"rendered":"<p>Unas vacaciones en el pueblo, una casa que parece del pasado, una detective que siempre se queda sin desayuno, un charco secreto en el r&#237;o, un torneo de duelos de piscina, una luz verde que va del suelo al cielo&#8230; Erika, Manu, Carol y &#193;lex son los detectives de la Lupa. S&#237;, s&#237;, esos, los que forman una cadena de liar croquetas. &#191;Y cu&#225;l es su siguiente caso? &#161;Pues el indignante robo de las porras&#8230; y tambi&#233;n la sospechosa luz del ataque alien&#237;gena (y fantasma)! &#191;Ser&#225;n capaces de resolver dos misterios a la vez? &#191;Est&#225;s listo para investigar? &#161;Pon a punto tu ingenio! Abre los ojos en la oscuridad&#8230; Ning&#250;n caso se le resiste a la pandilla de la Lupa&#8230; &#191;o s&#237;?<\/p>\n","protected":false},"featured_media":36945,"template":"","meta":{"_acf_changed":false,"inline_featured_image":false},"product_brand":[],"product_cat":[4736],"product_tag":[307,268,1404,730,352,410,1205,601,349,899,311,310,943,870,1855,253,981,298,309,699,2058,293,354],"asignatura":[],"compania":[252],"curso":[],"idiomas":[1948],"genero":[256],"linea":[250],"premio":[],"proyecto-editorial":[477],"tipo-de-libro":[249],"soporte":[2004],"zona-geografica":[],"autores":[4396,3994,4233,4475],"colecciones":[2307],"personajes":[2087],"class_list":{"0":"post-8070","1":"product","2":"type-product","3":"status-publish","4":"has-post-thumbnail","6":"product_cat-el-barco-de-vapor","7":"product_tag-abuelos","8":"product_tag-amistad","9":"product_tag-competiciones-deportivas","10":"product_tag-constelaciones","11":"product_tag-deportes","12":"product_tag-detectives","13":"product_tag-diarios","14":"product_tag-educacion-familiar","15":"product_tag-educacion-para-la-igualdad-de-oportunidades","16":"product_tag-extraterrestres","17":"product_tag-familia","18":"product_tag-fantasmas","19":"product_tag-hermanos","20":"product_tag-igualdad","21":"product_tag-juegos-acuaticos","22":"product_tag-literatura-de-humor","23":"product_tag-literatura-de-misterio","24":"product_tag-literatura-infantil","25":"product_tag-miedo","26":"product_tag-misterios","27":"product_tag-ntx","28":"product_tag-relaciones-familiares","29":"product_tag-trabajo-en-equipo","30":"pa_codigo-sap-ntx","31":"compania-f-sta-maria-ediciones-sm-es","32":"idiomas-espanol","33":"genero-humor","34":"linea-narrativa","35":"proyecto-editorial-barco-de-vapor","36":"tipo-de-libro-fisico","37":"soporte-libro","38":"autores-ines-de-la-iglesia-perez","39":"autores-lucia-serrano-guerrero","40":"autores-patricia-garcia-rojo-canton","41":"autores-patrycja-katarzyna-jurkowska","42":"colecciones-el-barco-de-vapor-naranja","43":"personajes-la-pandilla-de-la-lupa","45":"first","46":"instock","47":"taxable","48":"shipping-taxable","49":"purchasable","50":"product-type-simple"},"acf":{"id_catalogo":"650","shortTitle":"BVNPL.4 COLOR MORADO TRAIDOR","descripcion":"Unas vacaciones en el pueblo, una casa que parece del pasado, una detective que siempre se queda sin desayuno, un charco secreto en el r&#237;o, un torneo de duelos de piscina, una luz verde que va del suelo al cielo... Erika, Manu, Carol y &#193;lex son los detectives de la Lupa. S&#237;, s&#237;, esos, los que forman una cadena de liar croquetas. &#191;Y cu&#225;l es su siguiente caso? &#161;Pues el indignante robo de las porras&#8230; y tambi&#233;n la sospechosa luz del ataque alien&#237;gena (y fantasma)! &#191;Ser&#225;n capaces de resolver dos misterios a la vez? &#191;Est&#225;s listo para investigar? &#161;Pon a punto tu ingenio! Abre los ojos en la oscuridad&#8230; Ning&#250;n caso se le resiste a la pandilla de la Lupa&#8230; &#191;o s&#237;?","adjuntos":[{"id":"4","titulo":"Primer cap\u00edtulo \/ Unidad Modelo","url":"https:\/\/catalogo.noe-sm.com\/medias\/ES186156-011591.pdf?context=bWFzdGVyfG1pZ3JhdGlvbnwxNDE1MDY1fGFwcGxpY2F0aW9uL3BkZnxtaWdyYXRpb24vaDZhL2g2MC84ODE5NTQ1NjM2ODk0LnBkZnw4MjkzNzNkZmIxY2ZhOGRjMzM1N2MzMmVhZDhjMTM3YWM1YjljOWI0ZDlkMTVmZjA0YjFmNWFhMzE3MDhkNDZj"}],"descriptivePhrases":[{"type":"General","text":"Una nueva aventura de los detectives de la Lupa. S\u00ed, s\u00ed, esos, los que forman una cadena de liar croquetas. \u00bfY cu\u00e1l es su siguiente caso? Pues el indignante robo de las porras\u2026 y la sospechosa luz del ataque alien\u00edgena (y fantasma)."}],"productSap":"NTX","isbn":"9788491075585","precio_colegios":8.85,"precio_librerias":8.85,"precio_librerias_sin_cobertura":8.85,"precio_distribuidores":8.85,"fecha_disponibilidad":null,"fecha_comercial":"20180523","organizacion_venta":"CS01","datos_para_buscador":"Patrycja Katarzyna Jurkowska, In\u00e9s De la Iglesia P\u00e9rez, Luc\u00eda Serrano Guerrero, La pandilla de la lupa, Patricia Garc\u00eda-Rojo Cant\u00f3n, La pandilla de la lupa, El Barco de Vapor Naranja, "},"yoast_head":"<!-- This site is optimized with the Yoast SEO plugin v26.6 - https:\/\/yoast.com\/wordpress\/plugins\/seo\/ -->\n<title>Color morado traidor - Literatura SM Espa\u00f1a<\/title>\n<meta name=\"robots\" content=\"noindex, follow, max-snippet:-1, max-image-preview:large, max-video-preview:-1\" \/>\n<meta property=\"og:locale\" content=\"es_ES\" \/>\n<meta property=\"og:type\" content=\"article\" \/>\n<meta property=\"og:title\" content=\"Color morado traidor - Literatura SM Espa\u00f1a\" \/>\n<meta property=\"og:url\" content=\"https:\/\/lij.ismeduca.com\/es\/producto\/color-morado-traidor\/\" \/>\n<meta property=\"og:site_name\" content=\"Literatura SM Espa\u00f1a\" \/>\n<meta property=\"article:modified_time\" content=\"2025-12-23T11:45:49+00:00\" \/>\n<meta name=\"twitter:card\" content=\"summary_large_image\" \/>\n<script type=\"application\/ld+json\" class=\"yoast-schema-graph\">{\"@context\":\"https:\/\/schema.org\",\"@graph\":[{\"@type\":\"WebPage\",\"@id\":\"https:\/\/lij.ismeduca.com\/es\/producto\/color-morado-traidor\/\",\"url\":\"https:\/\/lij.ismeduca.com\/es\/producto\/color-morado-traidor\/\",\"name\":\"Color morado traidor - Literatura SM Espa\u00f1a\",\"isPartOf\":{\"@id\":\"https:\/\/lij.ismeduca.com\/es\/#website\"},\"primaryImageOfPage\":{\"@id\":\"https:\/\/lij.ismeduca.com\/es\/producto\/color-morado-traidor\/#primaryimage\"},\"image\":{\"@id\":\"https:\/\/lij.ismeduca.com\/es\/producto\/color-morado-traidor\/#primaryimage\"},\"thumbnailUrl\":\"https:\/\/lij.ismeduca.com\/es\/wp-content\/uploads\/sites\/10\/2025\/12\/8070.jpg\",\"datePublished\":\"2024-07-11T11:28:24+00:00\",\"dateModified\":\"2025-12-23T11:45:49+00:00\",\"breadcrumb\":{\"@id\":\"https:\/\/lij.ismeduca.com\/es\/producto\/color-morado-traidor\/#breadcrumb\"},\"inLanguage\":\"es\",\"potentialAction\":[{\"@type\":\"ReadAction\",\"target\":[\"https:\/\/lij.ismeduca.com\/es\/producto\/color-morado-traidor\/\"]}]},{\"@type\":\"ImageObject\",\"inLanguage\":\"es\",\"@id\":\"https:\/\/lij.ismeduca.com\/es\/producto\/color-morado-traidor\/#primaryimage\",\"url\":\"https:\/\/lij.ismeduca.com\/es\/wp-content\/uploads\/sites\/10\/2025\/12\/8070.jpg\",\"contentUrl\":\"https:\/\/lij.ismeduca.com\/es\/wp-content\/uploads\/sites\/10\/2025\/12\/8070.jpg\",\"width\":600,\"height\":953},{\"@type\":\"BreadcrumbList\",\"@id\":\"https:\/\/lij.ismeduca.com\/es\/producto\/color-morado-traidor\/#breadcrumb\",\"itemListElement\":[{\"@type\":\"ListItem\",\"position\":1,\"name\":\"Portada\",\"item\":\"https:\/\/lij.ismeduca.com\/es\/\"},{\"@type\":\"ListItem\",\"position\":2,\"name\":\"Tienda\",\"item\":\"https:\/\/lij.ismeduca.com\/es\/tienda\/\"},{\"@type\":\"ListItem\",\"position\":3,\"name\":\"Color morado traidor\"}]},{\"@type\":\"WebSite\",\"@id\":\"https:\/\/lij.ismeduca.com\/es\/#website\",\"url\":\"https:\/\/lij.ismeduca.com\/es\/\",\"name\":\"Literatura SM Espa\u00f1a\",\"description\":\"\",\"publisher\":{\"@id\":\"https:\/\/lij.ismeduca.com\/es\/#organization\"},\"potentialAction\":[{\"@type\":\"SearchAction\",\"target\":{\"@type\":\"EntryPoint\",\"urlTemplate\":\"https:\/\/lij.ismeduca.com\/es\/?s={search_term_string}\"},\"query-input\":{\"@type\":\"PropertyValueSpecification\",\"valueRequired\":true,\"valueName\":\"search_term_string\"}}],\"inLanguage\":\"es\"},{\"@type\":\"Organization\",\"@id\":\"https:\/\/lij.ismeduca.com\/es\/#organization\",\"name\":\"Literatura SM Espa\u00f1a\",\"url\":\"https:\/\/lij.ismeduca.com\/es\/\",\"logo\":{\"@type\":\"ImageObject\",\"inLanguage\":\"es\",\"@id\":\"https:\/\/lij.ismeduca.com\/es\/#\/schema\/logo\/image\/\",\"url\":\"https:\/\/lij.ismeduca.com\/es\/wp-content\/uploads\/sites\/10\/2024\/07\/logo-cabecera.png\",\"contentUrl\":\"https:\/\/lij.ismeduca.com\/es\/wp-content\/uploads\/sites\/10\/2024\/07\/logo-cabecera.png\",\"width\":396,\"height\":64,\"caption\":\"Literatura SM Espa\u00f1a\"},\"image\":{\"@id\":\"https:\/\/lij.ismeduca.com\/es\/#\/schema\/logo\/image\/\"}}]}<\/script>\n<!-- \/ Yoast SEO plugin. -->","yoast_head_json":{"title":"Color morado traidor - Literatura SM Espa\u00f1a","robots":{"index":"noindex","follow":"follow","max-snippet":"max-snippet:-1","max-image-preview":"max-image-preview:large","max-video-preview":"max-video-preview:-1"},"og_locale":"es_ES","og_type":"article","og_title":"Color morado traidor - Literatura SM Espa\u00f1a","og_url":"https:\/\/lij.ismeduca.com\/es\/producto\/color-morado-traidor\/","og_site_name":"Literatura SM Espa\u00f1a","article_modified_time":"2025-12-23T11:45:49+00:00","twitter_card":"summary_large_image","schema":{"@context":"https:\/\/schema.org","@graph":[{"@type":"WebPage","@id":"https:\/\/lij.ismeduca.com\/es\/producto\/color-morado-traidor\/","url":"https:\/\/lij.ismeduca.com\/es\/producto\/color-morado-traidor\/","name":"Color morado traidor - Literatura SM Espa\u00f1a","isPartOf":{"@id":"https:\/\/lij.ismeduca.com\/es\/#website"},"primaryImageOfPage":{"@id":"https:\/\/lij.ismeduca.com\/es\/producto\/color-morado-traidor\/#primaryimage"},"image":{"@id":"https:\/\/lij.ismeduca.com\/es\/producto\/color-morado-traidor\/#primaryimage"},"thumbnailUrl":"https:\/\/lij.ismeduca.com\/es\/wp-content\/uploads\/sites\/10\/2025\/12\/8070.jpg","datePublished":"2024-07-11T11:28:24+00:00","dateModified":"2025-12-23T11:45:49+00:00","breadcrumb":{"@id":"https:\/\/lij.ismeduca.com\/es\/producto\/color-morado-traidor\/#breadcrumb"},"inLanguage":"es","potentialAction":[{"@type":"ReadAction","target":["https:\/\/lij.ismeduca.com\/es\/producto\/color-morado-traidor\/"]}]},{"@type":"ImageObject","inLanguage":"es","@id":"https:\/\/lij.ismeduca.com\/es\/producto\/color-morado-traidor\/#primaryimage","url":"https:\/\/lij.ismeduca.com\/es\/wp-content\/uploads\/sites\/10\/2025\/12\/8070.jpg","contentUrl":"https:\/\/lij.ismeduca.com\/es\/wp-content\/uploads\/sites\/10\/2025\/12\/8070.jpg","width":600,"height":953},{"@type":"BreadcrumbList","@id":"https:\/\/lij.ismeduca.com\/es\/producto\/color-morado-traidor\/#breadcrumb","itemListElement":[{"@type":"ListItem","position":1,"name":"Portada","item":"https:\/\/lij.ismeduca.com\/es\/"},{"@type":"ListItem","position":2,"name":"Tienda","item":"https:\/\/lij.ismeduca.com\/es\/tienda\/"},{"@type":"ListItem","position":3,"name":"Color morado traidor"}]},{"@type":"WebSite","@id":"https:\/\/lij.ismeduca.com\/es\/#website","url":"https:\/\/lij.ismeduca.com\/es\/","name":"Literatura SM Espa\u00f1a","description":"","publisher":{"@id":"https:\/\/lij.ismeduca.com\/es\/#organization"},"potentialAction":[{"@type":"SearchAction","target":{"@type":"EntryPoint","urlTemplate":"https:\/\/lij.ismeduca.com\/es\/?s={search_term_string}"},"query-input":{"@type":"PropertyValueSpecification","valueRequired":true,"valueName":"search_term_string"}}],"inLanguage":"es"},{"@type":"Organization","@id":"https:\/\/lij.ismeduca.com\/es\/#organization","name":"Literatura SM Espa\u00f1a","url":"https:\/\/lij.ismeduca.com\/es\/","logo":{"@type":"ImageObject","inLanguage":"es","@id":"https:\/\/lij.ismeduca.com\/es\/#\/schema\/logo\/image\/","url":"https:\/\/lij.ismeduca.com\/es\/wp-content\/uploads\/sites\/10\/2024\/07\/logo-cabecera.png","contentUrl":"https:\/\/lij.ismeduca.com\/es\/wp-content\/uploads\/sites\/10\/2024\/07\/logo-cabecera.png","width":396,"height":64,"caption":"Literatura SM Espa\u00f1a"},"image":{"@id":"https:\/\/lij.ismeduca.com\/es\/#\/schema\/logo\/image\/"}}]}},"_links":{"self":[{"href":"https:\/\/lij.ismeduca.com\/es\/wp-json\/wp\/v2\/product\/8070","targetHints":{"allow":["GET"]}}],"collection":[{"href":"https:\/\/lij.ismeduca.com\/es\/wp-json\/wp\/v2\/product"}],"about":[{"href":"https:\/\/lij.ismeduca.com\/es\/wp-json\/wp\/v2\/types\/product"}],"version-history":[{"count":1,"href":"https:\/\/lij.ismeduca.com\/es\/wp-json\/wp\/v2\/product\/8070\/revisions"}],"predecessor-version":[{"id":34253,"href":"https:\/\/lij.ismeduca.com\/es\/wp-json\/wp\/v2\/product\/8070\/revisions\/34253"}],"wp:featuredmedia":[{"embeddable":true,"href":"https:\/\/lij.ismeduca.com\/es\/wp-json\/wp\/v2\/media\/36945"}],"wp:attachment":[{"href":"https:\/\/lij.ismeduca.com\/es\/wp-json\/wp\/v2\/media?parent=8070"}],"wp:term":[{"taxonomy":"product_brand","embeddable":true,"href":"https:\/\/lij.ismeduca.com\/es\/wp-json\/wp\/v2\/product_brand?post=8070"},{"taxonomy":"product_cat","embeddable":true,"href":"https:\/\/lij.ismeduca.com\/es\/wp-json\/wp\/v2\/product_cat?post=8070"},{"taxonomy":"product_tag","embeddable":true,"href":"https:\/\/lij.ismeduca.com\/es\/wp-json\/wp\/v2\/product_tag?post=8070"},{"taxonomy":"asignatura","embeddable":true,"href":"https:\/\/lij.ismeduca.com\/es\/wp-json\/wp\/v2\/asignatura?post=8070"},{"taxonomy":"compania","embeddable":true,"href":"https:\/\/lij.ismeduca.com\/es\/wp-json\/wp\/v2\/compania?post=8070"},{"taxonomy":"curso","embeddable":true,"href":"https:\/\/lij.ismeduca.com\/es\/wp-json\/wp\/v2\/curso?post=8070"},{"taxonomy":"idiomas","embeddable":true,"href":"https:\/\/lij.ismeduca.com\/es\/wp-json\/wp\/v2\/idiomas?post=8070"},{"taxonomy":"genero","embeddable":true,"href":"https:\/\/lij.ismeduca.com\/es\/wp-json\/wp\/v2\/genero?post=8070"},{"taxonomy":"linea","embeddable":true,"href":"https:\/\/lij.ismeduca.com\/es\/wp-json\/wp\/v2\/linea?post=8070"},{"taxonomy":"premio","embeddable":true,"href":"https:\/\/lij.ismeduca.com\/es\/wp-json\/wp\/v2\/premio?post=8070"},{"taxonomy":"proyecto-editorial","embeddable":true,"href":"https:\/\/lij.ismeduca.com\/es\/wp-json\/wp\/v2\/proyecto-editorial?post=8070"},{"taxonomy":"tipo-de-libro","embeddable":true,"href":"https:\/\/lij.ismeduca.com\/es\/wp-json\/wp\/v2\/tipo-de-libro?post=8070"},{"taxonomy":"soporte","embeddable":true,"href":"https:\/\/lij.ismeduca.com\/es\/wp-json\/wp\/v2\/soporte?post=8070"},{"taxonomy":"zona-geografica","embeddable":true,"href":"https:\/\/lij.ismeduca.com\/es\/wp-json\/wp\/v2\/zona-geografica?post=8070"},{"taxonomy":"autores","embeddable":true,"href":"https:\/\/lij.ismeduca.com\/es\/wp-json\/wp\/v2\/autores?post=8070"},{"taxonomy":"colecciones","embeddable":true,"href":"https:\/\/lij.ismeduca.com\/es\/wp-json\/wp\/v2\/colecciones?post=8070"},{"taxonomy":"personajes","embeddable":true,"href":"https:\/\/lij.ismeduca.com\/es\/wp-json\/wp\/v2\/personajes?post=8070"}],"curies":[{"name":"wp","href":"https:\/\/api.w.org\/{rel}","templated":true}]}}