{"id":8071,"date":"2019-09-19T00:00:00","date_gmt":"2024-07-11T11:28:24","guid":{"rendered":"https:\/\/lij.ismeduca.com\/tienda\/?post_type=product&#038;p=8071"},"modified":"2025-12-23T12:48:48","modified_gmt":"2025-12-23T11:48:48","slug":"color-amarillo-suplantador","status":"publish","type":"product","link":"https:\/\/lij.ismeduca.com\/es\/producto\/color-amarillo-suplantador\/","title":{"rendered":"Color amarillo suplantador"},"content":{"rendered":"","protected":false},"excerpt":{"rendered":"<p>Unos deberes hechos deprisa y mal, una t&iacute;a Cati que ronca, una llamada incriminatoria, un castigo nada merecido, una madre vestida de princesa Leia, una pel&iacute;cula de cine independiente, un suplantador caradura&#8230;<br \/>\nErika, Manu, Carol y &Aacute;lex son los detectives de la Lupa. S&iacute;, s&iacute;, esos, los que cuentan con la ayuda de un perro que se hace fotos en la ba&ntilde;era. &iquest;Y cu&aacute;l es su siguiente caso? &iexcl;Pues el terrible complot del suplantador de identidad!<\/p>\n","protected":false},"featured_media":36944,"template":"","meta":{"_acf_changed":false,"inline_featured_image":false},"product_brand":[],"product_cat":[4736],"product_tag":[268,410,1205,908,311,943,253,981,298,304,699,2058,716,293,315,346],"asignatura":[],"compania":[252],"curso":[],"idiomas":[1948],"genero":[256],"linea":[250],"premio":[],"proyecto-editorial":[477],"tipo-de-libro":[249],"soporte":[2004],"zona-geografica":[],"autores":[4396,3994,4233,4475],"colecciones":[2307],"personajes":[2087],"class_list":{"0":"post-8071","1":"product","2":"type-product","3":"status-publish","4":"has-post-thumbnail","6":"product_cat-el-barco-de-vapor","7":"product_tag-amistad","8":"product_tag-detectives","9":"product_tag-diarios","10":"product_tag-escuelas","11":"product_tag-familia","12":"product_tag-hermanos","13":"product_tag-literatura-de-humor","14":"product_tag-literatura-de-misterio","15":"product_tag-literatura-infantil","16":"product_tag-mascotas","17":"product_tag-misterios","18":"product_tag-ntx","19":"product_tag-perros","20":"product_tag-relaciones-familiares","21":"product_tag-vida-escolar","22":"product_tag-vida-familiar","23":"pa_codigo-sap-ntx","24":"compania-f-sta-maria-ediciones-sm-es","25":"idiomas-espanol","26":"genero-humor","27":"linea-narrativa","28":"proyecto-editorial-barco-de-vapor","29":"tipo-de-libro-fisico","30":"soporte-libro","31":"autores-ines-de-la-iglesia-perez","32":"autores-lucia-serrano-guerrero","33":"autores-patricia-garcia-rojo-canton","34":"autores-patrycja-katarzyna-jurkowska","35":"colecciones-el-barco-de-vapor-naranja","36":"personajes-la-pandilla-de-la-lupa","38":"first","39":"instock","40":"taxable","41":"shipping-taxable","42":"purchasable","43":"product-type-simple"},"acf":{"id_catalogo":"650","shortTitle":"BVNPL.5 COLOR AMARILLO SUPLANTADOR","descripcion":"<p>Unos deberes hechos deprisa y mal, una t&iacute;a Cati que ronca, una llamada incriminatoria, un castigo nada merecido, una madre vestida de princesa Leia, una pel&iacute;cula de cine independiente, un suplantador caradura...<br \/>\nErika, Manu, Carol y &Aacute;lex son los detectives de la Lupa. S&iacute;, s&iacute;, esos, los que cuentan con la ayuda de un perro que se hace fotos en la ba&ntilde;era. &iquest;Y cu&aacute;l es su siguiente caso? &iexcl;Pues el terrible complot del suplantador de identidad!<\/p>\n","adjuntos":null,"descriptivePhrases":[{"type":"General","text":"Una nueva aventura de los detectives de la Lupa. S\u00ed, s\u00ed, esos, los que cuentan con la ayuda de un perro que se hace fotos en la ducha. \u00bfY cu\u00e1l es su siguiente caso? \u00a1Pues el robo del terrible complot!"}],"productSap":"NTX","isbn":"9788491825562","precio_colegios":8.85,"precio_librerias":8.85,"precio_librerias_sin_cobertura":8.85,"precio_distribuidores":8.85,"fecha_disponibilidad":null,"fecha_comercial":"20190919","organizacion_venta":"CS01","datos_para_buscador":"La pandilla de la lupa, Patrycja Katarzyna Jurkowska, Luc\u00eda Serrano Guerrero, In\u00e9s De la Iglesia P\u00e9rez, Patricia Garc\u00eda-Rojo Cant\u00f3n, La pandilla de la lupa, El Barco de Vapor Naranja, "},"yoast_head":"<!-- This site is optimized with the Yoast SEO plugin v26.6 - https:\/\/yoast.com\/wordpress\/plugins\/seo\/ -->\n<title>Color amarillo suplantador - Literatura SM Espa\u00f1a<\/title>\n<meta name=\"robots\" content=\"noindex, follow, max-snippet:-1, max-image-preview:large, max-video-preview:-1\" \/>\n<meta property=\"og:locale\" content=\"es_ES\" \/>\n<meta property=\"og:type\" content=\"article\" \/>\n<meta property=\"og:title\" content=\"Color amarillo suplantador - Literatura SM Espa\u00f1a\" \/>\n<meta property=\"og:url\" content=\"https:\/\/lij.ismeduca.com\/es\/producto\/color-amarillo-suplantador\/\" \/>\n<meta property=\"og:site_name\" content=\"Literatura SM Espa\u00f1a\" \/>\n<meta property=\"article:modified_time\" content=\"2025-12-23T11:48:48+00:00\" \/>\n<meta name=\"twitter:card\" content=\"summary_large_image\" \/>\n<script type=\"application\/ld+json\" class=\"yoast-schema-graph\">{\"@context\":\"https:\/\/schema.org\",\"@graph\":[{\"@type\":\"WebPage\",\"@id\":\"https:\/\/lij.ismeduca.com\/es\/producto\/color-amarillo-suplantador\/\",\"url\":\"https:\/\/lij.ismeduca.com\/es\/producto\/color-amarillo-suplantador\/\",\"name\":\"Color amarillo suplantador - Literatura SM Espa\u00f1a\",\"isPartOf\":{\"@id\":\"https:\/\/lij.ismeduca.com\/es\/#website\"},\"primaryImageOfPage\":{\"@id\":\"https:\/\/lij.ismeduca.com\/es\/producto\/color-amarillo-suplantador\/#primaryimage\"},\"image\":{\"@id\":\"https:\/\/lij.ismeduca.com\/es\/producto\/color-amarillo-suplantador\/#primaryimage\"},\"thumbnailUrl\":\"https:\/\/lij.ismeduca.com\/es\/wp-content\/uploads\/sites\/10\/2025\/12\/8071.jpg\",\"datePublished\":\"2024-07-11T11:28:24+00:00\",\"dateModified\":\"2025-12-23T11:48:48+00:00\",\"breadcrumb\":{\"@id\":\"https:\/\/lij.ismeduca.com\/es\/producto\/color-amarillo-suplantador\/#breadcrumb\"},\"inLanguage\":\"es\",\"potentialAction\":[{\"@type\":\"ReadAction\",\"target\":[\"https:\/\/lij.ismeduca.com\/es\/producto\/color-amarillo-suplantador\/\"]}]},{\"@type\":\"ImageObject\",\"inLanguage\":\"es\",\"@id\":\"https:\/\/lij.ismeduca.com\/es\/producto\/color-amarillo-suplantador\/#primaryimage\",\"url\":\"https:\/\/lij.ismeduca.com\/es\/wp-content\/uploads\/sites\/10\/2025\/12\/8071.jpg\",\"contentUrl\":\"https:\/\/lij.ismeduca.com\/es\/wp-content\/uploads\/sites\/10\/2025\/12\/8071.jpg\",\"width\":600,\"height\":952},{\"@type\":\"BreadcrumbList\",\"@id\":\"https:\/\/lij.ismeduca.com\/es\/producto\/color-amarillo-suplantador\/#breadcrumb\",\"itemListElement\":[{\"@type\":\"ListItem\",\"position\":1,\"name\":\"Portada\",\"item\":\"https:\/\/lij.ismeduca.com\/es\/\"},{\"@type\":\"ListItem\",\"position\":2,\"name\":\"Tienda\",\"item\":\"https:\/\/lij.ismeduca.com\/es\/tienda\/\"},{\"@type\":\"ListItem\",\"position\":3,\"name\":\"Color amarillo suplantador\"}]},{\"@type\":\"WebSite\",\"@id\":\"https:\/\/lij.ismeduca.com\/es\/#website\",\"url\":\"https:\/\/lij.ismeduca.com\/es\/\",\"name\":\"Literatura SM Espa\u00f1a\",\"description\":\"\",\"publisher\":{\"@id\":\"https:\/\/lij.ismeduca.com\/es\/#organization\"},\"potentialAction\":[{\"@type\":\"SearchAction\",\"target\":{\"@type\":\"EntryPoint\",\"urlTemplate\":\"https:\/\/lij.ismeduca.com\/es\/?s={search_term_string}\"},\"query-input\":{\"@type\":\"PropertyValueSpecification\",\"valueRequired\":true,\"valueName\":\"search_term_string\"}}],\"inLanguage\":\"es\"},{\"@type\":\"Organization\",\"@id\":\"https:\/\/lij.ismeduca.com\/es\/#organization\",\"name\":\"Literatura SM Espa\u00f1a\",\"url\":\"https:\/\/lij.ismeduca.com\/es\/\",\"logo\":{\"@type\":\"ImageObject\",\"inLanguage\":\"es\",\"@id\":\"https:\/\/lij.ismeduca.com\/es\/#\/schema\/logo\/image\/\",\"url\":\"https:\/\/lij.ismeduca.com\/es\/wp-content\/uploads\/sites\/10\/2024\/07\/logo-cabecera.png\",\"contentUrl\":\"https:\/\/lij.ismeduca.com\/es\/wp-content\/uploads\/sites\/10\/2024\/07\/logo-cabecera.png\",\"width\":396,\"height\":64,\"caption\":\"Literatura SM Espa\u00f1a\"},\"image\":{\"@id\":\"https:\/\/lij.ismeduca.com\/es\/#\/schema\/logo\/image\/\"}}]}<\/script>\n<!-- \/ Yoast SEO plugin. -->","yoast_head_json":{"title":"Color amarillo suplantador - Literatura SM Espa\u00f1a","robots":{"index":"noindex","follow":"follow","max-snippet":"max-snippet:-1","max-image-preview":"max-image-preview:large","max-video-preview":"max-video-preview:-1"},"og_locale":"es_ES","og_type":"article","og_title":"Color amarillo suplantador - Literatura SM Espa\u00f1a","og_url":"https:\/\/lij.ismeduca.com\/es\/producto\/color-amarillo-suplantador\/","og_site_name":"Literatura SM Espa\u00f1a","article_modified_time":"2025-12-23T11:48:48+00:00","twitter_card":"summary_large_image","schema":{"@context":"https:\/\/schema.org","@graph":[{"@type":"WebPage","@id":"https:\/\/lij.ismeduca.com\/es\/producto\/color-amarillo-suplantador\/","url":"https:\/\/lij.ismeduca.com\/es\/producto\/color-amarillo-suplantador\/","name":"Color amarillo suplantador - Literatura SM Espa\u00f1a","isPartOf":{"@id":"https:\/\/lij.ismeduca.com\/es\/#website"},"primaryImageOfPage":{"@id":"https:\/\/lij.ismeduca.com\/es\/producto\/color-amarillo-suplantador\/#primaryimage"},"image":{"@id":"https:\/\/lij.ismeduca.com\/es\/producto\/color-amarillo-suplantador\/#primaryimage"},"thumbnailUrl":"https:\/\/lij.ismeduca.com\/es\/wp-content\/uploads\/sites\/10\/2025\/12\/8071.jpg","datePublished":"2024-07-11T11:28:24+00:00","dateModified":"2025-12-23T11:48:48+00:00","breadcrumb":{"@id":"https:\/\/lij.ismeduca.com\/es\/producto\/color-amarillo-suplantador\/#breadcrumb"},"inLanguage":"es","potentialAction":[{"@type":"ReadAction","target":["https:\/\/lij.ismeduca.com\/es\/producto\/color-amarillo-suplantador\/"]}]},{"@type":"ImageObject","inLanguage":"es","@id":"https:\/\/lij.ismeduca.com\/es\/producto\/color-amarillo-suplantador\/#primaryimage","url":"https:\/\/lij.ismeduca.com\/es\/wp-content\/uploads\/sites\/10\/2025\/12\/8071.jpg","contentUrl":"https:\/\/lij.ismeduca.com\/es\/wp-content\/uploads\/sites\/10\/2025\/12\/8071.jpg","width":600,"height":952},{"@type":"BreadcrumbList","@id":"https:\/\/lij.ismeduca.com\/es\/producto\/color-amarillo-suplantador\/#breadcrumb","itemListElement":[{"@type":"ListItem","position":1,"name":"Portada","item":"https:\/\/lij.ismeduca.com\/es\/"},{"@type":"ListItem","position":2,"name":"Tienda","item":"https:\/\/lij.ismeduca.com\/es\/tienda\/"},{"@type":"ListItem","position":3,"name":"Color amarillo suplantador"}]},{"@type":"WebSite","@id":"https:\/\/lij.ismeduca.com\/es\/#website","url":"https:\/\/lij.ismeduca.com\/es\/","name":"Literatura SM Espa\u00f1a","description":"","publisher":{"@id":"https:\/\/lij.ismeduca.com\/es\/#organization"},"potentialAction":[{"@type":"SearchAction","target":{"@type":"EntryPoint","urlTemplate":"https:\/\/lij.ismeduca.com\/es\/?s={search_term_string}"},"query-input":{"@type":"PropertyValueSpecification","valueRequired":true,"valueName":"search_term_string"}}],"inLanguage":"es"},{"@type":"Organization","@id":"https:\/\/lij.ismeduca.com\/es\/#organization","name":"Literatura SM Espa\u00f1a","url":"https:\/\/lij.ismeduca.com\/es\/","logo":{"@type":"ImageObject","inLanguage":"es","@id":"https:\/\/lij.ismeduca.com\/es\/#\/schema\/logo\/image\/","url":"https:\/\/lij.ismeduca.com\/es\/wp-content\/uploads\/sites\/10\/2024\/07\/logo-cabecera.png","contentUrl":"https:\/\/lij.ismeduca.com\/es\/wp-content\/uploads\/sites\/10\/2024\/07\/logo-cabecera.png","width":396,"height":64,"caption":"Literatura SM Espa\u00f1a"},"image":{"@id":"https:\/\/lij.ismeduca.com\/es\/#\/schema\/logo\/image\/"}}]}},"_links":{"self":[{"href":"https:\/\/lij.ismeduca.com\/es\/wp-json\/wp\/v2\/product\/8071","targetHints":{"allow":["GET"]}}],"collection":[{"href":"https:\/\/lij.ismeduca.com\/es\/wp-json\/wp\/v2\/product"}],"about":[{"href":"https:\/\/lij.ismeduca.com\/es\/wp-json\/wp\/v2\/types\/product"}],"version-history":[{"count":1,"href":"https:\/\/lij.ismeduca.com\/es\/wp-json\/wp\/v2\/product\/8071\/revisions"}],"predecessor-version":[{"id":34255,"href":"https:\/\/lij.ismeduca.com\/es\/wp-json\/wp\/v2\/product\/8071\/revisions\/34255"}],"wp:featuredmedia":[{"embeddable":true,"href":"https:\/\/lij.ismeduca.com\/es\/wp-json\/wp\/v2\/media\/36944"}],"wp:attachment":[{"href":"https:\/\/lij.ismeduca.com\/es\/wp-json\/wp\/v2\/media?parent=8071"}],"wp:term":[{"taxonomy":"product_brand","embeddable":true,"href":"https:\/\/lij.ismeduca.com\/es\/wp-json\/wp\/v2\/product_brand?post=8071"},{"taxonomy":"product_cat","embeddable":true,"href":"https:\/\/lij.ismeduca.com\/es\/wp-json\/wp\/v2\/product_cat?post=8071"},{"taxonomy":"product_tag","embeddable":true,"href":"https:\/\/lij.ismeduca.com\/es\/wp-json\/wp\/v2\/product_tag?post=8071"},{"taxonomy":"asignatura","embeddable":true,"href":"https:\/\/lij.ismeduca.com\/es\/wp-json\/wp\/v2\/asignatura?post=8071"},{"taxonomy":"compania","embeddable":true,"href":"https:\/\/lij.ismeduca.com\/es\/wp-json\/wp\/v2\/compania?post=8071"},{"taxonomy":"curso","embeddable":true,"href":"https:\/\/lij.ismeduca.com\/es\/wp-json\/wp\/v2\/curso?post=8071"},{"taxonomy":"idiomas","embeddable":true,"href":"https:\/\/lij.ismeduca.com\/es\/wp-json\/wp\/v2\/idiomas?post=8071"},{"taxonomy":"genero","embeddable":true,"href":"https:\/\/lij.ismeduca.com\/es\/wp-json\/wp\/v2\/genero?post=8071"},{"taxonomy":"linea","embeddable":true,"href":"https:\/\/lij.ismeduca.com\/es\/wp-json\/wp\/v2\/linea?post=8071"},{"taxonomy":"premio","embeddable":true,"href":"https:\/\/lij.ismeduca.com\/es\/wp-json\/wp\/v2\/premio?post=8071"},{"taxonomy":"proyecto-editorial","embeddable":true,"href":"https:\/\/lij.ismeduca.com\/es\/wp-json\/wp\/v2\/proyecto-editorial?post=8071"},{"taxonomy":"tipo-de-libro","embeddable":true,"href":"https:\/\/lij.ismeduca.com\/es\/wp-json\/wp\/v2\/tipo-de-libro?post=8071"},{"taxonomy":"soporte","embeddable":true,"href":"https:\/\/lij.ismeduca.com\/es\/wp-json\/wp\/v2\/soporte?post=8071"},{"taxonomy":"zona-geografica","embeddable":true,"href":"https:\/\/lij.ismeduca.com\/es\/wp-json\/wp\/v2\/zona-geografica?post=8071"},{"taxonomy":"autores","embeddable":true,"href":"https:\/\/lij.ismeduca.com\/es\/wp-json\/wp\/v2\/autores?post=8071"},{"taxonomy":"colecciones","embeddable":true,"href":"https:\/\/lij.ismeduca.com\/es\/wp-json\/wp\/v2\/colecciones?post=8071"},{"taxonomy":"personajes","embeddable":true,"href":"https:\/\/lij.ismeduca.com\/es\/wp-json\/wp\/v2\/personajes?post=8071"}],"curies":[{"name":"wp","href":"https:\/\/api.w.org\/{rel}","templated":true}]}}