{"id":8248,"date":"2019-03-07T00:00:00","date_gmt":"2024-07-11T11:33:24","guid":{"rendered":"https:\/\/lij.ismeduca.com\/tienda\/?post_type=product&#038;p=8248"},"modified":"2025-12-23T12:47:59","modified_gmt":"2025-12-23T11:47:59","slug":"cosins-1-la-casa-embruixada","status":"publish","type":"product","link":"https:\/\/lij.ismeduca.com\/es\/producto\/cosins-1-la-casa-embruixada\/","title":{"rendered":"Cosins 1. La casa embruixada"},"content":{"rendered":"","protected":false},"excerpt":{"rendered":"<p><P>La Nat&#224;lia, la Ver&#242;nica, el Javi, el Pablo i el Diego s&#243;n cosins i els encanten els misteris. Sempre busquen aventures! Quan descobreixen que a la casa abandonada que hi ha prop de la seva finca hi passen coses inexplicables, tots es posen a investigar-ho de seguida. Descobriran hist&#242;ries secretes dels vilatans del poble i s&#8217;adonaran que, en un poble, hi pot passar de tot.Viu les aventures dels detectius m&#233;s agosarats: els Cosins, S.A.<\/P><P><\/P><\/p>\n","protected":false},"featured_media":36516,"template":"","meta":{"_acf_changed":false,"inline_featured_image":false},"product_brand":[],"product_cat":[4735],"product_tag":[268,410,311,310,297,981,374,2058],"asignatura":[],"compania":[258],"curso":[],"idiomas":[1951],"genero":[],"linea":[250],"premio":[],"proyecto-editorial":[323],"tipo-de-libro":[249],"soporte":[2004],"zona-geografica":[],"autores":[4014,4387,4289],"colecciones":[2301],"personajes":[2121],"class_list":{"0":"post-8248","1":"product","2":"type-product","3":"status-publish","4":"has-post-thumbnail","6":"product_cat-primos-s-a","7":"product_tag-amistad","8":"product_tag-detectives","9":"product_tag-familia","10":"product_tag-fantasmas","11":"product_tag-literatura-de-aventuras","12":"product_tag-literatura-de-misterio","13":"product_tag-naturaleza","14":"product_tag-ntx","15":"pa_codigo-sap-ntx","16":"compania-editorial-cruilla-s-a-es","17":"idiomas-catalan","18":"linea-narrativa","19":"proyecto-editorial-6-12","20":"tipo-de-libro-fisico","21":"soporte-libro","22":"autores-claudia-ranucci","23":"autores-josep-sampere-i-marti","24":"autores-maria-menendez-ponte","25":"colecciones-cosins-s-a","26":"personajes-primos-s-a","28":"first","29":"instock","30":"taxable","31":"shipping-taxable","32":"purchasable","33":"product-type-simple"},"acf":{"id_catalogo":"650","shortTitle":"C-C.1 LA CASA EMBRUIXADA","descripcion":"<P>La Nat&#224;lia, la Ver&#242;nica, el Javi, el Pablo i el Diego s&#243;n cosins i els encanten els misteris. Sempre busquen aventures! Quan descobreixen que a la casa abandonada que hi ha prop de la seva finca hi passen coses inexplicables, tots es posen a investigar-ho de seguida. Descobriran hist&#242;ries secretes dels vilatans del poble i s'adonaran que, en un poble, hi pot passar de tot.Viu les aventures dels detectius m&#233;s agosarats: els Cosins, S.A.<\/P><P><\/P>","adjuntos":[{"id":"4","titulo":"Primer cap\u00edtulo \/ Unidad Modelo","url":"https:\/\/catalogo.noe-sm.com\/medias\/ES192338-012243.A-1r-cap-tol.pdf?context=bWFzdGVyfG1pZ3JhdGlvbnwxNTE2NzA0fGFwcGxpY2F0aW9uL3BkZnxtaWdyYXRpb24vaDYxL2hiOC84ODE5NDcxNTgxMjE0LnBkZnwxZjA1MTY3NDY4OGM5YjI3OTkwMWNhOWViNTI3OTk5MWU1NjNlMDc2NTllYTg3ZjIzNzg0MDgzMjQ4ZjQ0Yzkw"},{"id":"12","titulo":"Web","url":"https:\/\/www.ivoox.com\/cafe-literari-pgm-96-16-05-2019-audios-mp3_rf_35918554_1.html"},{"id":"12","titulo":"Web","url":"https:\/\/www.nuvol.com\/llibres\/llibres-infantils-i-juvenils-per-aquest-sant-jordi-59989"}],"descriptivePhrases":[{"type":"General","text":"Viu les aventures dels detectius m\u00e9s agosarats de tots: els Cosins, S.A."}],"productSap":"NTX","isbn":"9788466145909","precio_colegios":12.45,"precio_librerias":12.45,"precio_librerias_sin_cobertura":12.45,"precio_distribuidores":12.45,"fecha_disponibilidad":null,"fecha_comercial":"20190307","organizacion_venta":"CS01","datos_para_buscador":"Josep Sampere i Mart\u00ed, Claudia Ranucci, Primos S.A., Mar\u00eda Men\u00e9ndez-Ponte, Primos S.A., Cosins, S.A., "},"yoast_head":"<!-- This site is optimized with the Yoast SEO plugin v26.6 - https:\/\/yoast.com\/wordpress\/plugins\/seo\/ -->\n<title>Cosins 1. La casa embruixada - Literatura SM Espa\u00f1a<\/title>\n<meta name=\"robots\" content=\"noindex, follow, max-snippet:-1, max-image-preview:large, max-video-preview:-1\" \/>\n<meta property=\"og:locale\" content=\"es_ES\" \/>\n<meta property=\"og:type\" content=\"article\" \/>\n<meta property=\"og:title\" content=\"Cosins 1. La casa embruixada - Literatura SM Espa\u00f1a\" \/>\n<meta property=\"og:url\" content=\"https:\/\/lij.ismeduca.com\/es\/producto\/cosins-1-la-casa-embruixada\/\" \/>\n<meta property=\"og:site_name\" content=\"Literatura SM Espa\u00f1a\" \/>\n<meta property=\"article:modified_time\" content=\"2025-12-23T11:47:59+00:00\" \/>\n<meta name=\"twitter:card\" content=\"summary_large_image\" \/>\n<script type=\"application\/ld+json\" class=\"yoast-schema-graph\">{\"@context\":\"https:\/\/schema.org\",\"@graph\":[{\"@type\":\"WebPage\",\"@id\":\"https:\/\/lij.ismeduca.com\/es\/producto\/cosins-1-la-casa-embruixada\/\",\"url\":\"https:\/\/lij.ismeduca.com\/es\/producto\/cosins-1-la-casa-embruixada\/\",\"name\":\"Cosins 1. La casa embruixada - Literatura SM Espa\u00f1a\",\"isPartOf\":{\"@id\":\"https:\/\/lij.ismeduca.com\/es\/#website\"},\"primaryImageOfPage\":{\"@id\":\"https:\/\/lij.ismeduca.com\/es\/producto\/cosins-1-la-casa-embruixada\/#primaryimage\"},\"image\":{\"@id\":\"https:\/\/lij.ismeduca.com\/es\/producto\/cosins-1-la-casa-embruixada\/#primaryimage\"},\"thumbnailUrl\":\"https:\/\/lij.ismeduca.com\/es\/wp-content\/uploads\/sites\/10\/2025\/12\/8248.jpg\",\"datePublished\":\"2024-07-11T11:33:24+00:00\",\"dateModified\":\"2025-12-23T11:47:59+00:00\",\"breadcrumb\":{\"@id\":\"https:\/\/lij.ismeduca.com\/es\/producto\/cosins-1-la-casa-embruixada\/#breadcrumb\"},\"inLanguage\":\"es\",\"potentialAction\":[{\"@type\":\"ReadAction\",\"target\":[\"https:\/\/lij.ismeduca.com\/es\/producto\/cosins-1-la-casa-embruixada\/\"]}]},{\"@type\":\"ImageObject\",\"inLanguage\":\"es\",\"@id\":\"https:\/\/lij.ismeduca.com\/es\/producto\/cosins-1-la-casa-embruixada\/#primaryimage\",\"url\":\"https:\/\/lij.ismeduca.com\/es\/wp-content\/uploads\/sites\/10\/2025\/12\/8248.jpg\",\"contentUrl\":\"https:\/\/lij.ismeduca.com\/es\/wp-content\/uploads\/sites\/10\/2025\/12\/8248.jpg\",\"width\":600,\"height\":829},{\"@type\":\"BreadcrumbList\",\"@id\":\"https:\/\/lij.ismeduca.com\/es\/producto\/cosins-1-la-casa-embruixada\/#breadcrumb\",\"itemListElement\":[{\"@type\":\"ListItem\",\"position\":1,\"name\":\"Portada\",\"item\":\"https:\/\/lij.ismeduca.com\/es\/\"},{\"@type\":\"ListItem\",\"position\":2,\"name\":\"Tienda\",\"item\":\"https:\/\/lij.ismeduca.com\/es\/tienda\/\"},{\"@type\":\"ListItem\",\"position\":3,\"name\":\"Cosins 1. La casa embruixada\"}]},{\"@type\":\"WebSite\",\"@id\":\"https:\/\/lij.ismeduca.com\/es\/#website\",\"url\":\"https:\/\/lij.ismeduca.com\/es\/\",\"name\":\"Literatura SM Espa\u00f1a\",\"description\":\"\",\"publisher\":{\"@id\":\"https:\/\/lij.ismeduca.com\/es\/#organization\"},\"potentialAction\":[{\"@type\":\"SearchAction\",\"target\":{\"@type\":\"EntryPoint\",\"urlTemplate\":\"https:\/\/lij.ismeduca.com\/es\/?s={search_term_string}\"},\"query-input\":{\"@type\":\"PropertyValueSpecification\",\"valueRequired\":true,\"valueName\":\"search_term_string\"}}],\"inLanguage\":\"es\"},{\"@type\":\"Organization\",\"@id\":\"https:\/\/lij.ismeduca.com\/es\/#organization\",\"name\":\"Literatura SM Espa\u00f1a\",\"url\":\"https:\/\/lij.ismeduca.com\/es\/\",\"logo\":{\"@type\":\"ImageObject\",\"inLanguage\":\"es\",\"@id\":\"https:\/\/lij.ismeduca.com\/es\/#\/schema\/logo\/image\/\",\"url\":\"https:\/\/lij.ismeduca.com\/es\/wp-content\/uploads\/sites\/10\/2024\/07\/logo-cabecera.png\",\"contentUrl\":\"https:\/\/lij.ismeduca.com\/es\/wp-content\/uploads\/sites\/10\/2024\/07\/logo-cabecera.png\",\"width\":396,\"height\":64,\"caption\":\"Literatura SM Espa\u00f1a\"},\"image\":{\"@id\":\"https:\/\/lij.ismeduca.com\/es\/#\/schema\/logo\/image\/\"}}]}<\/script>\n<!-- \/ Yoast SEO plugin. -->","yoast_head_json":{"title":"Cosins 1. La casa embruixada - Literatura SM Espa\u00f1a","robots":{"index":"noindex","follow":"follow","max-snippet":"max-snippet:-1","max-image-preview":"max-image-preview:large","max-video-preview":"max-video-preview:-1"},"og_locale":"es_ES","og_type":"article","og_title":"Cosins 1. La casa embruixada - Literatura SM Espa\u00f1a","og_url":"https:\/\/lij.ismeduca.com\/es\/producto\/cosins-1-la-casa-embruixada\/","og_site_name":"Literatura SM Espa\u00f1a","article_modified_time":"2025-12-23T11:47:59+00:00","twitter_card":"summary_large_image","schema":{"@context":"https:\/\/schema.org","@graph":[{"@type":"WebPage","@id":"https:\/\/lij.ismeduca.com\/es\/producto\/cosins-1-la-casa-embruixada\/","url":"https:\/\/lij.ismeduca.com\/es\/producto\/cosins-1-la-casa-embruixada\/","name":"Cosins 1. La casa embruixada - Literatura SM Espa\u00f1a","isPartOf":{"@id":"https:\/\/lij.ismeduca.com\/es\/#website"},"primaryImageOfPage":{"@id":"https:\/\/lij.ismeduca.com\/es\/producto\/cosins-1-la-casa-embruixada\/#primaryimage"},"image":{"@id":"https:\/\/lij.ismeduca.com\/es\/producto\/cosins-1-la-casa-embruixada\/#primaryimage"},"thumbnailUrl":"https:\/\/lij.ismeduca.com\/es\/wp-content\/uploads\/sites\/10\/2025\/12\/8248.jpg","datePublished":"2024-07-11T11:33:24+00:00","dateModified":"2025-12-23T11:47:59+00:00","breadcrumb":{"@id":"https:\/\/lij.ismeduca.com\/es\/producto\/cosins-1-la-casa-embruixada\/#breadcrumb"},"inLanguage":"es","potentialAction":[{"@type":"ReadAction","target":["https:\/\/lij.ismeduca.com\/es\/producto\/cosins-1-la-casa-embruixada\/"]}]},{"@type":"ImageObject","inLanguage":"es","@id":"https:\/\/lij.ismeduca.com\/es\/producto\/cosins-1-la-casa-embruixada\/#primaryimage","url":"https:\/\/lij.ismeduca.com\/es\/wp-content\/uploads\/sites\/10\/2025\/12\/8248.jpg","contentUrl":"https:\/\/lij.ismeduca.com\/es\/wp-content\/uploads\/sites\/10\/2025\/12\/8248.jpg","width":600,"height":829},{"@type":"BreadcrumbList","@id":"https:\/\/lij.ismeduca.com\/es\/producto\/cosins-1-la-casa-embruixada\/#breadcrumb","itemListElement":[{"@type":"ListItem","position":1,"name":"Portada","item":"https:\/\/lij.ismeduca.com\/es\/"},{"@type":"ListItem","position":2,"name":"Tienda","item":"https:\/\/lij.ismeduca.com\/es\/tienda\/"},{"@type":"ListItem","position":3,"name":"Cosins 1. La casa embruixada"}]},{"@type":"WebSite","@id":"https:\/\/lij.ismeduca.com\/es\/#website","url":"https:\/\/lij.ismeduca.com\/es\/","name":"Literatura SM Espa\u00f1a","description":"","publisher":{"@id":"https:\/\/lij.ismeduca.com\/es\/#organization"},"potentialAction":[{"@type":"SearchAction","target":{"@type":"EntryPoint","urlTemplate":"https:\/\/lij.ismeduca.com\/es\/?s={search_term_string}"},"query-input":{"@type":"PropertyValueSpecification","valueRequired":true,"valueName":"search_term_string"}}],"inLanguage":"es"},{"@type":"Organization","@id":"https:\/\/lij.ismeduca.com\/es\/#organization","name":"Literatura SM Espa\u00f1a","url":"https:\/\/lij.ismeduca.com\/es\/","logo":{"@type":"ImageObject","inLanguage":"es","@id":"https:\/\/lij.ismeduca.com\/es\/#\/schema\/logo\/image\/","url":"https:\/\/lij.ismeduca.com\/es\/wp-content\/uploads\/sites\/10\/2024\/07\/logo-cabecera.png","contentUrl":"https:\/\/lij.ismeduca.com\/es\/wp-content\/uploads\/sites\/10\/2024\/07\/logo-cabecera.png","width":396,"height":64,"caption":"Literatura SM Espa\u00f1a"},"image":{"@id":"https:\/\/lij.ismeduca.com\/es\/#\/schema\/logo\/image\/"}}]}},"_links":{"self":[{"href":"https:\/\/lij.ismeduca.com\/es\/wp-json\/wp\/v2\/product\/8248","targetHints":{"allow":["GET"]}}],"collection":[{"href":"https:\/\/lij.ismeduca.com\/es\/wp-json\/wp\/v2\/product"}],"about":[{"href":"https:\/\/lij.ismeduca.com\/es\/wp-json\/wp\/v2\/types\/product"}],"version-history":[{"count":1,"href":"https:\/\/lij.ismeduca.com\/es\/wp-json\/wp\/v2\/product\/8248\/revisions"}],"predecessor-version":[{"id":32465,"href":"https:\/\/lij.ismeduca.com\/es\/wp-json\/wp\/v2\/product\/8248\/revisions\/32465"}],"wp:featuredmedia":[{"embeddable":true,"href":"https:\/\/lij.ismeduca.com\/es\/wp-json\/wp\/v2\/media\/36516"}],"wp:attachment":[{"href":"https:\/\/lij.ismeduca.com\/es\/wp-json\/wp\/v2\/media?parent=8248"}],"wp:term":[{"taxonomy":"product_brand","embeddable":true,"href":"https:\/\/lij.ismeduca.com\/es\/wp-json\/wp\/v2\/product_brand?post=8248"},{"taxonomy":"product_cat","embeddable":true,"href":"https:\/\/lij.ismeduca.com\/es\/wp-json\/wp\/v2\/product_cat?post=8248"},{"taxonomy":"product_tag","embeddable":true,"href":"https:\/\/lij.ismeduca.com\/es\/wp-json\/wp\/v2\/product_tag?post=8248"},{"taxonomy":"asignatura","embeddable":true,"href":"https:\/\/lij.ismeduca.com\/es\/wp-json\/wp\/v2\/asignatura?post=8248"},{"taxonomy":"compania","embeddable":true,"href":"https:\/\/lij.ismeduca.com\/es\/wp-json\/wp\/v2\/compania?post=8248"},{"taxonomy":"curso","embeddable":true,"href":"https:\/\/lij.ismeduca.com\/es\/wp-json\/wp\/v2\/curso?post=8248"},{"taxonomy":"idiomas","embeddable":true,"href":"https:\/\/lij.ismeduca.com\/es\/wp-json\/wp\/v2\/idiomas?post=8248"},{"taxonomy":"genero","embeddable":true,"href":"https:\/\/lij.ismeduca.com\/es\/wp-json\/wp\/v2\/genero?post=8248"},{"taxonomy":"linea","embeddable":true,"href":"https:\/\/lij.ismeduca.com\/es\/wp-json\/wp\/v2\/linea?post=8248"},{"taxonomy":"premio","embeddable":true,"href":"https:\/\/lij.ismeduca.com\/es\/wp-json\/wp\/v2\/premio?post=8248"},{"taxonomy":"proyecto-editorial","embeddable":true,"href":"https:\/\/lij.ismeduca.com\/es\/wp-json\/wp\/v2\/proyecto-editorial?post=8248"},{"taxonomy":"tipo-de-libro","embeddable":true,"href":"https:\/\/lij.ismeduca.com\/es\/wp-json\/wp\/v2\/tipo-de-libro?post=8248"},{"taxonomy":"soporte","embeddable":true,"href":"https:\/\/lij.ismeduca.com\/es\/wp-json\/wp\/v2\/soporte?post=8248"},{"taxonomy":"zona-geografica","embeddable":true,"href":"https:\/\/lij.ismeduca.com\/es\/wp-json\/wp\/v2\/zona-geografica?post=8248"},{"taxonomy":"autores","embeddable":true,"href":"https:\/\/lij.ismeduca.com\/es\/wp-json\/wp\/v2\/autores?post=8248"},{"taxonomy":"colecciones","embeddable":true,"href":"https:\/\/lij.ismeduca.com\/es\/wp-json\/wp\/v2\/colecciones?post=8248"},{"taxonomy":"personajes","embeddable":true,"href":"https:\/\/lij.ismeduca.com\/es\/wp-json\/wp\/v2\/personajes?post=8248"}],"curies":[{"name":"wp","href":"https:\/\/api.w.org\/{rel}","templated":true}]}}