{"id":8292,"date":"2023-08-24T00:00:00","date_gmt":"2024-07-11T11:34:24","guid":{"rendered":"https:\/\/lij.ismeduca.com\/tienda\/?post_type=product&#038;p=8292"},"modified":"2025-12-23T13:03:47","modified_gmt":"2025-12-23T12:03:47","slug":"cronicas-de-la-torre-ii-la-maldicion-del-maestro-3","status":"publish","type":"product","link":"https:\/\/lij.ismeduca.com\/es\/producto\/cronicas-de-la-torre-ii-la-maldicion-del-maestro-3\/","title":{"rendered":"Cr\u00f3nicas de la Torre II. La maldici\u00f3n del Maestro"},"content":{"rendered":"","protected":false},"excerpt":{"rendered":"<p>Dana, la actual Se\u00f1ora de la Torre, deber\u00e1 enfrentarse nuevamente al Maestro; junto a Fenris&nbsp;y los nuevos disc\u00edpulos de la escuela, deber\u00e1 impedir que se cumpla la venganza del antiguo Amo de la Torre. \u00bfConseguir\u00e1n romper la maldici\u00f3n del Valle de los Lobos?&nbsp;<\/p>\n<p><strong>Cr\u00f3nicas de la Torre<\/strong> es una deslumbrante aventura de magia, traiciones y amor m\u00e1s all\u00e1 de la muerte. Esta edici\u00f3n especial contiene las ilustraciones de seis personajes de la saga, realizadas por&nbsp;Mar\u00eda Dresden, un relato adicional y el Cuaderno de Viaje de Salamandra.<\/p>\n","protected":false},"featured_media":37835,"template":"","meta":{"_acf_changed":false,"inline_featured_image":false},"product_brand":[],"product_cat":[4745],"product_tag":[268,332,1875,1000,1007,861,901,297,298,481,2058,529,1876,1874],"asignatura":[],"compania":[252],"curso":[],"idiomas":[1948],"genero":[275],"linea":[250],"premio":[],"proyecto-editorial":[906],"tipo-de-libro":[249],"soporte":[2004],"zona-geografica":[],"autores":[4543,4288,2761],"colecciones":[2196],"personajes":[],"class_list":{"0":"post-8292","1":"product","2":"type-product","3":"status-publish","4":"has-post-thumbnail","6":"product_cat-cronicas-de-la-torre","7":"product_tag-amistad","8":"product_tag-dragones","9":"product_tag-el-valle-de-los-lobos","10":"product_tag-fantasia-epica","11":"product_tag-fantasia-juvenil","12":"product_tag-heroes","13":"product_tag-laura-gallego-garcia","14":"product_tag-literatura-de-aventuras","15":"product_tag-literatura-infantil","16":"product_tag-magia","17":"product_tag-ntx","18":"product_tag-personajes-imaginarios","19":"product_tag-regalo-adolescente","20":"product_tag-romance-juvenil","21":"pa_codigo-sap-ntx","22":"compania-f-sta-maria-ediciones-sm-es","23":"idiomas-espanol","24":"genero-fantasia","25":"linea-narrativa","26":"proyecto-editorial-juvenil","27":"tipo-de-libro-fisico","28":"soporte-libro","29":"autores-iria-torres-garcia","30":"autores-laura-gallego","31":"autores-maria-dresden","32":"colecciones-cronicas-de-la-torre","34":"first","35":"instock","36":"taxable","37":"shipping-taxable","38":"purchasable","39":"product-type-simple"},"acf":{"id_catalogo":"650","shortTitle":"CDT.2 LA MALDICION DEL MAESTRO(CARTONE)","descripcion":"<p>Dana, la actual Se\u00f1ora de la Torre, deber\u00e1 enfrentarse nuevamente al Maestro; junto a Fenris&nbsp;y los nuevos disc\u00edpulos de la escuela, deber\u00e1 impedir que se cumpla la venganza del antiguo Amo de la Torre. \u00bfConseguir\u00e1n romper la maldici\u00f3n del Valle de los Lobos?&nbsp;<\/p>\n<p><strong>Cr\u00f3nicas de la Torre<\/strong> es una deslumbrante aventura de magia, traiciones y amor m\u00e1s all\u00e1 de la muerte. Esta edici\u00f3n especial contiene las ilustraciones de seis personajes de la saga, realizadas por&nbsp;Mar\u00eda Dresden, un relato adicional y el Cuaderno de Viaje de Salamandra.<\/p>","adjuntos":null,"descriptivePhrases":[{"type":"General","text":"Un mundo de hechizos, traiciones y magia."}],"productSap":"NTX","isbn":"9788419099907","precio_colegios":15.34,"precio_librerias":15.34,"precio_librerias_sin_cobertura":15.34,"precio_distribuidores":15.34,"fecha_disponibilidad":null,"fecha_comercial":"20230824","organizacion_venta":"CS01","datos_para_buscador":"Mar\u00eda Dresden, Iria Torres Garc\u00eda, Laura Gallego, Cr\u00f3nicas de la Torre, "},"yoast_head":"<!-- This site is optimized with the Yoast SEO plugin v26.6 - https:\/\/yoast.com\/wordpress\/plugins\/seo\/ -->\n<title>Cr\u00f3nicas de la Torre II. La maldici\u00f3n del Maestro - Literatura SM Espa\u00f1a<\/title>\n<meta name=\"robots\" content=\"noindex, follow, max-snippet:-1, max-image-preview:large, max-video-preview:-1\" \/>\n<meta property=\"og:locale\" content=\"es_ES\" \/>\n<meta property=\"og:type\" content=\"article\" \/>\n<meta property=\"og:title\" content=\"Cr\u00f3nicas de la Torre II. La maldici\u00f3n del Maestro - Literatura SM Espa\u00f1a\" \/>\n<meta property=\"og:url\" content=\"https:\/\/lij.ismeduca.com\/es\/producto\/cronicas-de-la-torre-ii-la-maldicion-del-maestro-3\/\" \/>\n<meta property=\"og:site_name\" content=\"Literatura SM Espa\u00f1a\" \/>\n<meta property=\"article:modified_time\" content=\"2025-12-23T12:03:47+00:00\" \/>\n<meta name=\"twitter:card\" content=\"summary_large_image\" \/>\n<script type=\"application\/ld+json\" class=\"yoast-schema-graph\">{\"@context\":\"https:\/\/schema.org\",\"@graph\":[{\"@type\":\"WebPage\",\"@id\":\"https:\/\/lij.ismeduca.com\/es\/producto\/cronicas-de-la-torre-ii-la-maldicion-del-maestro-3\/\",\"url\":\"https:\/\/lij.ismeduca.com\/es\/producto\/cronicas-de-la-torre-ii-la-maldicion-del-maestro-3\/\",\"name\":\"Cr\u00f3nicas de la Torre II. La maldici\u00f3n del Maestro - Literatura SM Espa\u00f1a\",\"isPartOf\":{\"@id\":\"https:\/\/lij.ismeduca.com\/es\/#website\"},\"primaryImageOfPage\":{\"@id\":\"https:\/\/lij.ismeduca.com\/es\/producto\/cronicas-de-la-torre-ii-la-maldicion-del-maestro-3\/#primaryimage\"},\"image\":{\"@id\":\"https:\/\/lij.ismeduca.com\/es\/producto\/cronicas-de-la-torre-ii-la-maldicion-del-maestro-3\/#primaryimage\"},\"thumbnailUrl\":\"https:\/\/lij.ismeduca.com\/es\/wp-content\/uploads\/sites\/10\/2025\/12\/8292.jpg\",\"datePublished\":\"2024-07-11T11:34:24+00:00\",\"dateModified\":\"2025-12-23T12:03:47+00:00\",\"breadcrumb\":{\"@id\":\"https:\/\/lij.ismeduca.com\/es\/producto\/cronicas-de-la-torre-ii-la-maldicion-del-maestro-3\/#breadcrumb\"},\"inLanguage\":\"es\",\"potentialAction\":[{\"@type\":\"ReadAction\",\"target\":[\"https:\/\/lij.ismeduca.com\/es\/producto\/cronicas-de-la-torre-ii-la-maldicion-del-maestro-3\/\"]}]},{\"@type\":\"ImageObject\",\"inLanguage\":\"es\",\"@id\":\"https:\/\/lij.ismeduca.com\/es\/producto\/cronicas-de-la-torre-ii-la-maldicion-del-maestro-3\/#primaryimage\",\"url\":\"https:\/\/lij.ismeduca.com\/es\/wp-content\/uploads\/sites\/10\/2025\/12\/8292.jpg\",\"contentUrl\":\"https:\/\/lij.ismeduca.com\/es\/wp-content\/uploads\/sites\/10\/2025\/12\/8292.jpg\",\"width\":600,\"height\":897},{\"@type\":\"BreadcrumbList\",\"@id\":\"https:\/\/lij.ismeduca.com\/es\/producto\/cronicas-de-la-torre-ii-la-maldicion-del-maestro-3\/#breadcrumb\",\"itemListElement\":[{\"@type\":\"ListItem\",\"position\":1,\"name\":\"Portada\",\"item\":\"https:\/\/lij.ismeduca.com\/es\/\"},{\"@type\":\"ListItem\",\"position\":2,\"name\":\"Tienda\",\"item\":\"https:\/\/lij.ismeduca.com\/es\/tienda\/\"},{\"@type\":\"ListItem\",\"position\":3,\"name\":\"Cr\u00f3nicas de la Torre II. La maldici\u00f3n del Maestro\"}]},{\"@type\":\"WebSite\",\"@id\":\"https:\/\/lij.ismeduca.com\/es\/#website\",\"url\":\"https:\/\/lij.ismeduca.com\/es\/\",\"name\":\"Literatura SM Espa\u00f1a\",\"description\":\"\",\"publisher\":{\"@id\":\"https:\/\/lij.ismeduca.com\/es\/#organization\"},\"potentialAction\":[{\"@type\":\"SearchAction\",\"target\":{\"@type\":\"EntryPoint\",\"urlTemplate\":\"https:\/\/lij.ismeduca.com\/es\/?s={search_term_string}\"},\"query-input\":{\"@type\":\"PropertyValueSpecification\",\"valueRequired\":true,\"valueName\":\"search_term_string\"}}],\"inLanguage\":\"es\"},{\"@type\":\"Organization\",\"@id\":\"https:\/\/lij.ismeduca.com\/es\/#organization\",\"name\":\"Literatura SM Espa\u00f1a\",\"url\":\"https:\/\/lij.ismeduca.com\/es\/\",\"logo\":{\"@type\":\"ImageObject\",\"inLanguage\":\"es\",\"@id\":\"https:\/\/lij.ismeduca.com\/es\/#\/schema\/logo\/image\/\",\"url\":\"https:\/\/lij.ismeduca.com\/es\/wp-content\/uploads\/sites\/10\/2024\/07\/logo-cabecera.png\",\"contentUrl\":\"https:\/\/lij.ismeduca.com\/es\/wp-content\/uploads\/sites\/10\/2024\/07\/logo-cabecera.png\",\"width\":396,\"height\":64,\"caption\":\"Literatura SM Espa\u00f1a\"},\"image\":{\"@id\":\"https:\/\/lij.ismeduca.com\/es\/#\/schema\/logo\/image\/\"}}]}<\/script>\n<!-- \/ Yoast SEO plugin. -->","yoast_head_json":{"title":"Cr\u00f3nicas de la Torre II. La maldici\u00f3n del Maestro - Literatura SM Espa\u00f1a","robots":{"index":"noindex","follow":"follow","max-snippet":"max-snippet:-1","max-image-preview":"max-image-preview:large","max-video-preview":"max-video-preview:-1"},"og_locale":"es_ES","og_type":"article","og_title":"Cr\u00f3nicas de la Torre II. La maldici\u00f3n del Maestro - Literatura SM Espa\u00f1a","og_url":"https:\/\/lij.ismeduca.com\/es\/producto\/cronicas-de-la-torre-ii-la-maldicion-del-maestro-3\/","og_site_name":"Literatura SM Espa\u00f1a","article_modified_time":"2025-12-23T12:03:47+00:00","twitter_card":"summary_large_image","schema":{"@context":"https:\/\/schema.org","@graph":[{"@type":"WebPage","@id":"https:\/\/lij.ismeduca.com\/es\/producto\/cronicas-de-la-torre-ii-la-maldicion-del-maestro-3\/","url":"https:\/\/lij.ismeduca.com\/es\/producto\/cronicas-de-la-torre-ii-la-maldicion-del-maestro-3\/","name":"Cr\u00f3nicas de la Torre II. La maldici\u00f3n del Maestro - Literatura SM Espa\u00f1a","isPartOf":{"@id":"https:\/\/lij.ismeduca.com\/es\/#website"},"primaryImageOfPage":{"@id":"https:\/\/lij.ismeduca.com\/es\/producto\/cronicas-de-la-torre-ii-la-maldicion-del-maestro-3\/#primaryimage"},"image":{"@id":"https:\/\/lij.ismeduca.com\/es\/producto\/cronicas-de-la-torre-ii-la-maldicion-del-maestro-3\/#primaryimage"},"thumbnailUrl":"https:\/\/lij.ismeduca.com\/es\/wp-content\/uploads\/sites\/10\/2025\/12\/8292.jpg","datePublished":"2024-07-11T11:34:24+00:00","dateModified":"2025-12-23T12:03:47+00:00","breadcrumb":{"@id":"https:\/\/lij.ismeduca.com\/es\/producto\/cronicas-de-la-torre-ii-la-maldicion-del-maestro-3\/#breadcrumb"},"inLanguage":"es","potentialAction":[{"@type":"ReadAction","target":["https:\/\/lij.ismeduca.com\/es\/producto\/cronicas-de-la-torre-ii-la-maldicion-del-maestro-3\/"]}]},{"@type":"ImageObject","inLanguage":"es","@id":"https:\/\/lij.ismeduca.com\/es\/producto\/cronicas-de-la-torre-ii-la-maldicion-del-maestro-3\/#primaryimage","url":"https:\/\/lij.ismeduca.com\/es\/wp-content\/uploads\/sites\/10\/2025\/12\/8292.jpg","contentUrl":"https:\/\/lij.ismeduca.com\/es\/wp-content\/uploads\/sites\/10\/2025\/12\/8292.jpg","width":600,"height":897},{"@type":"BreadcrumbList","@id":"https:\/\/lij.ismeduca.com\/es\/producto\/cronicas-de-la-torre-ii-la-maldicion-del-maestro-3\/#breadcrumb","itemListElement":[{"@type":"ListItem","position":1,"name":"Portada","item":"https:\/\/lij.ismeduca.com\/es\/"},{"@type":"ListItem","position":2,"name":"Tienda","item":"https:\/\/lij.ismeduca.com\/es\/tienda\/"},{"@type":"ListItem","position":3,"name":"Cr\u00f3nicas de la Torre II. La maldici\u00f3n del Maestro"}]},{"@type":"WebSite","@id":"https:\/\/lij.ismeduca.com\/es\/#website","url":"https:\/\/lij.ismeduca.com\/es\/","name":"Literatura SM Espa\u00f1a","description":"","publisher":{"@id":"https:\/\/lij.ismeduca.com\/es\/#organization"},"potentialAction":[{"@type":"SearchAction","target":{"@type":"EntryPoint","urlTemplate":"https:\/\/lij.ismeduca.com\/es\/?s={search_term_string}"},"query-input":{"@type":"PropertyValueSpecification","valueRequired":true,"valueName":"search_term_string"}}],"inLanguage":"es"},{"@type":"Organization","@id":"https:\/\/lij.ismeduca.com\/es\/#organization","name":"Literatura SM Espa\u00f1a","url":"https:\/\/lij.ismeduca.com\/es\/","logo":{"@type":"ImageObject","inLanguage":"es","@id":"https:\/\/lij.ismeduca.com\/es\/#\/schema\/logo\/image\/","url":"https:\/\/lij.ismeduca.com\/es\/wp-content\/uploads\/sites\/10\/2024\/07\/logo-cabecera.png","contentUrl":"https:\/\/lij.ismeduca.com\/es\/wp-content\/uploads\/sites\/10\/2024\/07\/logo-cabecera.png","width":396,"height":64,"caption":"Literatura SM Espa\u00f1a"},"image":{"@id":"https:\/\/lij.ismeduca.com\/es\/#\/schema\/logo\/image\/"}}]}},"_links":{"self":[{"href":"https:\/\/lij.ismeduca.com\/es\/wp-json\/wp\/v2\/product\/8292","targetHints":{"allow":["GET"]}}],"collection":[{"href":"https:\/\/lij.ismeduca.com\/es\/wp-json\/wp\/v2\/product"}],"about":[{"href":"https:\/\/lij.ismeduca.com\/es\/wp-json\/wp\/v2\/types\/product"}],"version-history":[{"count":1,"href":"https:\/\/lij.ismeduca.com\/es\/wp-json\/wp\/v2\/product\/8292\/revisions"}],"predecessor-version":[{"id":32487,"href":"https:\/\/lij.ismeduca.com\/es\/wp-json\/wp\/v2\/product\/8292\/revisions\/32487"}],"wp:featuredmedia":[{"embeddable":true,"href":"https:\/\/lij.ismeduca.com\/es\/wp-json\/wp\/v2\/media\/37835"}],"wp:attachment":[{"href":"https:\/\/lij.ismeduca.com\/es\/wp-json\/wp\/v2\/media?parent=8292"}],"wp:term":[{"taxonomy":"product_brand","embeddable":true,"href":"https:\/\/lij.ismeduca.com\/es\/wp-json\/wp\/v2\/product_brand?post=8292"},{"taxonomy":"product_cat","embeddable":true,"href":"https:\/\/lij.ismeduca.com\/es\/wp-json\/wp\/v2\/product_cat?post=8292"},{"taxonomy":"product_tag","embeddable":true,"href":"https:\/\/lij.ismeduca.com\/es\/wp-json\/wp\/v2\/product_tag?post=8292"},{"taxonomy":"asignatura","embeddable":true,"href":"https:\/\/lij.ismeduca.com\/es\/wp-json\/wp\/v2\/asignatura?post=8292"},{"taxonomy":"compania","embeddable":true,"href":"https:\/\/lij.ismeduca.com\/es\/wp-json\/wp\/v2\/compania?post=8292"},{"taxonomy":"curso","embeddable":true,"href":"https:\/\/lij.ismeduca.com\/es\/wp-json\/wp\/v2\/curso?post=8292"},{"taxonomy":"idiomas","embeddable":true,"href":"https:\/\/lij.ismeduca.com\/es\/wp-json\/wp\/v2\/idiomas?post=8292"},{"taxonomy":"genero","embeddable":true,"href":"https:\/\/lij.ismeduca.com\/es\/wp-json\/wp\/v2\/genero?post=8292"},{"taxonomy":"linea","embeddable":true,"href":"https:\/\/lij.ismeduca.com\/es\/wp-json\/wp\/v2\/linea?post=8292"},{"taxonomy":"premio","embeddable":true,"href":"https:\/\/lij.ismeduca.com\/es\/wp-json\/wp\/v2\/premio?post=8292"},{"taxonomy":"proyecto-editorial","embeddable":true,"href":"https:\/\/lij.ismeduca.com\/es\/wp-json\/wp\/v2\/proyecto-editorial?post=8292"},{"taxonomy":"tipo-de-libro","embeddable":true,"href":"https:\/\/lij.ismeduca.com\/es\/wp-json\/wp\/v2\/tipo-de-libro?post=8292"},{"taxonomy":"soporte","embeddable":true,"href":"https:\/\/lij.ismeduca.com\/es\/wp-json\/wp\/v2\/soporte?post=8292"},{"taxonomy":"zona-geografica","embeddable":true,"href":"https:\/\/lij.ismeduca.com\/es\/wp-json\/wp\/v2\/zona-geografica?post=8292"},{"taxonomy":"autores","embeddable":true,"href":"https:\/\/lij.ismeduca.com\/es\/wp-json\/wp\/v2\/autores?post=8292"},{"taxonomy":"colecciones","embeddable":true,"href":"https:\/\/lij.ismeduca.com\/es\/wp-json\/wp\/v2\/colecciones?post=8292"},{"taxonomy":"personajes","embeddable":true,"href":"https:\/\/lij.ismeduca.com\/es\/wp-json\/wp\/v2\/personajes?post=8292"}],"curies":[{"name":"wp","href":"https:\/\/api.w.org\/{rel}","templated":true}]}}