{"id":8294,"date":"2023-08-24T00:00:00","date_gmt":"2024-07-11T11:34:25","guid":{"rendered":"https:\/\/lij.ismeduca.com\/tienda\/?post_type=product&#038;p=8294"},"modified":"2025-12-23T13:03:47","modified_gmt":"2025-12-23T12:03:47","slug":"cronicas-de-la-torre-i-el-valle-de-los-lobos-3","status":"publish","type":"product","link":"https:\/\/lij.ismeduca.com\/es\/producto\/cronicas-de-la-torre-i-el-valle-de-los-lobos-3\/","title":{"rendered":"Cr\u00f3nicas de la Torre I. El Valle de los Lobos"},"content":{"rendered":"","protected":false},"excerpt":{"rendered":"<p>Dana creci\u00f3 en una granja junto a sus hermanos y viv\u00eda&nbsp;una vida normal. El d\u00eda que el Maestro la llev\u00f3 con \u00e9l a la Escuela de Alta Hechicer\u00eda de la Torre, en el Valle de los Lobos, no se imaginaba que su vida cambiar\u00eda para siempre y que se convertir\u00eda en la depositaria de secretos tan m\u00e1gicos como antiguos. \u00bfQu\u00e9 aventuras le deparar\u00e1 el destino?<\/p>\n<p><strong>Cr\u00f3nicas de la Torre<\/strong> es una deslumbrante aventura de magia, traiciones y amor m\u00e1s all\u00e1 de la muerte. Esta edici\u00f3n especial contiene las ilustraciones de seis personajes de la saga, realizadas por&nbsp;Mar\u00eda Dresden, y un relato adicional.<\/p>\n","protected":false},"featured_media":37836,"template":"","meta":{"_acf_changed":false,"inline_featured_image":false},"product_brand":[],"product_cat":[4745],"product_tag":[268,1875,1007,1878,861,1877,901,297,298,481,2058,704,1876],"asignatura":[],"compania":[252],"curso":[],"idiomas":[1948],"genero":[275],"linea":[250],"premio":[],"proyecto-editorial":[906],"tipo-de-libro":[249],"soporte":[2004],"zona-geografica":[],"autores":[4543,4288,2761],"colecciones":[2196],"personajes":[],"class_list":{"0":"post-8294","1":"product","2":"type-product","3":"status-publish","4":"has-post-thumbnail","6":"product_cat-cronicas-de-la-torre","7":"product_tag-amistad","8":"product_tag-el-valle-de-los-lobos","9":"product_tag-fantasia-juvenil","10":"product_tag-fantasy-romance","11":"product_tag-heroes","12":"product_tag-hombres-lobo","13":"product_tag-laura-gallego-garcia","14":"product_tag-literatura-de-aventuras","15":"product_tag-literatura-infantil","16":"product_tag-magia","17":"product_tag-ntx","18":"product_tag-primer-amor","19":"product_tag-regalo-adolescente","20":"pa_codigo-sap-ntx","21":"compania-f-sta-maria-ediciones-sm-es","22":"idiomas-espanol","23":"genero-fantasia","24":"linea-narrativa","25":"proyecto-editorial-juvenil","26":"tipo-de-libro-fisico","27":"soporte-libro","28":"autores-iria-torres-garcia","29":"autores-laura-gallego","30":"autores-maria-dresden","31":"colecciones-cronicas-de-la-torre","33":"first","34":"instock","35":"taxable","36":"shipping-taxable","37":"purchasable","38":"product-type-simple"},"acf":{"id_catalogo":"650","shortTitle":"CDT.1 EL VALLE DE LOS LOBOS(CARTONE)","descripcion":"<p>Dana creci\u00f3 en una granja junto a sus hermanos y viv\u00eda&nbsp;una vida normal. El d\u00eda que el Maestro la llev\u00f3 con \u00e9l a la Escuela de Alta Hechicer\u00eda de la Torre, en el Valle de los Lobos, no se imaginaba que su vida cambiar\u00eda para siempre y que se convertir\u00eda en la depositaria de secretos tan m\u00e1gicos como antiguos. \u00bfQu\u00e9 aventuras le deparar\u00e1 el destino?<br \/>\n<br \/>\n<strong>Cr\u00f3nicas de la Torre<\/strong> es una deslumbrante aventura de magia, traiciones y amor m\u00e1s all\u00e1 de la muerte. Esta edici\u00f3n especial contiene las ilustraciones de seis personajes de la saga, realizadas por&nbsp;Mar\u00eda Dresden, y un relato adicional.<\/p>","adjuntos":null,"descriptivePhrases":[{"type":"General","text":"Una novela con tintes m\u00e1gicos y \u00e9picos, que nos transportar\u00e1 a deslumbrantes mundos de fantas\u00eda."}],"productSap":"NTX","isbn":"9788419099891","precio_colegios":15.34,"precio_librerias":15.34,"precio_librerias_sin_cobertura":15.34,"precio_distribuidores":15.34,"fecha_disponibilidad":null,"fecha_comercial":"20230824","organizacion_venta":"CS01","datos_para_buscador":"Mar\u00eda Dresden, Iria Torres Garc\u00eda, Laura Gallego, Cr\u00f3nicas de la Torre, "},"yoast_head":"<!-- This site is optimized with the Yoast SEO plugin v26.6 - https:\/\/yoast.com\/wordpress\/plugins\/seo\/ -->\n<title>Cr\u00f3nicas de la Torre I. El Valle de los Lobos - Literatura SM Espa\u00f1a<\/title>\n<meta name=\"robots\" content=\"noindex, follow, max-snippet:-1, max-image-preview:large, max-video-preview:-1\" \/>\n<meta property=\"og:locale\" content=\"es_ES\" \/>\n<meta property=\"og:type\" content=\"article\" \/>\n<meta property=\"og:title\" content=\"Cr\u00f3nicas de la Torre I. El Valle de los Lobos - Literatura SM Espa\u00f1a\" \/>\n<meta property=\"og:url\" content=\"https:\/\/lij.ismeduca.com\/es\/producto\/cronicas-de-la-torre-i-el-valle-de-los-lobos-3\/\" \/>\n<meta property=\"og:site_name\" content=\"Literatura SM Espa\u00f1a\" \/>\n<meta property=\"article:modified_time\" content=\"2025-12-23T12:03:47+00:00\" \/>\n<meta name=\"twitter:card\" content=\"summary_large_image\" \/>\n<script type=\"application\/ld+json\" class=\"yoast-schema-graph\">{\"@context\":\"https:\/\/schema.org\",\"@graph\":[{\"@type\":\"WebPage\",\"@id\":\"https:\/\/lij.ismeduca.com\/es\/producto\/cronicas-de-la-torre-i-el-valle-de-los-lobos-3\/\",\"url\":\"https:\/\/lij.ismeduca.com\/es\/producto\/cronicas-de-la-torre-i-el-valle-de-los-lobos-3\/\",\"name\":\"Cr\u00f3nicas de la Torre I. El Valle de los Lobos - Literatura SM Espa\u00f1a\",\"isPartOf\":{\"@id\":\"https:\/\/lij.ismeduca.com\/es\/#website\"},\"primaryImageOfPage\":{\"@id\":\"https:\/\/lij.ismeduca.com\/es\/producto\/cronicas-de-la-torre-i-el-valle-de-los-lobos-3\/#primaryimage\"},\"image\":{\"@id\":\"https:\/\/lij.ismeduca.com\/es\/producto\/cronicas-de-la-torre-i-el-valle-de-los-lobos-3\/#primaryimage\"},\"thumbnailUrl\":\"https:\/\/lij.ismeduca.com\/es\/wp-content\/uploads\/sites\/10\/2025\/12\/8294.jpg\",\"datePublished\":\"2024-07-11T11:34:25+00:00\",\"dateModified\":\"2025-12-23T12:03:47+00:00\",\"breadcrumb\":{\"@id\":\"https:\/\/lij.ismeduca.com\/es\/producto\/cronicas-de-la-torre-i-el-valle-de-los-lobos-3\/#breadcrumb\"},\"inLanguage\":\"es\",\"potentialAction\":[{\"@type\":\"ReadAction\",\"target\":[\"https:\/\/lij.ismeduca.com\/es\/producto\/cronicas-de-la-torre-i-el-valle-de-los-lobos-3\/\"]}]},{\"@type\":\"ImageObject\",\"inLanguage\":\"es\",\"@id\":\"https:\/\/lij.ismeduca.com\/es\/producto\/cronicas-de-la-torre-i-el-valle-de-los-lobos-3\/#primaryimage\",\"url\":\"https:\/\/lij.ismeduca.com\/es\/wp-content\/uploads\/sites\/10\/2025\/12\/8294.jpg\",\"contentUrl\":\"https:\/\/lij.ismeduca.com\/es\/wp-content\/uploads\/sites\/10\/2025\/12\/8294.jpg\",\"width\":600,\"height\":897},{\"@type\":\"BreadcrumbList\",\"@id\":\"https:\/\/lij.ismeduca.com\/es\/producto\/cronicas-de-la-torre-i-el-valle-de-los-lobos-3\/#breadcrumb\",\"itemListElement\":[{\"@type\":\"ListItem\",\"position\":1,\"name\":\"Portada\",\"item\":\"https:\/\/lij.ismeduca.com\/es\/\"},{\"@type\":\"ListItem\",\"position\":2,\"name\":\"Tienda\",\"item\":\"https:\/\/lij.ismeduca.com\/es\/tienda\/\"},{\"@type\":\"ListItem\",\"position\":3,\"name\":\"Cr\u00f3nicas de la Torre I. El Valle de los Lobos\"}]},{\"@type\":\"WebSite\",\"@id\":\"https:\/\/lij.ismeduca.com\/es\/#website\",\"url\":\"https:\/\/lij.ismeduca.com\/es\/\",\"name\":\"Literatura SM Espa\u00f1a\",\"description\":\"\",\"publisher\":{\"@id\":\"https:\/\/lij.ismeduca.com\/es\/#organization\"},\"potentialAction\":[{\"@type\":\"SearchAction\",\"target\":{\"@type\":\"EntryPoint\",\"urlTemplate\":\"https:\/\/lij.ismeduca.com\/es\/?s={search_term_string}\"},\"query-input\":{\"@type\":\"PropertyValueSpecification\",\"valueRequired\":true,\"valueName\":\"search_term_string\"}}],\"inLanguage\":\"es\"},{\"@type\":\"Organization\",\"@id\":\"https:\/\/lij.ismeduca.com\/es\/#organization\",\"name\":\"Literatura SM Espa\u00f1a\",\"url\":\"https:\/\/lij.ismeduca.com\/es\/\",\"logo\":{\"@type\":\"ImageObject\",\"inLanguage\":\"es\",\"@id\":\"https:\/\/lij.ismeduca.com\/es\/#\/schema\/logo\/image\/\",\"url\":\"https:\/\/lij.ismeduca.com\/es\/wp-content\/uploads\/sites\/10\/2024\/07\/logo-cabecera.png\",\"contentUrl\":\"https:\/\/lij.ismeduca.com\/es\/wp-content\/uploads\/sites\/10\/2024\/07\/logo-cabecera.png\",\"width\":396,\"height\":64,\"caption\":\"Literatura SM Espa\u00f1a\"},\"image\":{\"@id\":\"https:\/\/lij.ismeduca.com\/es\/#\/schema\/logo\/image\/\"}}]}<\/script>\n<!-- \/ Yoast SEO plugin. -->","yoast_head_json":{"title":"Cr\u00f3nicas de la Torre I. El Valle de los Lobos - Literatura SM Espa\u00f1a","robots":{"index":"noindex","follow":"follow","max-snippet":"max-snippet:-1","max-image-preview":"max-image-preview:large","max-video-preview":"max-video-preview:-1"},"og_locale":"es_ES","og_type":"article","og_title":"Cr\u00f3nicas de la Torre I. El Valle de los Lobos - Literatura SM Espa\u00f1a","og_url":"https:\/\/lij.ismeduca.com\/es\/producto\/cronicas-de-la-torre-i-el-valle-de-los-lobos-3\/","og_site_name":"Literatura SM Espa\u00f1a","article_modified_time":"2025-12-23T12:03:47+00:00","twitter_card":"summary_large_image","schema":{"@context":"https:\/\/schema.org","@graph":[{"@type":"WebPage","@id":"https:\/\/lij.ismeduca.com\/es\/producto\/cronicas-de-la-torre-i-el-valle-de-los-lobos-3\/","url":"https:\/\/lij.ismeduca.com\/es\/producto\/cronicas-de-la-torre-i-el-valle-de-los-lobos-3\/","name":"Cr\u00f3nicas de la Torre I. El Valle de los Lobos - Literatura SM Espa\u00f1a","isPartOf":{"@id":"https:\/\/lij.ismeduca.com\/es\/#website"},"primaryImageOfPage":{"@id":"https:\/\/lij.ismeduca.com\/es\/producto\/cronicas-de-la-torre-i-el-valle-de-los-lobos-3\/#primaryimage"},"image":{"@id":"https:\/\/lij.ismeduca.com\/es\/producto\/cronicas-de-la-torre-i-el-valle-de-los-lobos-3\/#primaryimage"},"thumbnailUrl":"https:\/\/lij.ismeduca.com\/es\/wp-content\/uploads\/sites\/10\/2025\/12\/8294.jpg","datePublished":"2024-07-11T11:34:25+00:00","dateModified":"2025-12-23T12:03:47+00:00","breadcrumb":{"@id":"https:\/\/lij.ismeduca.com\/es\/producto\/cronicas-de-la-torre-i-el-valle-de-los-lobos-3\/#breadcrumb"},"inLanguage":"es","potentialAction":[{"@type":"ReadAction","target":["https:\/\/lij.ismeduca.com\/es\/producto\/cronicas-de-la-torre-i-el-valle-de-los-lobos-3\/"]}]},{"@type":"ImageObject","inLanguage":"es","@id":"https:\/\/lij.ismeduca.com\/es\/producto\/cronicas-de-la-torre-i-el-valle-de-los-lobos-3\/#primaryimage","url":"https:\/\/lij.ismeduca.com\/es\/wp-content\/uploads\/sites\/10\/2025\/12\/8294.jpg","contentUrl":"https:\/\/lij.ismeduca.com\/es\/wp-content\/uploads\/sites\/10\/2025\/12\/8294.jpg","width":600,"height":897},{"@type":"BreadcrumbList","@id":"https:\/\/lij.ismeduca.com\/es\/producto\/cronicas-de-la-torre-i-el-valle-de-los-lobos-3\/#breadcrumb","itemListElement":[{"@type":"ListItem","position":1,"name":"Portada","item":"https:\/\/lij.ismeduca.com\/es\/"},{"@type":"ListItem","position":2,"name":"Tienda","item":"https:\/\/lij.ismeduca.com\/es\/tienda\/"},{"@type":"ListItem","position":3,"name":"Cr\u00f3nicas de la Torre I. El Valle de los Lobos"}]},{"@type":"WebSite","@id":"https:\/\/lij.ismeduca.com\/es\/#website","url":"https:\/\/lij.ismeduca.com\/es\/","name":"Literatura SM Espa\u00f1a","description":"","publisher":{"@id":"https:\/\/lij.ismeduca.com\/es\/#organization"},"potentialAction":[{"@type":"SearchAction","target":{"@type":"EntryPoint","urlTemplate":"https:\/\/lij.ismeduca.com\/es\/?s={search_term_string}"},"query-input":{"@type":"PropertyValueSpecification","valueRequired":true,"valueName":"search_term_string"}}],"inLanguage":"es"},{"@type":"Organization","@id":"https:\/\/lij.ismeduca.com\/es\/#organization","name":"Literatura SM Espa\u00f1a","url":"https:\/\/lij.ismeduca.com\/es\/","logo":{"@type":"ImageObject","inLanguage":"es","@id":"https:\/\/lij.ismeduca.com\/es\/#\/schema\/logo\/image\/","url":"https:\/\/lij.ismeduca.com\/es\/wp-content\/uploads\/sites\/10\/2024\/07\/logo-cabecera.png","contentUrl":"https:\/\/lij.ismeduca.com\/es\/wp-content\/uploads\/sites\/10\/2024\/07\/logo-cabecera.png","width":396,"height":64,"caption":"Literatura SM Espa\u00f1a"},"image":{"@id":"https:\/\/lij.ismeduca.com\/es\/#\/schema\/logo\/image\/"}}]}},"_links":{"self":[{"href":"https:\/\/lij.ismeduca.com\/es\/wp-json\/wp\/v2\/product\/8294","targetHints":{"allow":["GET"]}}],"collection":[{"href":"https:\/\/lij.ismeduca.com\/es\/wp-json\/wp\/v2\/product"}],"about":[{"href":"https:\/\/lij.ismeduca.com\/es\/wp-json\/wp\/v2\/types\/product"}],"version-history":[{"count":1,"href":"https:\/\/lij.ismeduca.com\/es\/wp-json\/wp\/v2\/product\/8294\/revisions"}],"predecessor-version":[{"id":32491,"href":"https:\/\/lij.ismeduca.com\/es\/wp-json\/wp\/v2\/product\/8294\/revisions\/32491"}],"wp:featuredmedia":[{"embeddable":true,"href":"https:\/\/lij.ismeduca.com\/es\/wp-json\/wp\/v2\/media\/37836"}],"wp:attachment":[{"href":"https:\/\/lij.ismeduca.com\/es\/wp-json\/wp\/v2\/media?parent=8294"}],"wp:term":[{"taxonomy":"product_brand","embeddable":true,"href":"https:\/\/lij.ismeduca.com\/es\/wp-json\/wp\/v2\/product_brand?post=8294"},{"taxonomy":"product_cat","embeddable":true,"href":"https:\/\/lij.ismeduca.com\/es\/wp-json\/wp\/v2\/product_cat?post=8294"},{"taxonomy":"product_tag","embeddable":true,"href":"https:\/\/lij.ismeduca.com\/es\/wp-json\/wp\/v2\/product_tag?post=8294"},{"taxonomy":"asignatura","embeddable":true,"href":"https:\/\/lij.ismeduca.com\/es\/wp-json\/wp\/v2\/asignatura?post=8294"},{"taxonomy":"compania","embeddable":true,"href":"https:\/\/lij.ismeduca.com\/es\/wp-json\/wp\/v2\/compania?post=8294"},{"taxonomy":"curso","embeddable":true,"href":"https:\/\/lij.ismeduca.com\/es\/wp-json\/wp\/v2\/curso?post=8294"},{"taxonomy":"idiomas","embeddable":true,"href":"https:\/\/lij.ismeduca.com\/es\/wp-json\/wp\/v2\/idiomas?post=8294"},{"taxonomy":"genero","embeddable":true,"href":"https:\/\/lij.ismeduca.com\/es\/wp-json\/wp\/v2\/genero?post=8294"},{"taxonomy":"linea","embeddable":true,"href":"https:\/\/lij.ismeduca.com\/es\/wp-json\/wp\/v2\/linea?post=8294"},{"taxonomy":"premio","embeddable":true,"href":"https:\/\/lij.ismeduca.com\/es\/wp-json\/wp\/v2\/premio?post=8294"},{"taxonomy":"proyecto-editorial","embeddable":true,"href":"https:\/\/lij.ismeduca.com\/es\/wp-json\/wp\/v2\/proyecto-editorial?post=8294"},{"taxonomy":"tipo-de-libro","embeddable":true,"href":"https:\/\/lij.ismeduca.com\/es\/wp-json\/wp\/v2\/tipo-de-libro?post=8294"},{"taxonomy":"soporte","embeddable":true,"href":"https:\/\/lij.ismeduca.com\/es\/wp-json\/wp\/v2\/soporte?post=8294"},{"taxonomy":"zona-geografica","embeddable":true,"href":"https:\/\/lij.ismeduca.com\/es\/wp-json\/wp\/v2\/zona-geografica?post=8294"},{"taxonomy":"autores","embeddable":true,"href":"https:\/\/lij.ismeduca.com\/es\/wp-json\/wp\/v2\/autores?post=8294"},{"taxonomy":"colecciones","embeddable":true,"href":"https:\/\/lij.ismeduca.com\/es\/wp-json\/wp\/v2\/colecciones?post=8294"},{"taxonomy":"personajes","embeddable":true,"href":"https:\/\/lij.ismeduca.com\/es\/wp-json\/wp\/v2\/personajes?post=8294"}],"curies":[{"name":"wp","href":"https:\/\/api.w.org\/{rel}","templated":true}]}}