{"id":8627,"date":"2024-05-16T00:00:00","date_gmt":"2024-07-11T11:41:32","guid":{"rendered":"https:\/\/lij.ismeduca.com\/tienda\/?post_type=product&#038;p=8627"},"modified":"2025-12-23T13:06:27","modified_gmt":"2025-12-23T12:06:27","slug":"el-libro-de-las-obras-de-una-casa","status":"publish","type":"product","link":"https:\/\/lij.ismeduca.com\/es\/producto\/el-libro-de-las-obras-de-una-casa\/","title":{"rendered":"El libro de las obras de una casa"},"content":{"rendered":"","protected":false},"excerpt":{"rendered":"<p>En este libro descubrir\u00e1s c\u00f3mo se construyen los edificios, con qu\u00e9 materiales y los especialistas que se encargan de ello.<\/p>\n<p>\u00bfQu\u00e9 pasos se siguen para construir una casa? \u00bfQu\u00e9 materiales se usan? \u00bfQu\u00e9 especialistas trabajan en la obra? \u00bfQu\u00e9 es el paisajismo?<\/p>\n<p>Con 18 animaciones y un gran pop-up para observar de cerca c\u00f3mo se construye una casa, qu\u00e9 materiales se usan, ver c\u00f3mo se ponen los suelos y c\u00f3mo se instalan la electricidad y la fontaner\u00eda.<\/p>\n","protected":false},"featured_media":35199,"template":"","meta":{"_acf_changed":false,"inline_featured_image":false},"product_brand":[],"product_cat":[4644],"product_tag":[368,1755,2058,415,286,1844],"asignatura":[],"compania":[252],"curso":[],"idiomas":[1948],"genero":[],"linea":[372],"premio":[],"proyecto-editorial":[257],"tipo-de-libro":[249],"soporte":[2004],"zona-geografica":[],"autores":[2723,4417,4469],"colecciones":[2419],"personajes":[],"class_list":{"0":"post-8627","1":"product","2":"type-product","3":"status-publish","4":"has-post-thumbnail","6":"product_cat-el-libro-de","7":"product_tag-libro-con-solapas","8":"product_tag-materiales-de-construccion","9":"product_tag-ntx","10":"product_tag-obras-de-infraestructura","11":"product_tag-pop-up","12":"product_tag-tecnicas-de-construccion","13":"pa_codigo-sap-ntx","14":"compania-f-sta-maria-ediciones-sm-es","15":"idiomas-espanol","16":"linea-conocimiento","17":"proyecto-editorial-3-5","18":"tipo-de-libro-fisico","19":"soporte-libro","20":"autores-anne-blanchard","21":"autores-didier-balicevic","22":"autores-fernando-bort-misol","23":"colecciones-el-libro-de","25":"first","26":"instock","27":"taxable","28":"shipping-taxable","29":"purchasable","30":"product-type-simple"},"acf":{"id_catalogo":"650","shortTitle":"ELD. EL LIBRO DE LAS OBRAS DE UNA CASA","descripcion":"<p>En este libro descubrir\u00e1s c\u00f3mo se construyen los edificios, con qu\u00e9 materiales y los especialistas que se encargan de ello.<\/p>\n<p>\u00bfQu\u00e9 pasos se siguen para construir una casa? \u00bfQu\u00e9 materiales se usan? \u00bfQu\u00e9 especialistas trabajan en la obra? \u00bfQu\u00e9 es el paisajismo?<\/p>\n<p>Con 18 animaciones y un gran pop-up para observar de cerca c\u00f3mo se construye una casa, qu\u00e9 materiales se usan, ver c\u00f3mo se ponen los suelos y c\u00f3mo se instalan la electricidad y la fontaner\u00eda.<\/p>","adjuntos":null,"descriptivePhrases":[{"type":"General","text":"En este libro descubrir\u00e1s c\u00f3mo se construyen los edificios, con qu\u00e9 materiales y los especialistas que se encargan de ello."}],"productSap":"NTX","isbn":"9788411821292","precio_colegios":12.45,"precio_librerias":12.45,"precio_librerias_sin_cobertura":12.45,"precio_distribuidores":12.45,"fecha_disponibilidad":null,"fecha_comercial":"20240516","organizacion_venta":"CS01","datos_para_buscador":"Didier Balicevic, Fernando Bort Misol, Anne Blanchard, El libro de&#8230;, "},"yoast_head":"<!-- This site is optimized with the Yoast SEO plugin v26.6 - https:\/\/yoast.com\/wordpress\/plugins\/seo\/ -->\n<title>El libro de las obras de una casa - Literatura SM Espa\u00f1a<\/title>\n<meta name=\"robots\" content=\"noindex, follow, max-snippet:-1, max-image-preview:large, max-video-preview:-1\" \/>\n<meta property=\"og:locale\" content=\"es_ES\" \/>\n<meta property=\"og:type\" content=\"article\" \/>\n<meta property=\"og:title\" content=\"El libro de las obras de una casa - Literatura SM Espa\u00f1a\" \/>\n<meta property=\"og:url\" content=\"https:\/\/lij.ismeduca.com\/es\/producto\/el-libro-de-las-obras-de-una-casa\/\" \/>\n<meta property=\"og:site_name\" content=\"Literatura SM Espa\u00f1a\" \/>\n<meta property=\"article:modified_time\" content=\"2025-12-23T12:06:27+00:00\" \/>\n<meta name=\"twitter:card\" content=\"summary_large_image\" \/>\n<script type=\"application\/ld+json\" class=\"yoast-schema-graph\">{\"@context\":\"https:\/\/schema.org\",\"@graph\":[{\"@type\":\"WebPage\",\"@id\":\"https:\/\/lij.ismeduca.com\/es\/producto\/el-libro-de-las-obras-de-una-casa\/\",\"url\":\"https:\/\/lij.ismeduca.com\/es\/producto\/el-libro-de-las-obras-de-una-casa\/\",\"name\":\"El libro de las obras de una casa - Literatura SM Espa\u00f1a\",\"isPartOf\":{\"@id\":\"https:\/\/lij.ismeduca.com\/es\/#website\"},\"primaryImageOfPage\":{\"@id\":\"https:\/\/lij.ismeduca.com\/es\/producto\/el-libro-de-las-obras-de-una-casa\/#primaryimage\"},\"image\":{\"@id\":\"https:\/\/lij.ismeduca.com\/es\/producto\/el-libro-de-las-obras-de-una-casa\/#primaryimage\"},\"thumbnailUrl\":\"https:\/\/lij.ismeduca.com\/es\/wp-content\/uploads\/sites\/10\/2025\/12\/8627.jpg\",\"datePublished\":\"2024-07-11T11:41:32+00:00\",\"dateModified\":\"2025-12-23T12:06:27+00:00\",\"breadcrumb\":{\"@id\":\"https:\/\/lij.ismeduca.com\/es\/producto\/el-libro-de-las-obras-de-una-casa\/#breadcrumb\"},\"inLanguage\":\"es\",\"potentialAction\":[{\"@type\":\"ReadAction\",\"target\":[\"https:\/\/lij.ismeduca.com\/es\/producto\/el-libro-de-las-obras-de-una-casa\/\"]}]},{\"@type\":\"ImageObject\",\"inLanguage\":\"es\",\"@id\":\"https:\/\/lij.ismeduca.com\/es\/producto\/el-libro-de-las-obras-de-una-casa\/#primaryimage\",\"url\":\"https:\/\/lij.ismeduca.com\/es\/wp-content\/uploads\/sites\/10\/2025\/12\/8627.jpg\",\"contentUrl\":\"https:\/\/lij.ismeduca.com\/es\/wp-content\/uploads\/sites\/10\/2025\/12\/8627.jpg\",\"width\":600,\"height\":869},{\"@type\":\"BreadcrumbList\",\"@id\":\"https:\/\/lij.ismeduca.com\/es\/producto\/el-libro-de-las-obras-de-una-casa\/#breadcrumb\",\"itemListElement\":[{\"@type\":\"ListItem\",\"position\":1,\"name\":\"Portada\",\"item\":\"https:\/\/lij.ismeduca.com\/es\/\"},{\"@type\":\"ListItem\",\"position\":2,\"name\":\"Tienda\",\"item\":\"https:\/\/lij.ismeduca.com\/es\/tienda\/\"},{\"@type\":\"ListItem\",\"position\":3,\"name\":\"El libro de las obras de una casa\"}]},{\"@type\":\"WebSite\",\"@id\":\"https:\/\/lij.ismeduca.com\/es\/#website\",\"url\":\"https:\/\/lij.ismeduca.com\/es\/\",\"name\":\"Literatura SM Espa\u00f1a\",\"description\":\"\",\"publisher\":{\"@id\":\"https:\/\/lij.ismeduca.com\/es\/#organization\"},\"potentialAction\":[{\"@type\":\"SearchAction\",\"target\":{\"@type\":\"EntryPoint\",\"urlTemplate\":\"https:\/\/lij.ismeduca.com\/es\/?s={search_term_string}\"},\"query-input\":{\"@type\":\"PropertyValueSpecification\",\"valueRequired\":true,\"valueName\":\"search_term_string\"}}],\"inLanguage\":\"es\"},{\"@type\":\"Organization\",\"@id\":\"https:\/\/lij.ismeduca.com\/es\/#organization\",\"name\":\"Literatura SM Espa\u00f1a\",\"url\":\"https:\/\/lij.ismeduca.com\/es\/\",\"logo\":{\"@type\":\"ImageObject\",\"inLanguage\":\"es\",\"@id\":\"https:\/\/lij.ismeduca.com\/es\/#\/schema\/logo\/image\/\",\"url\":\"https:\/\/lij.ismeduca.com\/es\/wp-content\/uploads\/sites\/10\/2024\/07\/logo-cabecera.png\",\"contentUrl\":\"https:\/\/lij.ismeduca.com\/es\/wp-content\/uploads\/sites\/10\/2024\/07\/logo-cabecera.png\",\"width\":396,\"height\":64,\"caption\":\"Literatura SM Espa\u00f1a\"},\"image\":{\"@id\":\"https:\/\/lij.ismeduca.com\/es\/#\/schema\/logo\/image\/\"}}]}<\/script>\n<!-- \/ Yoast SEO plugin. -->","yoast_head_json":{"title":"El libro de las obras de una casa - Literatura SM Espa\u00f1a","robots":{"index":"noindex","follow":"follow","max-snippet":"max-snippet:-1","max-image-preview":"max-image-preview:large","max-video-preview":"max-video-preview:-1"},"og_locale":"es_ES","og_type":"article","og_title":"El libro de las obras de una casa - Literatura SM Espa\u00f1a","og_url":"https:\/\/lij.ismeduca.com\/es\/producto\/el-libro-de-las-obras-de-una-casa\/","og_site_name":"Literatura SM Espa\u00f1a","article_modified_time":"2025-12-23T12:06:27+00:00","twitter_card":"summary_large_image","schema":{"@context":"https:\/\/schema.org","@graph":[{"@type":"WebPage","@id":"https:\/\/lij.ismeduca.com\/es\/producto\/el-libro-de-las-obras-de-una-casa\/","url":"https:\/\/lij.ismeduca.com\/es\/producto\/el-libro-de-las-obras-de-una-casa\/","name":"El libro de las obras de una casa - Literatura SM Espa\u00f1a","isPartOf":{"@id":"https:\/\/lij.ismeduca.com\/es\/#website"},"primaryImageOfPage":{"@id":"https:\/\/lij.ismeduca.com\/es\/producto\/el-libro-de-las-obras-de-una-casa\/#primaryimage"},"image":{"@id":"https:\/\/lij.ismeduca.com\/es\/producto\/el-libro-de-las-obras-de-una-casa\/#primaryimage"},"thumbnailUrl":"https:\/\/lij.ismeduca.com\/es\/wp-content\/uploads\/sites\/10\/2025\/12\/8627.jpg","datePublished":"2024-07-11T11:41:32+00:00","dateModified":"2025-12-23T12:06:27+00:00","breadcrumb":{"@id":"https:\/\/lij.ismeduca.com\/es\/producto\/el-libro-de-las-obras-de-una-casa\/#breadcrumb"},"inLanguage":"es","potentialAction":[{"@type":"ReadAction","target":["https:\/\/lij.ismeduca.com\/es\/producto\/el-libro-de-las-obras-de-una-casa\/"]}]},{"@type":"ImageObject","inLanguage":"es","@id":"https:\/\/lij.ismeduca.com\/es\/producto\/el-libro-de-las-obras-de-una-casa\/#primaryimage","url":"https:\/\/lij.ismeduca.com\/es\/wp-content\/uploads\/sites\/10\/2025\/12\/8627.jpg","contentUrl":"https:\/\/lij.ismeduca.com\/es\/wp-content\/uploads\/sites\/10\/2025\/12\/8627.jpg","width":600,"height":869},{"@type":"BreadcrumbList","@id":"https:\/\/lij.ismeduca.com\/es\/producto\/el-libro-de-las-obras-de-una-casa\/#breadcrumb","itemListElement":[{"@type":"ListItem","position":1,"name":"Portada","item":"https:\/\/lij.ismeduca.com\/es\/"},{"@type":"ListItem","position":2,"name":"Tienda","item":"https:\/\/lij.ismeduca.com\/es\/tienda\/"},{"@type":"ListItem","position":3,"name":"El libro de las obras de una casa"}]},{"@type":"WebSite","@id":"https:\/\/lij.ismeduca.com\/es\/#website","url":"https:\/\/lij.ismeduca.com\/es\/","name":"Literatura SM Espa\u00f1a","description":"","publisher":{"@id":"https:\/\/lij.ismeduca.com\/es\/#organization"},"potentialAction":[{"@type":"SearchAction","target":{"@type":"EntryPoint","urlTemplate":"https:\/\/lij.ismeduca.com\/es\/?s={search_term_string}"},"query-input":{"@type":"PropertyValueSpecification","valueRequired":true,"valueName":"search_term_string"}}],"inLanguage":"es"},{"@type":"Organization","@id":"https:\/\/lij.ismeduca.com\/es\/#organization","name":"Literatura SM Espa\u00f1a","url":"https:\/\/lij.ismeduca.com\/es\/","logo":{"@type":"ImageObject","inLanguage":"es","@id":"https:\/\/lij.ismeduca.com\/es\/#\/schema\/logo\/image\/","url":"https:\/\/lij.ismeduca.com\/es\/wp-content\/uploads\/sites\/10\/2024\/07\/logo-cabecera.png","contentUrl":"https:\/\/lij.ismeduca.com\/es\/wp-content\/uploads\/sites\/10\/2024\/07\/logo-cabecera.png","width":396,"height":64,"caption":"Literatura SM Espa\u00f1a"},"image":{"@id":"https:\/\/lij.ismeduca.com\/es\/#\/schema\/logo\/image\/"}}]}},"_links":{"self":[{"href":"https:\/\/lij.ismeduca.com\/es\/wp-json\/wp\/v2\/product\/8627","targetHints":{"allow":["GET"]}}],"collection":[{"href":"https:\/\/lij.ismeduca.com\/es\/wp-json\/wp\/v2\/product"}],"about":[{"href":"https:\/\/lij.ismeduca.com\/es\/wp-json\/wp\/v2\/types\/product"}],"version-history":[{"count":1,"href":"https:\/\/lij.ismeduca.com\/es\/wp-json\/wp\/v2\/product\/8627\/revisions"}],"predecessor-version":[{"id":32895,"href":"https:\/\/lij.ismeduca.com\/es\/wp-json\/wp\/v2\/product\/8627\/revisions\/32895"}],"wp:featuredmedia":[{"embeddable":true,"href":"https:\/\/lij.ismeduca.com\/es\/wp-json\/wp\/v2\/media\/35199"}],"wp:attachment":[{"href":"https:\/\/lij.ismeduca.com\/es\/wp-json\/wp\/v2\/media?parent=8627"}],"wp:term":[{"taxonomy":"product_brand","embeddable":true,"href":"https:\/\/lij.ismeduca.com\/es\/wp-json\/wp\/v2\/product_brand?post=8627"},{"taxonomy":"product_cat","embeddable":true,"href":"https:\/\/lij.ismeduca.com\/es\/wp-json\/wp\/v2\/product_cat?post=8627"},{"taxonomy":"product_tag","embeddable":true,"href":"https:\/\/lij.ismeduca.com\/es\/wp-json\/wp\/v2\/product_tag?post=8627"},{"taxonomy":"asignatura","embeddable":true,"href":"https:\/\/lij.ismeduca.com\/es\/wp-json\/wp\/v2\/asignatura?post=8627"},{"taxonomy":"compania","embeddable":true,"href":"https:\/\/lij.ismeduca.com\/es\/wp-json\/wp\/v2\/compania?post=8627"},{"taxonomy":"curso","embeddable":true,"href":"https:\/\/lij.ismeduca.com\/es\/wp-json\/wp\/v2\/curso?post=8627"},{"taxonomy":"idiomas","embeddable":true,"href":"https:\/\/lij.ismeduca.com\/es\/wp-json\/wp\/v2\/idiomas?post=8627"},{"taxonomy":"genero","embeddable":true,"href":"https:\/\/lij.ismeduca.com\/es\/wp-json\/wp\/v2\/genero?post=8627"},{"taxonomy":"linea","embeddable":true,"href":"https:\/\/lij.ismeduca.com\/es\/wp-json\/wp\/v2\/linea?post=8627"},{"taxonomy":"premio","embeddable":true,"href":"https:\/\/lij.ismeduca.com\/es\/wp-json\/wp\/v2\/premio?post=8627"},{"taxonomy":"proyecto-editorial","embeddable":true,"href":"https:\/\/lij.ismeduca.com\/es\/wp-json\/wp\/v2\/proyecto-editorial?post=8627"},{"taxonomy":"tipo-de-libro","embeddable":true,"href":"https:\/\/lij.ismeduca.com\/es\/wp-json\/wp\/v2\/tipo-de-libro?post=8627"},{"taxonomy":"soporte","embeddable":true,"href":"https:\/\/lij.ismeduca.com\/es\/wp-json\/wp\/v2\/soporte?post=8627"},{"taxonomy":"zona-geografica","embeddable":true,"href":"https:\/\/lij.ismeduca.com\/es\/wp-json\/wp\/v2\/zona-geografica?post=8627"},{"taxonomy":"autores","embeddable":true,"href":"https:\/\/lij.ismeduca.com\/es\/wp-json\/wp\/v2\/autores?post=8627"},{"taxonomy":"colecciones","embeddable":true,"href":"https:\/\/lij.ismeduca.com\/es\/wp-json\/wp\/v2\/colecciones?post=8627"},{"taxonomy":"personajes","embeddable":true,"href":"https:\/\/lij.ismeduca.com\/es\/wp-json\/wp\/v2\/personajes?post=8627"}],"curies":[{"name":"wp","href":"https:\/\/api.w.org\/{rel}","templated":true}]}}