{"id":8824,"date":"2021-07-08T00:00:00","date_gmt":"2024-07-11T11:46:11","guid":{"rendered":"https:\/\/lij.ismeduca.com\/tienda\/?post_type=product&#038;p=8824"},"modified":"2025-12-23T12:49:51","modified_gmt":"2025-12-23T11:49:51","slug":"el-bloc-de-la-joana-i-leric-2-historia-dun-robatori","status":"publish","type":"product","link":"https:\/\/lij.ismeduca.com\/es\/producto\/el-bloc-de-la-joana-i-leric-2-historia-dun-robatori\/","title":{"rendered":"El bloc de la Joana i l&#8217;\u00c8ric 2. Hist\u00f2ria d&#8217;un robatori"},"content":{"rendered":"","protected":false},"excerpt":{"rendered":"<p>La Joana i l&#8217;\u00c8ric reprenen el blog&nbsp;per explicar per qu\u00e8&nbsp; tornen a estar castigats, castigad\u00edssims, supercastigats. Aquest cop, tot va comen\u00e7ar&nbsp;quan van veure dos individus sospitosos&nbsp;observant la botiga del Pau, el rellotger de la pla\u00e7a.&nbsp;I si volien entrar-hi a robar?&nbsp;La Joana i l&#8217;\u00c8ric van decidir&nbsp;que havien d&#8217;impedir-ho fos com fos.&nbsp;I&#8230;, com ho van fer?&nbsp;Jugant-se la vida, evidentment!<\/p>\n","protected":false},"featured_media":36307,"template":"","meta":{"_acf_changed":false,"inline_featured_image":false},"product_brand":[],"product_cat":[4724],"product_tag":[268,599,1061,2058,1029,913],"asignatura":[],"compania":[258],"curso":[],"idiomas":[1951],"genero":[314],"linea":[250],"premio":[],"proyecto-editorial":[323],"tipo-de-libro":[249],"soporte":[2004],"zona-geografica":[],"autores":[3417,3418],"colecciones":[2247],"personajes":[],"class_list":{"0":"post-8824","1":"product","2":"type-product","3":"status-publish","4":"has-post-thumbnail","6":"product_cat-10-12-anos","7":"product_tag-amistad","8":"product_tag-curiosidad","9":"product_tag-informatica","10":"product_tag-ntx","11":"product_tag-ordenadores","12":"product_tag-travesuras","13":"pa_codigo-sap-ntx","14":"compania-editorial-cruilla-s-a-es","15":"idiomas-catalan","16":"genero-aventura","17":"linea-narrativa","18":"proyecto-editorial-6-12","19":"tipo-de-libro-fisico","20":"soporte-libro","21":"autores-elva-vazquez-lombardia","22":"autores-isaac-palmiola-creus","23":"colecciones-el-blog-de-la-joana-i-leric","25":"first","26":"instock","27":"taxable","28":"shipping-taxable","29":"purchasable","30":"product-type-simple"},"acf":{"id_catalogo":"650","shortTitle":"C-BJE.2 HISTORIA D'UN ROBATORI","descripcion":"<p>La Joana i l'\u00c8ric reprenen el blog&nbsp;per explicar per qu\u00e8&nbsp; tornen a estar castigats, castigad\u00edssims, supercastigats. Aquest cop, tot va comen\u00e7ar&nbsp;quan van veure dos individus sospitosos&nbsp;observant la botiga del Pau, el rellotger de la pla\u00e7a.&nbsp;I si volien entrar-hi a robar?&nbsp;La Joana i l'\u00c8ric van decidir&nbsp;que havien d'impedir-ho fos com fos.&nbsp;I..., com ho van fer?&nbsp;Jugant-se la vida, evidentment!<\/p>","adjuntos":null,"descriptivePhrases":[{"type":"General","text":"La Joana i l'\u00c8ric reprenen el seu blog per explicar la perip\u00e8cia que van viure  per evitar que robessin a la rellotgeria del barri."}],"productSap":"NTX","isbn":"9788466149518","precio_colegios":5.72,"precio_librerias":5.72,"precio_librerias_sin_cobertura":5.72,"precio_distribuidores":5.72,"fecha_disponibilidad":null,"fecha_comercial":"20210708","organizacion_venta":"CS01","datos_para_buscador":"Elva Vazquez Lombard\u00eda, Isaac Palmiola Creus, El blog de la Joana i l\u2019\u00c8ric, "},"yoast_head":"<!-- This site is optimized with the Yoast SEO plugin v26.6 - https:\/\/yoast.com\/wordpress\/plugins\/seo\/ -->\n<title>El bloc de la Joana i l&#039;\u00c8ric 2. Hist\u00f2ria d&#039;un robatori - Literatura SM Espa\u00f1a<\/title>\n<meta name=\"robots\" content=\"noindex, follow, max-snippet:-1, max-image-preview:large, max-video-preview:-1\" \/>\n<meta property=\"og:locale\" content=\"es_ES\" \/>\n<meta property=\"og:type\" content=\"article\" \/>\n<meta property=\"og:title\" content=\"El bloc de la Joana i l&#039;\u00c8ric 2. Hist\u00f2ria d&#039;un robatori - Literatura SM Espa\u00f1a\" \/>\n<meta property=\"og:url\" content=\"https:\/\/lij.ismeduca.com\/es\/producto\/el-bloc-de-la-joana-i-leric-2-historia-dun-robatori\/\" \/>\n<meta property=\"og:site_name\" content=\"Literatura SM Espa\u00f1a\" \/>\n<meta property=\"article:modified_time\" content=\"2025-12-23T11:49:51+00:00\" \/>\n<meta name=\"twitter:card\" content=\"summary_large_image\" \/>\n<script type=\"application\/ld+json\" class=\"yoast-schema-graph\">{\"@context\":\"https:\/\/schema.org\",\"@graph\":[{\"@type\":\"WebPage\",\"@id\":\"https:\/\/lij.ismeduca.com\/es\/producto\/el-bloc-de-la-joana-i-leric-2-historia-dun-robatori\/\",\"url\":\"https:\/\/lij.ismeduca.com\/es\/producto\/el-bloc-de-la-joana-i-leric-2-historia-dun-robatori\/\",\"name\":\"El bloc de la Joana i l'\u00c8ric 2. Hist\u00f2ria d'un robatori - Literatura SM Espa\u00f1a\",\"isPartOf\":{\"@id\":\"https:\/\/lij.ismeduca.com\/es\/#website\"},\"primaryImageOfPage\":{\"@id\":\"https:\/\/lij.ismeduca.com\/es\/producto\/el-bloc-de-la-joana-i-leric-2-historia-dun-robatori\/#primaryimage\"},\"image\":{\"@id\":\"https:\/\/lij.ismeduca.com\/es\/producto\/el-bloc-de-la-joana-i-leric-2-historia-dun-robatori\/#primaryimage\"},\"thumbnailUrl\":\"https:\/\/lij.ismeduca.com\/es\/wp-content\/uploads\/sites\/10\/2025\/12\/8824.jpg\",\"datePublished\":\"2024-07-11T11:46:11+00:00\",\"dateModified\":\"2025-12-23T11:49:51+00:00\",\"breadcrumb\":{\"@id\":\"https:\/\/lij.ismeduca.com\/es\/producto\/el-bloc-de-la-joana-i-leric-2-historia-dun-robatori\/#breadcrumb\"},\"inLanguage\":\"es\",\"potentialAction\":[{\"@type\":\"ReadAction\",\"target\":[\"https:\/\/lij.ismeduca.com\/es\/producto\/el-bloc-de-la-joana-i-leric-2-historia-dun-robatori\/\"]}]},{\"@type\":\"ImageObject\",\"inLanguage\":\"es\",\"@id\":\"https:\/\/lij.ismeduca.com\/es\/producto\/el-bloc-de-la-joana-i-leric-2-historia-dun-robatori\/#primaryimage\",\"url\":\"https:\/\/lij.ismeduca.com\/es\/wp-content\/uploads\/sites\/10\/2025\/12\/8824.jpg\",\"contentUrl\":\"https:\/\/lij.ismeduca.com\/es\/wp-content\/uploads\/sites\/10\/2025\/12\/8824.jpg\",\"width\":600,\"height\":840},{\"@type\":\"BreadcrumbList\",\"@id\":\"https:\/\/lij.ismeduca.com\/es\/producto\/el-bloc-de-la-joana-i-leric-2-historia-dun-robatori\/#breadcrumb\",\"itemListElement\":[{\"@type\":\"ListItem\",\"position\":1,\"name\":\"Portada\",\"item\":\"https:\/\/lij.ismeduca.com\/es\/\"},{\"@type\":\"ListItem\",\"position\":2,\"name\":\"Tienda\",\"item\":\"https:\/\/lij.ismeduca.com\/es\/tienda\/\"},{\"@type\":\"ListItem\",\"position\":3,\"name\":\"El bloc de la Joana i l&#8217;\u00c8ric 2. Hist\u00f2ria d&#8217;un robatori\"}]},{\"@type\":\"WebSite\",\"@id\":\"https:\/\/lij.ismeduca.com\/es\/#website\",\"url\":\"https:\/\/lij.ismeduca.com\/es\/\",\"name\":\"Literatura SM Espa\u00f1a\",\"description\":\"\",\"publisher\":{\"@id\":\"https:\/\/lij.ismeduca.com\/es\/#organization\"},\"potentialAction\":[{\"@type\":\"SearchAction\",\"target\":{\"@type\":\"EntryPoint\",\"urlTemplate\":\"https:\/\/lij.ismeduca.com\/es\/?s={search_term_string}\"},\"query-input\":{\"@type\":\"PropertyValueSpecification\",\"valueRequired\":true,\"valueName\":\"search_term_string\"}}],\"inLanguage\":\"es\"},{\"@type\":\"Organization\",\"@id\":\"https:\/\/lij.ismeduca.com\/es\/#organization\",\"name\":\"Literatura SM Espa\u00f1a\",\"url\":\"https:\/\/lij.ismeduca.com\/es\/\",\"logo\":{\"@type\":\"ImageObject\",\"inLanguage\":\"es\",\"@id\":\"https:\/\/lij.ismeduca.com\/es\/#\/schema\/logo\/image\/\",\"url\":\"https:\/\/lij.ismeduca.com\/es\/wp-content\/uploads\/sites\/10\/2024\/07\/logo-cabecera.png\",\"contentUrl\":\"https:\/\/lij.ismeduca.com\/es\/wp-content\/uploads\/sites\/10\/2024\/07\/logo-cabecera.png\",\"width\":396,\"height\":64,\"caption\":\"Literatura SM Espa\u00f1a\"},\"image\":{\"@id\":\"https:\/\/lij.ismeduca.com\/es\/#\/schema\/logo\/image\/\"}}]}<\/script>\n<!-- \/ Yoast SEO plugin. -->","yoast_head_json":{"title":"El bloc de la Joana i l'\u00c8ric 2. Hist\u00f2ria d'un robatori - Literatura SM Espa\u00f1a","robots":{"index":"noindex","follow":"follow","max-snippet":"max-snippet:-1","max-image-preview":"max-image-preview:large","max-video-preview":"max-video-preview:-1"},"og_locale":"es_ES","og_type":"article","og_title":"El bloc de la Joana i l'\u00c8ric 2. Hist\u00f2ria d'un robatori - Literatura SM Espa\u00f1a","og_url":"https:\/\/lij.ismeduca.com\/es\/producto\/el-bloc-de-la-joana-i-leric-2-historia-dun-robatori\/","og_site_name":"Literatura SM Espa\u00f1a","article_modified_time":"2025-12-23T11:49:51+00:00","twitter_card":"summary_large_image","schema":{"@context":"https:\/\/schema.org","@graph":[{"@type":"WebPage","@id":"https:\/\/lij.ismeduca.com\/es\/producto\/el-bloc-de-la-joana-i-leric-2-historia-dun-robatori\/","url":"https:\/\/lij.ismeduca.com\/es\/producto\/el-bloc-de-la-joana-i-leric-2-historia-dun-robatori\/","name":"El bloc de la Joana i l'\u00c8ric 2. Hist\u00f2ria d'un robatori - Literatura SM Espa\u00f1a","isPartOf":{"@id":"https:\/\/lij.ismeduca.com\/es\/#website"},"primaryImageOfPage":{"@id":"https:\/\/lij.ismeduca.com\/es\/producto\/el-bloc-de-la-joana-i-leric-2-historia-dun-robatori\/#primaryimage"},"image":{"@id":"https:\/\/lij.ismeduca.com\/es\/producto\/el-bloc-de-la-joana-i-leric-2-historia-dun-robatori\/#primaryimage"},"thumbnailUrl":"https:\/\/lij.ismeduca.com\/es\/wp-content\/uploads\/sites\/10\/2025\/12\/8824.jpg","datePublished":"2024-07-11T11:46:11+00:00","dateModified":"2025-12-23T11:49:51+00:00","breadcrumb":{"@id":"https:\/\/lij.ismeduca.com\/es\/producto\/el-bloc-de-la-joana-i-leric-2-historia-dun-robatori\/#breadcrumb"},"inLanguage":"es","potentialAction":[{"@type":"ReadAction","target":["https:\/\/lij.ismeduca.com\/es\/producto\/el-bloc-de-la-joana-i-leric-2-historia-dun-robatori\/"]}]},{"@type":"ImageObject","inLanguage":"es","@id":"https:\/\/lij.ismeduca.com\/es\/producto\/el-bloc-de-la-joana-i-leric-2-historia-dun-robatori\/#primaryimage","url":"https:\/\/lij.ismeduca.com\/es\/wp-content\/uploads\/sites\/10\/2025\/12\/8824.jpg","contentUrl":"https:\/\/lij.ismeduca.com\/es\/wp-content\/uploads\/sites\/10\/2025\/12\/8824.jpg","width":600,"height":840},{"@type":"BreadcrumbList","@id":"https:\/\/lij.ismeduca.com\/es\/producto\/el-bloc-de-la-joana-i-leric-2-historia-dun-robatori\/#breadcrumb","itemListElement":[{"@type":"ListItem","position":1,"name":"Portada","item":"https:\/\/lij.ismeduca.com\/es\/"},{"@type":"ListItem","position":2,"name":"Tienda","item":"https:\/\/lij.ismeduca.com\/es\/tienda\/"},{"@type":"ListItem","position":3,"name":"El bloc de la Joana i l&#8217;\u00c8ric 2. Hist\u00f2ria d&#8217;un robatori"}]},{"@type":"WebSite","@id":"https:\/\/lij.ismeduca.com\/es\/#website","url":"https:\/\/lij.ismeduca.com\/es\/","name":"Literatura SM Espa\u00f1a","description":"","publisher":{"@id":"https:\/\/lij.ismeduca.com\/es\/#organization"},"potentialAction":[{"@type":"SearchAction","target":{"@type":"EntryPoint","urlTemplate":"https:\/\/lij.ismeduca.com\/es\/?s={search_term_string}"},"query-input":{"@type":"PropertyValueSpecification","valueRequired":true,"valueName":"search_term_string"}}],"inLanguage":"es"},{"@type":"Organization","@id":"https:\/\/lij.ismeduca.com\/es\/#organization","name":"Literatura SM Espa\u00f1a","url":"https:\/\/lij.ismeduca.com\/es\/","logo":{"@type":"ImageObject","inLanguage":"es","@id":"https:\/\/lij.ismeduca.com\/es\/#\/schema\/logo\/image\/","url":"https:\/\/lij.ismeduca.com\/es\/wp-content\/uploads\/sites\/10\/2024\/07\/logo-cabecera.png","contentUrl":"https:\/\/lij.ismeduca.com\/es\/wp-content\/uploads\/sites\/10\/2024\/07\/logo-cabecera.png","width":396,"height":64,"caption":"Literatura SM Espa\u00f1a"},"image":{"@id":"https:\/\/lij.ismeduca.com\/es\/#\/schema\/logo\/image\/"}}]}},"_links":{"self":[{"href":"https:\/\/lij.ismeduca.com\/es\/wp-json\/wp\/v2\/product\/8824","targetHints":{"allow":["GET"]}}],"collection":[{"href":"https:\/\/lij.ismeduca.com\/es\/wp-json\/wp\/v2\/product"}],"about":[{"href":"https:\/\/lij.ismeduca.com\/es\/wp-json\/wp\/v2\/types\/product"}],"version-history":[{"count":1,"href":"https:\/\/lij.ismeduca.com\/es\/wp-json\/wp\/v2\/product\/8824\/revisions"}],"predecessor-version":[{"id":33045,"href":"https:\/\/lij.ismeduca.com\/es\/wp-json\/wp\/v2\/product\/8824\/revisions\/33045"}],"wp:featuredmedia":[{"embeddable":true,"href":"https:\/\/lij.ismeduca.com\/es\/wp-json\/wp\/v2\/media\/36307"}],"wp:attachment":[{"href":"https:\/\/lij.ismeduca.com\/es\/wp-json\/wp\/v2\/media?parent=8824"}],"wp:term":[{"taxonomy":"product_brand","embeddable":true,"href":"https:\/\/lij.ismeduca.com\/es\/wp-json\/wp\/v2\/product_brand?post=8824"},{"taxonomy":"product_cat","embeddable":true,"href":"https:\/\/lij.ismeduca.com\/es\/wp-json\/wp\/v2\/product_cat?post=8824"},{"taxonomy":"product_tag","embeddable":true,"href":"https:\/\/lij.ismeduca.com\/es\/wp-json\/wp\/v2\/product_tag?post=8824"},{"taxonomy":"asignatura","embeddable":true,"href":"https:\/\/lij.ismeduca.com\/es\/wp-json\/wp\/v2\/asignatura?post=8824"},{"taxonomy":"compania","embeddable":true,"href":"https:\/\/lij.ismeduca.com\/es\/wp-json\/wp\/v2\/compania?post=8824"},{"taxonomy":"curso","embeddable":true,"href":"https:\/\/lij.ismeduca.com\/es\/wp-json\/wp\/v2\/curso?post=8824"},{"taxonomy":"idiomas","embeddable":true,"href":"https:\/\/lij.ismeduca.com\/es\/wp-json\/wp\/v2\/idiomas?post=8824"},{"taxonomy":"genero","embeddable":true,"href":"https:\/\/lij.ismeduca.com\/es\/wp-json\/wp\/v2\/genero?post=8824"},{"taxonomy":"linea","embeddable":true,"href":"https:\/\/lij.ismeduca.com\/es\/wp-json\/wp\/v2\/linea?post=8824"},{"taxonomy":"premio","embeddable":true,"href":"https:\/\/lij.ismeduca.com\/es\/wp-json\/wp\/v2\/premio?post=8824"},{"taxonomy":"proyecto-editorial","embeddable":true,"href":"https:\/\/lij.ismeduca.com\/es\/wp-json\/wp\/v2\/proyecto-editorial?post=8824"},{"taxonomy":"tipo-de-libro","embeddable":true,"href":"https:\/\/lij.ismeduca.com\/es\/wp-json\/wp\/v2\/tipo-de-libro?post=8824"},{"taxonomy":"soporte","embeddable":true,"href":"https:\/\/lij.ismeduca.com\/es\/wp-json\/wp\/v2\/soporte?post=8824"},{"taxonomy":"zona-geografica","embeddable":true,"href":"https:\/\/lij.ismeduca.com\/es\/wp-json\/wp\/v2\/zona-geografica?post=8824"},{"taxonomy":"autores","embeddable":true,"href":"https:\/\/lij.ismeduca.com\/es\/wp-json\/wp\/v2\/autores?post=8824"},{"taxonomy":"colecciones","embeddable":true,"href":"https:\/\/lij.ismeduca.com\/es\/wp-json\/wp\/v2\/colecciones?post=8824"},{"taxonomy":"personajes","embeddable":true,"href":"https:\/\/lij.ismeduca.com\/es\/wp-json\/wp\/v2\/personajes?post=8824"}],"curies":[{"name":"wp","href":"https:\/\/api.w.org\/{rel}","templated":true}]}}