{"id":8825,"date":"2022-03-10T00:00:00","date_gmt":"2024-07-11T11:46:11","guid":{"rendered":"https:\/\/lij.ismeduca.com\/tienda\/?post_type=product&#038;p=8825"},"modified":"2025-12-23T12:55:36","modified_gmt":"2025-12-23T11:55:36","slug":"el-bloc-de-la-joana-i-leric-3-historia-duna-estafa","status":"publish","type":"product","link":"https:\/\/lij.ismeduca.com\/es\/producto\/el-bloc-de-la-joana-i-leric-3-historia-duna-estafa\/","title":{"rendered":"El bloc de la Joana i l&#8217;\u00c8ric 3. Hist\u00f2ria d&#8217;una estafa"},"content":{"rendered":"","protected":false},"excerpt":{"rendered":"<p>La Joana i l&#8217;\u00c8ric reprenen el seu blog per explicar que aquesta vegada&nbsp;s\u00f3n els seus pares els qui haurien d&#8217;estar castigats, castigad\u00edssims, supercastigats&#8230; I \u00e9s que, quan els dos amics van descobrir les intencions perverses d&#8217;uns delinq\u00fcents sense escr\u00fapols, els pares no els van creure! Llavors es van haver d&#8217;empescar un pla esbojarrat per desemmascarar els criminals. Per\u00f2, una mica m\u00e9s i no ho expliquen!<\/p>\n","protected":false},"featured_media":36303,"template":"","meta":{"_acf_changed":false,"inline_featured_image":false},"product_brand":[],"product_cat":[4724],"product_tag":[268,484,1061,2058,1029,913],"asignatura":[],"compania":[258],"curso":[],"idiomas":[1951],"genero":[314],"linea":[250],"premio":[],"proyecto-editorial":[323],"tipo-de-libro":[249],"soporte":[2004],"zona-geografica":[],"autores":[3417,3418],"colecciones":[2247],"personajes":[],"class_list":{"0":"post-8825","1":"product","2":"type-product","3":"status-publish","4":"has-post-thumbnail","6":"product_cat-10-12-anos","7":"product_tag-amistad","8":"product_tag-especies-en-peligro-de-extincion","9":"product_tag-informatica","10":"product_tag-ntx","11":"product_tag-ordenadores","12":"product_tag-travesuras","13":"pa_codigo-sap-ntx","14":"compania-editorial-cruilla-s-a-es","15":"idiomas-catalan","16":"genero-aventura","17":"linea-narrativa","18":"proyecto-editorial-6-12","19":"tipo-de-libro-fisico","20":"soporte-libro","21":"autores-elva-vazquez-lombardia","22":"autores-isaac-palmiola-creus","23":"colecciones-el-blog-de-la-joana-i-leric","25":"first","26":"instock","27":"taxable","28":"shipping-taxable","29":"purchasable","30":"product-type-simple"},"acf":{"id_catalogo":"650","shortTitle":"C-BJE.3 HISTORIA D'UNA ESTAFA","descripcion":"<p>La Joana i l'\u00c8ric reprenen el seu blog per explicar que aquesta vegada&nbsp;s\u00f3n els seus pares els qui haurien d'estar castigats, castigad\u00edssims, supercastigats... I \u00e9s que, quan els dos amics van descobrir les intencions perverses d'uns delinq\u00fcents sense escr\u00fapols, els pares no els van creure! Llavors es van haver d'empescar un pla esbojarrat per desemmascarar els criminals. Per\u00f2, una mica m\u00e9s i no ho expliquen!<\/p>","adjuntos":null,"descriptivePhrases":[{"type":"General","text":"La Joana i l'\u00c8ric expliquen, al seu blog, la perip\u00e8cia que van viure en descobrir els plans d'uns delinq\u00fcents molt perillosos."}],"productSap":"NTX","isbn":"9788466150347","precio_colegios":5.72,"precio_librerias":5.72,"precio_librerias_sin_cobertura":5.72,"precio_distribuidores":5.72,"fecha_disponibilidad":null,"fecha_comercial":"20220310","organizacion_venta":"CS01","datos_para_buscador":"Elva Vazquez Lombard\u00eda, Isaac Palmiola Creus, El blog de la Joana i l\u2019\u00c8ric, "},"yoast_head":"<!-- This site is optimized with the Yoast SEO plugin v26.6 - https:\/\/yoast.com\/wordpress\/plugins\/seo\/ -->\n<title>El bloc de la Joana i l&#039;\u00c8ric 3. Hist\u00f2ria d&#039;una estafa - Literatura SM Espa\u00f1a<\/title>\n<meta name=\"robots\" content=\"noindex, follow, max-snippet:-1, max-image-preview:large, max-video-preview:-1\" \/>\n<meta property=\"og:locale\" content=\"es_ES\" \/>\n<meta property=\"og:type\" content=\"article\" \/>\n<meta property=\"og:title\" content=\"El bloc de la Joana i l&#039;\u00c8ric 3. Hist\u00f2ria d&#039;una estafa - Literatura SM Espa\u00f1a\" \/>\n<meta property=\"og:url\" content=\"https:\/\/lij.ismeduca.com\/es\/producto\/el-bloc-de-la-joana-i-leric-3-historia-duna-estafa\/\" \/>\n<meta property=\"og:site_name\" content=\"Literatura SM Espa\u00f1a\" \/>\n<meta property=\"article:modified_time\" content=\"2025-12-23T11:55:36+00:00\" \/>\n<meta name=\"twitter:card\" content=\"summary_large_image\" \/>\n<script type=\"application\/ld+json\" class=\"yoast-schema-graph\">{\"@context\":\"https:\/\/schema.org\",\"@graph\":[{\"@type\":\"WebPage\",\"@id\":\"https:\/\/lij.ismeduca.com\/es\/producto\/el-bloc-de-la-joana-i-leric-3-historia-duna-estafa\/\",\"url\":\"https:\/\/lij.ismeduca.com\/es\/producto\/el-bloc-de-la-joana-i-leric-3-historia-duna-estafa\/\",\"name\":\"El bloc de la Joana i l'\u00c8ric 3. Hist\u00f2ria d'una estafa - Literatura SM Espa\u00f1a\",\"isPartOf\":{\"@id\":\"https:\/\/lij.ismeduca.com\/es\/#website\"},\"primaryImageOfPage\":{\"@id\":\"https:\/\/lij.ismeduca.com\/es\/producto\/el-bloc-de-la-joana-i-leric-3-historia-duna-estafa\/#primaryimage\"},\"image\":{\"@id\":\"https:\/\/lij.ismeduca.com\/es\/producto\/el-bloc-de-la-joana-i-leric-3-historia-duna-estafa\/#primaryimage\"},\"thumbnailUrl\":\"https:\/\/lij.ismeduca.com\/es\/wp-content\/uploads\/sites\/10\/2025\/12\/8825.jpg\",\"datePublished\":\"2024-07-11T11:46:11+00:00\",\"dateModified\":\"2025-12-23T11:55:36+00:00\",\"breadcrumb\":{\"@id\":\"https:\/\/lij.ismeduca.com\/es\/producto\/el-bloc-de-la-joana-i-leric-3-historia-duna-estafa\/#breadcrumb\"},\"inLanguage\":\"es\",\"potentialAction\":[{\"@type\":\"ReadAction\",\"target\":[\"https:\/\/lij.ismeduca.com\/es\/producto\/el-bloc-de-la-joana-i-leric-3-historia-duna-estafa\/\"]}]},{\"@type\":\"ImageObject\",\"inLanguage\":\"es\",\"@id\":\"https:\/\/lij.ismeduca.com\/es\/producto\/el-bloc-de-la-joana-i-leric-3-historia-duna-estafa\/#primaryimage\",\"url\":\"https:\/\/lij.ismeduca.com\/es\/wp-content\/uploads\/sites\/10\/2025\/12\/8825.jpg\",\"contentUrl\":\"https:\/\/lij.ismeduca.com\/es\/wp-content\/uploads\/sites\/10\/2025\/12\/8825.jpg\",\"width\":600,\"height\":865},{\"@type\":\"BreadcrumbList\",\"@id\":\"https:\/\/lij.ismeduca.com\/es\/producto\/el-bloc-de-la-joana-i-leric-3-historia-duna-estafa\/#breadcrumb\",\"itemListElement\":[{\"@type\":\"ListItem\",\"position\":1,\"name\":\"Portada\",\"item\":\"https:\/\/lij.ismeduca.com\/es\/\"},{\"@type\":\"ListItem\",\"position\":2,\"name\":\"Tienda\",\"item\":\"https:\/\/lij.ismeduca.com\/es\/tienda\/\"},{\"@type\":\"ListItem\",\"position\":3,\"name\":\"El bloc de la Joana i l&#8217;\u00c8ric 3. Hist\u00f2ria d&#8217;una estafa\"}]},{\"@type\":\"WebSite\",\"@id\":\"https:\/\/lij.ismeduca.com\/es\/#website\",\"url\":\"https:\/\/lij.ismeduca.com\/es\/\",\"name\":\"Literatura SM Espa\u00f1a\",\"description\":\"\",\"publisher\":{\"@id\":\"https:\/\/lij.ismeduca.com\/es\/#organization\"},\"potentialAction\":[{\"@type\":\"SearchAction\",\"target\":{\"@type\":\"EntryPoint\",\"urlTemplate\":\"https:\/\/lij.ismeduca.com\/es\/?s={search_term_string}\"},\"query-input\":{\"@type\":\"PropertyValueSpecification\",\"valueRequired\":true,\"valueName\":\"search_term_string\"}}],\"inLanguage\":\"es\"},{\"@type\":\"Organization\",\"@id\":\"https:\/\/lij.ismeduca.com\/es\/#organization\",\"name\":\"Literatura SM Espa\u00f1a\",\"url\":\"https:\/\/lij.ismeduca.com\/es\/\",\"logo\":{\"@type\":\"ImageObject\",\"inLanguage\":\"es\",\"@id\":\"https:\/\/lij.ismeduca.com\/es\/#\/schema\/logo\/image\/\",\"url\":\"https:\/\/lij.ismeduca.com\/es\/wp-content\/uploads\/sites\/10\/2024\/07\/logo-cabecera.png\",\"contentUrl\":\"https:\/\/lij.ismeduca.com\/es\/wp-content\/uploads\/sites\/10\/2024\/07\/logo-cabecera.png\",\"width\":396,\"height\":64,\"caption\":\"Literatura SM Espa\u00f1a\"},\"image\":{\"@id\":\"https:\/\/lij.ismeduca.com\/es\/#\/schema\/logo\/image\/\"}}]}<\/script>\n<!-- \/ Yoast SEO plugin. -->","yoast_head_json":{"title":"El bloc de la Joana i l'\u00c8ric 3. Hist\u00f2ria d'una estafa - Literatura SM Espa\u00f1a","robots":{"index":"noindex","follow":"follow","max-snippet":"max-snippet:-1","max-image-preview":"max-image-preview:large","max-video-preview":"max-video-preview:-1"},"og_locale":"es_ES","og_type":"article","og_title":"El bloc de la Joana i l'\u00c8ric 3. Hist\u00f2ria d'una estafa - Literatura SM Espa\u00f1a","og_url":"https:\/\/lij.ismeduca.com\/es\/producto\/el-bloc-de-la-joana-i-leric-3-historia-duna-estafa\/","og_site_name":"Literatura SM Espa\u00f1a","article_modified_time":"2025-12-23T11:55:36+00:00","twitter_card":"summary_large_image","schema":{"@context":"https:\/\/schema.org","@graph":[{"@type":"WebPage","@id":"https:\/\/lij.ismeduca.com\/es\/producto\/el-bloc-de-la-joana-i-leric-3-historia-duna-estafa\/","url":"https:\/\/lij.ismeduca.com\/es\/producto\/el-bloc-de-la-joana-i-leric-3-historia-duna-estafa\/","name":"El bloc de la Joana i l'\u00c8ric 3. Hist\u00f2ria d'una estafa - Literatura SM Espa\u00f1a","isPartOf":{"@id":"https:\/\/lij.ismeduca.com\/es\/#website"},"primaryImageOfPage":{"@id":"https:\/\/lij.ismeduca.com\/es\/producto\/el-bloc-de-la-joana-i-leric-3-historia-duna-estafa\/#primaryimage"},"image":{"@id":"https:\/\/lij.ismeduca.com\/es\/producto\/el-bloc-de-la-joana-i-leric-3-historia-duna-estafa\/#primaryimage"},"thumbnailUrl":"https:\/\/lij.ismeduca.com\/es\/wp-content\/uploads\/sites\/10\/2025\/12\/8825.jpg","datePublished":"2024-07-11T11:46:11+00:00","dateModified":"2025-12-23T11:55:36+00:00","breadcrumb":{"@id":"https:\/\/lij.ismeduca.com\/es\/producto\/el-bloc-de-la-joana-i-leric-3-historia-duna-estafa\/#breadcrumb"},"inLanguage":"es","potentialAction":[{"@type":"ReadAction","target":["https:\/\/lij.ismeduca.com\/es\/producto\/el-bloc-de-la-joana-i-leric-3-historia-duna-estafa\/"]}]},{"@type":"ImageObject","inLanguage":"es","@id":"https:\/\/lij.ismeduca.com\/es\/producto\/el-bloc-de-la-joana-i-leric-3-historia-duna-estafa\/#primaryimage","url":"https:\/\/lij.ismeduca.com\/es\/wp-content\/uploads\/sites\/10\/2025\/12\/8825.jpg","contentUrl":"https:\/\/lij.ismeduca.com\/es\/wp-content\/uploads\/sites\/10\/2025\/12\/8825.jpg","width":600,"height":865},{"@type":"BreadcrumbList","@id":"https:\/\/lij.ismeduca.com\/es\/producto\/el-bloc-de-la-joana-i-leric-3-historia-duna-estafa\/#breadcrumb","itemListElement":[{"@type":"ListItem","position":1,"name":"Portada","item":"https:\/\/lij.ismeduca.com\/es\/"},{"@type":"ListItem","position":2,"name":"Tienda","item":"https:\/\/lij.ismeduca.com\/es\/tienda\/"},{"@type":"ListItem","position":3,"name":"El bloc de la Joana i l&#8217;\u00c8ric 3. Hist\u00f2ria d&#8217;una estafa"}]},{"@type":"WebSite","@id":"https:\/\/lij.ismeduca.com\/es\/#website","url":"https:\/\/lij.ismeduca.com\/es\/","name":"Literatura SM Espa\u00f1a","description":"","publisher":{"@id":"https:\/\/lij.ismeduca.com\/es\/#organization"},"potentialAction":[{"@type":"SearchAction","target":{"@type":"EntryPoint","urlTemplate":"https:\/\/lij.ismeduca.com\/es\/?s={search_term_string}"},"query-input":{"@type":"PropertyValueSpecification","valueRequired":true,"valueName":"search_term_string"}}],"inLanguage":"es"},{"@type":"Organization","@id":"https:\/\/lij.ismeduca.com\/es\/#organization","name":"Literatura SM Espa\u00f1a","url":"https:\/\/lij.ismeduca.com\/es\/","logo":{"@type":"ImageObject","inLanguage":"es","@id":"https:\/\/lij.ismeduca.com\/es\/#\/schema\/logo\/image\/","url":"https:\/\/lij.ismeduca.com\/es\/wp-content\/uploads\/sites\/10\/2024\/07\/logo-cabecera.png","contentUrl":"https:\/\/lij.ismeduca.com\/es\/wp-content\/uploads\/sites\/10\/2024\/07\/logo-cabecera.png","width":396,"height":64,"caption":"Literatura SM Espa\u00f1a"},"image":{"@id":"https:\/\/lij.ismeduca.com\/es\/#\/schema\/logo\/image\/"}}]}},"_links":{"self":[{"href":"https:\/\/lij.ismeduca.com\/es\/wp-json\/wp\/v2\/product\/8825","targetHints":{"allow":["GET"]}}],"collection":[{"href":"https:\/\/lij.ismeduca.com\/es\/wp-json\/wp\/v2\/product"}],"about":[{"href":"https:\/\/lij.ismeduca.com\/es\/wp-json\/wp\/v2\/types\/product"}],"version-history":[{"count":1,"href":"https:\/\/lij.ismeduca.com\/es\/wp-json\/wp\/v2\/product\/8825\/revisions"}],"predecessor-version":[{"id":36304,"href":"https:\/\/lij.ismeduca.com\/es\/wp-json\/wp\/v2\/product\/8825\/revisions\/36304"}],"wp:featuredmedia":[{"embeddable":true,"href":"https:\/\/lij.ismeduca.com\/es\/wp-json\/wp\/v2\/media\/36303"}],"wp:attachment":[{"href":"https:\/\/lij.ismeduca.com\/es\/wp-json\/wp\/v2\/media?parent=8825"}],"wp:term":[{"taxonomy":"product_brand","embeddable":true,"href":"https:\/\/lij.ismeduca.com\/es\/wp-json\/wp\/v2\/product_brand?post=8825"},{"taxonomy":"product_cat","embeddable":true,"href":"https:\/\/lij.ismeduca.com\/es\/wp-json\/wp\/v2\/product_cat?post=8825"},{"taxonomy":"product_tag","embeddable":true,"href":"https:\/\/lij.ismeduca.com\/es\/wp-json\/wp\/v2\/product_tag?post=8825"},{"taxonomy":"asignatura","embeddable":true,"href":"https:\/\/lij.ismeduca.com\/es\/wp-json\/wp\/v2\/asignatura?post=8825"},{"taxonomy":"compania","embeddable":true,"href":"https:\/\/lij.ismeduca.com\/es\/wp-json\/wp\/v2\/compania?post=8825"},{"taxonomy":"curso","embeddable":true,"href":"https:\/\/lij.ismeduca.com\/es\/wp-json\/wp\/v2\/curso?post=8825"},{"taxonomy":"idiomas","embeddable":true,"href":"https:\/\/lij.ismeduca.com\/es\/wp-json\/wp\/v2\/idiomas?post=8825"},{"taxonomy":"genero","embeddable":true,"href":"https:\/\/lij.ismeduca.com\/es\/wp-json\/wp\/v2\/genero?post=8825"},{"taxonomy":"linea","embeddable":true,"href":"https:\/\/lij.ismeduca.com\/es\/wp-json\/wp\/v2\/linea?post=8825"},{"taxonomy":"premio","embeddable":true,"href":"https:\/\/lij.ismeduca.com\/es\/wp-json\/wp\/v2\/premio?post=8825"},{"taxonomy":"proyecto-editorial","embeddable":true,"href":"https:\/\/lij.ismeduca.com\/es\/wp-json\/wp\/v2\/proyecto-editorial?post=8825"},{"taxonomy":"tipo-de-libro","embeddable":true,"href":"https:\/\/lij.ismeduca.com\/es\/wp-json\/wp\/v2\/tipo-de-libro?post=8825"},{"taxonomy":"soporte","embeddable":true,"href":"https:\/\/lij.ismeduca.com\/es\/wp-json\/wp\/v2\/soporte?post=8825"},{"taxonomy":"zona-geografica","embeddable":true,"href":"https:\/\/lij.ismeduca.com\/es\/wp-json\/wp\/v2\/zona-geografica?post=8825"},{"taxonomy":"autores","embeddable":true,"href":"https:\/\/lij.ismeduca.com\/es\/wp-json\/wp\/v2\/autores?post=8825"},{"taxonomy":"colecciones","embeddable":true,"href":"https:\/\/lij.ismeduca.com\/es\/wp-json\/wp\/v2\/colecciones?post=8825"},{"taxonomy":"personajes","embeddable":true,"href":"https:\/\/lij.ismeduca.com\/es\/wp-json\/wp\/v2\/personajes?post=8825"}],"curies":[{"name":"wp","href":"https:\/\/api.w.org\/{rel}","templated":true}]}}