{"id":8900,"date":"2023-10-19T00:00:00","date_gmt":"2024-07-11T11:47:47","guid":{"rendered":"https:\/\/lij.ismeduca.com\/tienda\/?post_type=product&#038;p=8900"},"modified":"2025-12-23T13:01:11","modified_gmt":"2025-12-23T12:01:11","slug":"omnitubers-secretos-2-el-gran-robo-del-omniverso","status":"publish","type":"product","link":"https:\/\/lij.ismeduca.com\/es\/producto\/omnitubers-secretos-2-el-gran-robo-del-omniverso\/","title":{"rendered":"Omnitubers Secretos 2: El gran robo del Omniverso"},"content":{"rendered":"","protected":false},"excerpt":{"rendered":"<p>Sara, Hugo, Adri\u00e1n y Fiokara est\u00e1n deseando disfrutar del premio que han ganado en el concurso de omnitubers: \u00a1un tour por&nbsp;las mayores maravillas del Omniverso! Pero, cuando su viaje empieza, se dan cuenta de que un criminal misterioso se quiere aprovechar de su fama para cometer grandes robos&#8230; Y los problemas de su fama no acaban ah\u00ed: uno de los cuatro amigos se est\u00e1 enganchando demasiado a eso de postear v\u00eddeos y est\u00e1 descuidando su vida real.<\/p>\n<p>\u00bfLograr\u00e1n los Omnitubers Secretos descubrir al misterioso criminal? \u00bfLe pondr\u00e1n las pilas a su amigo? Y, sobre todo, \u00bfconseguir\u00e1n hacer todo eso mientras flipan en colores ante los dinosaurios gigantescos, los laberintos sin fin, las playas interminables y los cientos de helados incre\u00edbles que encontrar\u00e1n en su viaje? (Por no hablar de otras maravillas gal\u00e1cticas&#8230;).<\/p>\n<p>Pues seguro que lo consiguen, para qu\u00e9 vamos a negarlo. Y, mientras tanto, correr\u00e1n aventuras vertiginosas, emocionantes y muy muy locas. \u00bf\u00a1Quieres viajar con ellos!?&nbsp;&nbsp;<\/p>\n","protected":false},"featured_media":36505,"template":"","meta":{"_acf_changed":false,"inline_featured_image":false},"product_brand":[],"product_cat":[4734],"product_tag":[268,852,977,297,916,253,2058,965,326,950],"asignatura":[],"compania":[252],"curso":[],"idiomas":[1948],"genero":[256],"linea":[250],"premio":[],"proyecto-editorial":[323],"tipo-de-libro":[249],"soporte":[2004],"zona-geografica":[],"autores":[2715,2714],"colecciones":[2180],"personajes":[2080],"class_list":{"0":"post-8900","1":"product","2":"type-product","3":"status-publish","4":"has-post-thumbnail","6":"product_cat-omnitubers-secretos","7":"product_tag-amistad","8":"product_tag-autonomia-e-iniciativa-personal-competencia","9":"product_tag-internet","10":"product_tag-literatura-de-aventuras","11":"product_tag-literatura-de-ciencia-ficcion","12":"product_tag-literatura-de-humor","13":"product_tag-ntx","14":"product_tag-redes-sociales","15":"product_tag-relaciones-interpersonales","16":"product_tag-tecnologias-de-la-informacion-y-la-comunicacion","17":"pa_codigo-sap-ntx","18":"compania-f-sta-maria-ediciones-sm-es","19":"idiomas-espanol","20":"genero-humor","21":"linea-narrativa","22":"proyecto-editorial-6-12","23":"tipo-de-libro-fisico","24":"soporte-libro","25":"autores-david-dominguez","26":"autores-henar-torinos","27":"colecciones-omnitubers-secretos","28":"personajes-omnitubers-secretos","30":"first","31":"instock","32":"taxable","33":"shipping-taxable","34":"purchasable","35":"product-type-simple"},"acf":{"id_catalogo":"650","shortTitle":"OMS.002 EL GRAN ROBO DEL OMNIVERSO","descripcion":"<p>Sara, Hugo, Adri\u00e1n y Fiokara est\u00e1n deseando disfrutar del premio que han ganado en el concurso de omnitubers: \u00a1un tour por&nbsp;las mayores maravillas del Omniverso! Pero, cuando su viaje empieza, se dan cuenta de que un criminal misterioso se quiere aprovechar de su fama para cometer grandes robos... Y los problemas de su fama no acaban ah\u00ed: uno de los cuatro amigos se est\u00e1 enganchando demasiado a eso de postear v\u00eddeos y est\u00e1 descuidando su vida real.<\/p>\n<p>\u00bfLograr\u00e1n los Omnitubers Secretos descubrir al misterioso criminal? \u00bfLe pondr\u00e1n las pilas a su amigo? Y, sobre todo, \u00bfconseguir\u00e1n hacer todo eso mientras flipan en colores ante los dinosaurios gigantescos, los laberintos sin fin, las playas interminables y los cientos de helados incre\u00edbles que encontrar\u00e1n en su viaje? (Por no hablar de otras maravillas gal\u00e1cticas...).<\/p>\n<p>Pues seguro que lo consiguen, para qu\u00e9 vamos a negarlo. Y, mientras tanto, correr\u00e1n aventuras vertiginosas, emocionantes y muy muy locas. \u00bf\u00a1Quieres viajar con ellos!?&nbsp;&nbsp;<\/p>","adjuntos":null,"descriptivePhrases":[{"type":"General","text":"Los Omnitubers est\u00e1n a punto de descubrir cosas alucinantes... \u00a1Si no las roban antes! "}],"productSap":"NTX","isbn":"9788411209724","precio_colegios":12.45,"precio_librerias":12.45,"precio_librerias_sin_cobertura":12.45,"precio_distribuidores":12.45,"fecha_disponibilidad":null,"fecha_comercial":"20231019","organizacion_venta":"CS01","datos_para_buscador":"Henar Torinos, Omnitubers Secretos, David Dom\u00ednguez, Omnitubers Secretos, Omnitubers secretos, "},"yoast_head":"<!-- This site is optimized with the Yoast SEO plugin v26.6 - https:\/\/yoast.com\/wordpress\/plugins\/seo\/ -->\n<title>Omnitubers Secretos 2: El gran robo del Omniverso - Literatura SM Espa\u00f1a<\/title>\n<meta name=\"robots\" content=\"noindex, follow, max-snippet:-1, max-image-preview:large, max-video-preview:-1\" \/>\n<meta property=\"og:locale\" content=\"es_ES\" \/>\n<meta property=\"og:type\" content=\"article\" \/>\n<meta property=\"og:title\" content=\"Omnitubers Secretos 2: El gran robo del Omniverso - Literatura SM Espa\u00f1a\" \/>\n<meta property=\"og:url\" content=\"https:\/\/lij.ismeduca.com\/es\/producto\/omnitubers-secretos-2-el-gran-robo-del-omniverso\/\" \/>\n<meta property=\"og:site_name\" content=\"Literatura SM Espa\u00f1a\" \/>\n<meta property=\"article:modified_time\" content=\"2025-12-23T12:01:11+00:00\" \/>\n<meta name=\"twitter:card\" content=\"summary_large_image\" \/>\n<script type=\"application\/ld+json\" class=\"yoast-schema-graph\">{\"@context\":\"https:\/\/schema.org\",\"@graph\":[{\"@type\":\"WebPage\",\"@id\":\"https:\/\/lij.ismeduca.com\/es\/producto\/omnitubers-secretos-2-el-gran-robo-del-omniverso\/\",\"url\":\"https:\/\/lij.ismeduca.com\/es\/producto\/omnitubers-secretos-2-el-gran-robo-del-omniverso\/\",\"name\":\"Omnitubers Secretos 2: El gran robo del Omniverso - Literatura SM Espa\u00f1a\",\"isPartOf\":{\"@id\":\"https:\/\/lij.ismeduca.com\/es\/#website\"},\"primaryImageOfPage\":{\"@id\":\"https:\/\/lij.ismeduca.com\/es\/producto\/omnitubers-secretos-2-el-gran-robo-del-omniverso\/#primaryimage\"},\"image\":{\"@id\":\"https:\/\/lij.ismeduca.com\/es\/producto\/omnitubers-secretos-2-el-gran-robo-del-omniverso\/#primaryimage\"},\"thumbnailUrl\":\"https:\/\/lij.ismeduca.com\/es\/wp-content\/uploads\/sites\/10\/2025\/12\/8900.jpg\",\"datePublished\":\"2024-07-11T11:47:47+00:00\",\"dateModified\":\"2025-12-23T12:01:11+00:00\",\"breadcrumb\":{\"@id\":\"https:\/\/lij.ismeduca.com\/es\/producto\/omnitubers-secretos-2-el-gran-robo-del-omniverso\/#breadcrumb\"},\"inLanguage\":\"es\",\"potentialAction\":[{\"@type\":\"ReadAction\",\"target\":[\"https:\/\/lij.ismeduca.com\/es\/producto\/omnitubers-secretos-2-el-gran-robo-del-omniverso\/\"]}]},{\"@type\":\"ImageObject\",\"inLanguage\":\"es\",\"@id\":\"https:\/\/lij.ismeduca.com\/es\/producto\/omnitubers-secretos-2-el-gran-robo-del-omniverso\/#primaryimage\",\"url\":\"https:\/\/lij.ismeduca.com\/es\/wp-content\/uploads\/sites\/10\/2025\/12\/8900.jpg\",\"contentUrl\":\"https:\/\/lij.ismeduca.com\/es\/wp-content\/uploads\/sites\/10\/2025\/12\/8900.jpg\",\"width\":600,\"height\":846},{\"@type\":\"BreadcrumbList\",\"@id\":\"https:\/\/lij.ismeduca.com\/es\/producto\/omnitubers-secretos-2-el-gran-robo-del-omniverso\/#breadcrumb\",\"itemListElement\":[{\"@type\":\"ListItem\",\"position\":1,\"name\":\"Portada\",\"item\":\"https:\/\/lij.ismeduca.com\/es\/\"},{\"@type\":\"ListItem\",\"position\":2,\"name\":\"Tienda\",\"item\":\"https:\/\/lij.ismeduca.com\/es\/tienda\/\"},{\"@type\":\"ListItem\",\"position\":3,\"name\":\"Omnitubers Secretos 2: El gran robo del Omniverso\"}]},{\"@type\":\"WebSite\",\"@id\":\"https:\/\/lij.ismeduca.com\/es\/#website\",\"url\":\"https:\/\/lij.ismeduca.com\/es\/\",\"name\":\"Literatura SM Espa\u00f1a\",\"description\":\"\",\"publisher\":{\"@id\":\"https:\/\/lij.ismeduca.com\/es\/#organization\"},\"potentialAction\":[{\"@type\":\"SearchAction\",\"target\":{\"@type\":\"EntryPoint\",\"urlTemplate\":\"https:\/\/lij.ismeduca.com\/es\/?s={search_term_string}\"},\"query-input\":{\"@type\":\"PropertyValueSpecification\",\"valueRequired\":true,\"valueName\":\"search_term_string\"}}],\"inLanguage\":\"es\"},{\"@type\":\"Organization\",\"@id\":\"https:\/\/lij.ismeduca.com\/es\/#organization\",\"name\":\"Literatura SM Espa\u00f1a\",\"url\":\"https:\/\/lij.ismeduca.com\/es\/\",\"logo\":{\"@type\":\"ImageObject\",\"inLanguage\":\"es\",\"@id\":\"https:\/\/lij.ismeduca.com\/es\/#\/schema\/logo\/image\/\",\"url\":\"https:\/\/lij.ismeduca.com\/es\/wp-content\/uploads\/sites\/10\/2024\/07\/logo-cabecera.png\",\"contentUrl\":\"https:\/\/lij.ismeduca.com\/es\/wp-content\/uploads\/sites\/10\/2024\/07\/logo-cabecera.png\",\"width\":396,\"height\":64,\"caption\":\"Literatura SM Espa\u00f1a\"},\"image\":{\"@id\":\"https:\/\/lij.ismeduca.com\/es\/#\/schema\/logo\/image\/\"}}]}<\/script>\n<!-- \/ Yoast SEO plugin. -->","yoast_head_json":{"title":"Omnitubers Secretos 2: El gran robo del Omniverso - Literatura SM Espa\u00f1a","robots":{"index":"noindex","follow":"follow","max-snippet":"max-snippet:-1","max-image-preview":"max-image-preview:large","max-video-preview":"max-video-preview:-1"},"og_locale":"es_ES","og_type":"article","og_title":"Omnitubers Secretos 2: El gran robo del Omniverso - Literatura SM Espa\u00f1a","og_url":"https:\/\/lij.ismeduca.com\/es\/producto\/omnitubers-secretos-2-el-gran-robo-del-omniverso\/","og_site_name":"Literatura SM Espa\u00f1a","article_modified_time":"2025-12-23T12:01:11+00:00","twitter_card":"summary_large_image","schema":{"@context":"https:\/\/schema.org","@graph":[{"@type":"WebPage","@id":"https:\/\/lij.ismeduca.com\/es\/producto\/omnitubers-secretos-2-el-gran-robo-del-omniverso\/","url":"https:\/\/lij.ismeduca.com\/es\/producto\/omnitubers-secretos-2-el-gran-robo-del-omniverso\/","name":"Omnitubers Secretos 2: El gran robo del Omniverso - Literatura SM Espa\u00f1a","isPartOf":{"@id":"https:\/\/lij.ismeduca.com\/es\/#website"},"primaryImageOfPage":{"@id":"https:\/\/lij.ismeduca.com\/es\/producto\/omnitubers-secretos-2-el-gran-robo-del-omniverso\/#primaryimage"},"image":{"@id":"https:\/\/lij.ismeduca.com\/es\/producto\/omnitubers-secretos-2-el-gran-robo-del-omniverso\/#primaryimage"},"thumbnailUrl":"https:\/\/lij.ismeduca.com\/es\/wp-content\/uploads\/sites\/10\/2025\/12\/8900.jpg","datePublished":"2024-07-11T11:47:47+00:00","dateModified":"2025-12-23T12:01:11+00:00","breadcrumb":{"@id":"https:\/\/lij.ismeduca.com\/es\/producto\/omnitubers-secretos-2-el-gran-robo-del-omniverso\/#breadcrumb"},"inLanguage":"es","potentialAction":[{"@type":"ReadAction","target":["https:\/\/lij.ismeduca.com\/es\/producto\/omnitubers-secretos-2-el-gran-robo-del-omniverso\/"]}]},{"@type":"ImageObject","inLanguage":"es","@id":"https:\/\/lij.ismeduca.com\/es\/producto\/omnitubers-secretos-2-el-gran-robo-del-omniverso\/#primaryimage","url":"https:\/\/lij.ismeduca.com\/es\/wp-content\/uploads\/sites\/10\/2025\/12\/8900.jpg","contentUrl":"https:\/\/lij.ismeduca.com\/es\/wp-content\/uploads\/sites\/10\/2025\/12\/8900.jpg","width":600,"height":846},{"@type":"BreadcrumbList","@id":"https:\/\/lij.ismeduca.com\/es\/producto\/omnitubers-secretos-2-el-gran-robo-del-omniverso\/#breadcrumb","itemListElement":[{"@type":"ListItem","position":1,"name":"Portada","item":"https:\/\/lij.ismeduca.com\/es\/"},{"@type":"ListItem","position":2,"name":"Tienda","item":"https:\/\/lij.ismeduca.com\/es\/tienda\/"},{"@type":"ListItem","position":3,"name":"Omnitubers Secretos 2: El gran robo del Omniverso"}]},{"@type":"WebSite","@id":"https:\/\/lij.ismeduca.com\/es\/#website","url":"https:\/\/lij.ismeduca.com\/es\/","name":"Literatura SM Espa\u00f1a","description":"","publisher":{"@id":"https:\/\/lij.ismeduca.com\/es\/#organization"},"potentialAction":[{"@type":"SearchAction","target":{"@type":"EntryPoint","urlTemplate":"https:\/\/lij.ismeduca.com\/es\/?s={search_term_string}"},"query-input":{"@type":"PropertyValueSpecification","valueRequired":true,"valueName":"search_term_string"}}],"inLanguage":"es"},{"@type":"Organization","@id":"https:\/\/lij.ismeduca.com\/es\/#organization","name":"Literatura SM Espa\u00f1a","url":"https:\/\/lij.ismeduca.com\/es\/","logo":{"@type":"ImageObject","inLanguage":"es","@id":"https:\/\/lij.ismeduca.com\/es\/#\/schema\/logo\/image\/","url":"https:\/\/lij.ismeduca.com\/es\/wp-content\/uploads\/sites\/10\/2024\/07\/logo-cabecera.png","contentUrl":"https:\/\/lij.ismeduca.com\/es\/wp-content\/uploads\/sites\/10\/2024\/07\/logo-cabecera.png","width":396,"height":64,"caption":"Literatura SM Espa\u00f1a"},"image":{"@id":"https:\/\/lij.ismeduca.com\/es\/#\/schema\/logo\/image\/"}}]}},"_links":{"self":[{"href":"https:\/\/lij.ismeduca.com\/es\/wp-json\/wp\/v2\/product\/8900","targetHints":{"allow":["GET"]}}],"collection":[{"href":"https:\/\/lij.ismeduca.com\/es\/wp-json\/wp\/v2\/product"}],"about":[{"href":"https:\/\/lij.ismeduca.com\/es\/wp-json\/wp\/v2\/types\/product"}],"version-history":[{"count":1,"href":"https:\/\/lij.ismeduca.com\/es\/wp-json\/wp\/v2\/product\/8900\/revisions"}],"predecessor-version":[{"id":33165,"href":"https:\/\/lij.ismeduca.com\/es\/wp-json\/wp\/v2\/product\/8900\/revisions\/33165"}],"wp:featuredmedia":[{"embeddable":true,"href":"https:\/\/lij.ismeduca.com\/es\/wp-json\/wp\/v2\/media\/36505"}],"wp:attachment":[{"href":"https:\/\/lij.ismeduca.com\/es\/wp-json\/wp\/v2\/media?parent=8900"}],"wp:term":[{"taxonomy":"product_brand","embeddable":true,"href":"https:\/\/lij.ismeduca.com\/es\/wp-json\/wp\/v2\/product_brand?post=8900"},{"taxonomy":"product_cat","embeddable":true,"href":"https:\/\/lij.ismeduca.com\/es\/wp-json\/wp\/v2\/product_cat?post=8900"},{"taxonomy":"product_tag","embeddable":true,"href":"https:\/\/lij.ismeduca.com\/es\/wp-json\/wp\/v2\/product_tag?post=8900"},{"taxonomy":"asignatura","embeddable":true,"href":"https:\/\/lij.ismeduca.com\/es\/wp-json\/wp\/v2\/asignatura?post=8900"},{"taxonomy":"compania","embeddable":true,"href":"https:\/\/lij.ismeduca.com\/es\/wp-json\/wp\/v2\/compania?post=8900"},{"taxonomy":"curso","embeddable":true,"href":"https:\/\/lij.ismeduca.com\/es\/wp-json\/wp\/v2\/curso?post=8900"},{"taxonomy":"idiomas","embeddable":true,"href":"https:\/\/lij.ismeduca.com\/es\/wp-json\/wp\/v2\/idiomas?post=8900"},{"taxonomy":"genero","embeddable":true,"href":"https:\/\/lij.ismeduca.com\/es\/wp-json\/wp\/v2\/genero?post=8900"},{"taxonomy":"linea","embeddable":true,"href":"https:\/\/lij.ismeduca.com\/es\/wp-json\/wp\/v2\/linea?post=8900"},{"taxonomy":"premio","embeddable":true,"href":"https:\/\/lij.ismeduca.com\/es\/wp-json\/wp\/v2\/premio?post=8900"},{"taxonomy":"proyecto-editorial","embeddable":true,"href":"https:\/\/lij.ismeduca.com\/es\/wp-json\/wp\/v2\/proyecto-editorial?post=8900"},{"taxonomy":"tipo-de-libro","embeddable":true,"href":"https:\/\/lij.ismeduca.com\/es\/wp-json\/wp\/v2\/tipo-de-libro?post=8900"},{"taxonomy":"soporte","embeddable":true,"href":"https:\/\/lij.ismeduca.com\/es\/wp-json\/wp\/v2\/soporte?post=8900"},{"taxonomy":"zona-geografica","embeddable":true,"href":"https:\/\/lij.ismeduca.com\/es\/wp-json\/wp\/v2\/zona-geografica?post=8900"},{"taxonomy":"autores","embeddable":true,"href":"https:\/\/lij.ismeduca.com\/es\/wp-json\/wp\/v2\/autores?post=8900"},{"taxonomy":"colecciones","embeddable":true,"href":"https:\/\/lij.ismeduca.com\/es\/wp-json\/wp\/v2\/colecciones?post=8900"},{"taxonomy":"personajes","embeddable":true,"href":"https:\/\/lij.ismeduca.com\/es\/wp-json\/wp\/v2\/personajes?post=8900"}],"curies":[{"name":"wp","href":"https:\/\/api.w.org\/{rel}","templated":true}]}}