{"id":8974,"date":"2023-05-11T00:00:00","date_gmt":"2024-07-11T11:49:24","guid":{"rendered":"https:\/\/lij.ismeduca.com\/tienda\/?post_type=product&#038;p=8974"},"modified":"2025-12-23T13:05:22","modified_gmt":"2025-12-23T12:05:22","slug":"lot-pau-pinyo-la-gran-cursa-marro-nino","status":"publish","type":"product","link":"https:\/\/lij.ismeduca.com\/es\/producto\/lot-pau-pinyo-la-gran-cursa-marro-nino\/","title":{"rendered":"Lot Pau Piny\u00f3. La gran cursa marr\u00f3 + nino"},"content":{"rendered":"","protected":false},"excerpt":{"rendered":"<p>El Pau Piny\u00f3 \u00e9s un l\u00e9mming que sempre va una mica esverat. Ensopegant per aqu\u00ed&nbsp;i entrebancant-se per all\u00e0, passa per&nbsp;tota mena de perip\u00e8cies. Segur que amb aquest llibre et far\u00e0s un fart de riure.<\/p>\n<p>En aquest cas, es prepara per participar a la Gran Cursa del Bosc. Mentre s&#8217;entrena, troba&nbsp;uns quants obstacles pudents i fastigosos, i haur\u00e1 de posar&nbsp; aprova el seu enginy. Se&#8217;n sortir\u00e1 i guanyar\u00e0 la cursa, tot i que no \u00e9s l&#8217;animal que corre m\u00e9s?<\/p>\n","protected":false},"featured_media":35085,"template":"","meta":{"_acf_changed":false,"inline_featured_image":false},"product_brand":[],"product_cat":[4636],"product_tag":[1901,1404,266,240,242,311,253,2058,913],"asignatura":[],"compania":[258],"curso":[],"idiomas":[1951],"genero":[256],"linea":[289],"premio":[],"proyecto-editorial":[257],"tipo-de-libro":[249],"soporte":[2004],"zona-geografica":[],"autores":[2713,4007,4555],"colecciones":[2175],"personajes":[],"class_list":{"0":"post-8974","1":"product","2":"type-product","3":"status-publish","4":"has-post-thumbnail","6":"product_cat-anton-pinon","7":"product_tag-carreras","8":"product_tag-competiciones-deportivas","9":"product_tag-cuentos-animales","10":"product_tag-cuentos-infantiles","11":"product_tag-cuentos-para-ninos","12":"product_tag-familia","13":"product_tag-literatura-de-humor","14":"product_tag-ntx","15":"product_tag-travesuras","16":"pa_codigo-sap-ntx","17":"compania-editorial-cruilla-s-a-es","18":"idiomas-catalan","19":"genero-humor","20":"linea-personajes","21":"proyecto-editorial-3-5","22":"tipo-de-libro-fisico","23":"soporte-libro","24":"autores-jose-carlos-andres","25":"autores-marta-moreno-rios","26":"autores-nuria-font-i-ferre","27":"colecciones-pau-pinyo","29":"first","30":"instock","31":"taxable","32":"shipping-taxable","33":"purchasable","34":"product-type-simple"},"acf":{"id_catalogo":"650","shortTitle":"C-PAP. PACK LA GRAN CURSA MARRO ","descripcion":"<p>El Pau Piny\u00f3 \u00e9s un l\u00e9mming que sempre va una mica esverat. Ensopegant per aqu\u00ed&nbsp;i entrebancant-se per all\u00e0, passa per&nbsp;tota mena de perip\u00e8cies. Segur que amb aquest llibre et far\u00e0s un fart de riure.<\/p>\n<p>En aquest cas, es prepara per participar a la Gran Cursa del Bosc. Mentre s'entrena, troba&nbsp;uns quants obstacles pudents i fastigosos, i haur\u00e1 de posar&nbsp; aprova el seu enginy. Se'n sortir\u00e1 i guanyar\u00e0 la cursa, tot i que no \u00e9s l'animal que corre m\u00e9s?<\/p>","adjuntos":null,"descriptivePhrases":null,"productSap":"NTX","isbn":"9788466155748","precio_colegios":18.22,"precio_librerias":18.22,"precio_librerias_sin_cobertura":18.22,"precio_distribuidores":18.22,"fecha_disponibilidad":null,"fecha_comercial":"20230511","organizacion_venta":"CS01","datos_para_buscador":"Marta Moreno R\u00edos, N\u00faria Font i Ferr\u00e9, Jos\u00e9 Carlos Andr\u00e9s, Pau Piny\u00f3, "},"yoast_head":"<!-- This site is optimized with the Yoast SEO plugin v26.6 - https:\/\/yoast.com\/wordpress\/plugins\/seo\/ -->\n<title>Lot Pau Piny\u00f3. La gran cursa marr\u00f3 + nino - Literatura SM Espa\u00f1a<\/title>\n<meta name=\"robots\" content=\"noindex, follow, max-snippet:-1, max-image-preview:large, max-video-preview:-1\" \/>\n<meta property=\"og:locale\" content=\"es_ES\" \/>\n<meta property=\"og:type\" content=\"article\" \/>\n<meta property=\"og:title\" content=\"Lot Pau Piny\u00f3. La gran cursa marr\u00f3 + nino - Literatura SM Espa\u00f1a\" \/>\n<meta property=\"og:url\" content=\"https:\/\/lij.ismeduca.com\/es\/producto\/lot-pau-pinyo-la-gran-cursa-marro-nino\/\" \/>\n<meta property=\"og:site_name\" content=\"Literatura SM Espa\u00f1a\" \/>\n<meta property=\"article:modified_time\" content=\"2025-12-23T12:05:22+00:00\" \/>\n<meta name=\"twitter:card\" content=\"summary_large_image\" \/>\n<script type=\"application\/ld+json\" class=\"yoast-schema-graph\">{\"@context\":\"https:\/\/schema.org\",\"@graph\":[{\"@type\":\"WebPage\",\"@id\":\"https:\/\/lij.ismeduca.com\/es\/producto\/lot-pau-pinyo-la-gran-cursa-marro-nino\/\",\"url\":\"https:\/\/lij.ismeduca.com\/es\/producto\/lot-pau-pinyo-la-gran-cursa-marro-nino\/\",\"name\":\"Lot Pau Piny\u00f3. La gran cursa marr\u00f3 + nino - Literatura SM Espa\u00f1a\",\"isPartOf\":{\"@id\":\"https:\/\/lij.ismeduca.com\/es\/#website\"},\"primaryImageOfPage\":{\"@id\":\"https:\/\/lij.ismeduca.com\/es\/producto\/lot-pau-pinyo-la-gran-cursa-marro-nino\/#primaryimage\"},\"image\":{\"@id\":\"https:\/\/lij.ismeduca.com\/es\/producto\/lot-pau-pinyo-la-gran-cursa-marro-nino\/#primaryimage\"},\"thumbnailUrl\":\"https:\/\/lij.ismeduca.com\/es\/wp-content\/uploads\/sites\/10\/2025\/12\/8974.jpg\",\"datePublished\":\"2024-07-11T11:49:24+00:00\",\"dateModified\":\"2025-12-23T12:05:22+00:00\",\"breadcrumb\":{\"@id\":\"https:\/\/lij.ismeduca.com\/es\/producto\/lot-pau-pinyo-la-gran-cursa-marro-nino\/#breadcrumb\"},\"inLanguage\":\"es\",\"potentialAction\":[{\"@type\":\"ReadAction\",\"target\":[\"https:\/\/lij.ismeduca.com\/es\/producto\/lot-pau-pinyo-la-gran-cursa-marro-nino\/\"]}]},{\"@type\":\"ImageObject\",\"inLanguage\":\"es\",\"@id\":\"https:\/\/lij.ismeduca.com\/es\/producto\/lot-pau-pinyo-la-gran-cursa-marro-nino\/#primaryimage\",\"url\":\"https:\/\/lij.ismeduca.com\/es\/wp-content\/uploads\/sites\/10\/2025\/12\/8974.jpg\",\"contentUrl\":\"https:\/\/lij.ismeduca.com\/es\/wp-content\/uploads\/sites\/10\/2025\/12\/8974.jpg\",\"width\":600,\"height\":426},{\"@type\":\"BreadcrumbList\",\"@id\":\"https:\/\/lij.ismeduca.com\/es\/producto\/lot-pau-pinyo-la-gran-cursa-marro-nino\/#breadcrumb\",\"itemListElement\":[{\"@type\":\"ListItem\",\"position\":1,\"name\":\"Portada\",\"item\":\"https:\/\/lij.ismeduca.com\/es\/\"},{\"@type\":\"ListItem\",\"position\":2,\"name\":\"Tienda\",\"item\":\"https:\/\/lij.ismeduca.com\/es\/tienda\/\"},{\"@type\":\"ListItem\",\"position\":3,\"name\":\"Lot Pau Piny\u00f3. La gran cursa marr\u00f3 + nino\"}]},{\"@type\":\"WebSite\",\"@id\":\"https:\/\/lij.ismeduca.com\/es\/#website\",\"url\":\"https:\/\/lij.ismeduca.com\/es\/\",\"name\":\"Literatura SM Espa\u00f1a\",\"description\":\"\",\"publisher\":{\"@id\":\"https:\/\/lij.ismeduca.com\/es\/#organization\"},\"potentialAction\":[{\"@type\":\"SearchAction\",\"target\":{\"@type\":\"EntryPoint\",\"urlTemplate\":\"https:\/\/lij.ismeduca.com\/es\/?s={search_term_string}\"},\"query-input\":{\"@type\":\"PropertyValueSpecification\",\"valueRequired\":true,\"valueName\":\"search_term_string\"}}],\"inLanguage\":\"es\"},{\"@type\":\"Organization\",\"@id\":\"https:\/\/lij.ismeduca.com\/es\/#organization\",\"name\":\"Literatura SM Espa\u00f1a\",\"url\":\"https:\/\/lij.ismeduca.com\/es\/\",\"logo\":{\"@type\":\"ImageObject\",\"inLanguage\":\"es\",\"@id\":\"https:\/\/lij.ismeduca.com\/es\/#\/schema\/logo\/image\/\",\"url\":\"https:\/\/lij.ismeduca.com\/es\/wp-content\/uploads\/sites\/10\/2024\/07\/logo-cabecera.png\",\"contentUrl\":\"https:\/\/lij.ismeduca.com\/es\/wp-content\/uploads\/sites\/10\/2024\/07\/logo-cabecera.png\",\"width\":396,\"height\":64,\"caption\":\"Literatura SM Espa\u00f1a\"},\"image\":{\"@id\":\"https:\/\/lij.ismeduca.com\/es\/#\/schema\/logo\/image\/\"}}]}<\/script>\n<!-- \/ Yoast SEO plugin. -->","yoast_head_json":{"title":"Lot Pau Piny\u00f3. La gran cursa marr\u00f3 + nino - Literatura SM Espa\u00f1a","robots":{"index":"noindex","follow":"follow","max-snippet":"max-snippet:-1","max-image-preview":"max-image-preview:large","max-video-preview":"max-video-preview:-1"},"og_locale":"es_ES","og_type":"article","og_title":"Lot Pau Piny\u00f3. La gran cursa marr\u00f3 + nino - Literatura SM Espa\u00f1a","og_url":"https:\/\/lij.ismeduca.com\/es\/producto\/lot-pau-pinyo-la-gran-cursa-marro-nino\/","og_site_name":"Literatura SM Espa\u00f1a","article_modified_time":"2025-12-23T12:05:22+00:00","twitter_card":"summary_large_image","schema":{"@context":"https:\/\/schema.org","@graph":[{"@type":"WebPage","@id":"https:\/\/lij.ismeduca.com\/es\/producto\/lot-pau-pinyo-la-gran-cursa-marro-nino\/","url":"https:\/\/lij.ismeduca.com\/es\/producto\/lot-pau-pinyo-la-gran-cursa-marro-nino\/","name":"Lot Pau Piny\u00f3. La gran cursa marr\u00f3 + nino - Literatura SM Espa\u00f1a","isPartOf":{"@id":"https:\/\/lij.ismeduca.com\/es\/#website"},"primaryImageOfPage":{"@id":"https:\/\/lij.ismeduca.com\/es\/producto\/lot-pau-pinyo-la-gran-cursa-marro-nino\/#primaryimage"},"image":{"@id":"https:\/\/lij.ismeduca.com\/es\/producto\/lot-pau-pinyo-la-gran-cursa-marro-nino\/#primaryimage"},"thumbnailUrl":"https:\/\/lij.ismeduca.com\/es\/wp-content\/uploads\/sites\/10\/2025\/12\/8974.jpg","datePublished":"2024-07-11T11:49:24+00:00","dateModified":"2025-12-23T12:05:22+00:00","breadcrumb":{"@id":"https:\/\/lij.ismeduca.com\/es\/producto\/lot-pau-pinyo-la-gran-cursa-marro-nino\/#breadcrumb"},"inLanguage":"es","potentialAction":[{"@type":"ReadAction","target":["https:\/\/lij.ismeduca.com\/es\/producto\/lot-pau-pinyo-la-gran-cursa-marro-nino\/"]}]},{"@type":"ImageObject","inLanguage":"es","@id":"https:\/\/lij.ismeduca.com\/es\/producto\/lot-pau-pinyo-la-gran-cursa-marro-nino\/#primaryimage","url":"https:\/\/lij.ismeduca.com\/es\/wp-content\/uploads\/sites\/10\/2025\/12\/8974.jpg","contentUrl":"https:\/\/lij.ismeduca.com\/es\/wp-content\/uploads\/sites\/10\/2025\/12\/8974.jpg","width":600,"height":426},{"@type":"BreadcrumbList","@id":"https:\/\/lij.ismeduca.com\/es\/producto\/lot-pau-pinyo-la-gran-cursa-marro-nino\/#breadcrumb","itemListElement":[{"@type":"ListItem","position":1,"name":"Portada","item":"https:\/\/lij.ismeduca.com\/es\/"},{"@type":"ListItem","position":2,"name":"Tienda","item":"https:\/\/lij.ismeduca.com\/es\/tienda\/"},{"@type":"ListItem","position":3,"name":"Lot Pau Piny\u00f3. La gran cursa marr\u00f3 + nino"}]},{"@type":"WebSite","@id":"https:\/\/lij.ismeduca.com\/es\/#website","url":"https:\/\/lij.ismeduca.com\/es\/","name":"Literatura SM Espa\u00f1a","description":"","publisher":{"@id":"https:\/\/lij.ismeduca.com\/es\/#organization"},"potentialAction":[{"@type":"SearchAction","target":{"@type":"EntryPoint","urlTemplate":"https:\/\/lij.ismeduca.com\/es\/?s={search_term_string}"},"query-input":{"@type":"PropertyValueSpecification","valueRequired":true,"valueName":"search_term_string"}}],"inLanguage":"es"},{"@type":"Organization","@id":"https:\/\/lij.ismeduca.com\/es\/#organization","name":"Literatura SM Espa\u00f1a","url":"https:\/\/lij.ismeduca.com\/es\/","logo":{"@type":"ImageObject","inLanguage":"es","@id":"https:\/\/lij.ismeduca.com\/es\/#\/schema\/logo\/image\/","url":"https:\/\/lij.ismeduca.com\/es\/wp-content\/uploads\/sites\/10\/2024\/07\/logo-cabecera.png","contentUrl":"https:\/\/lij.ismeduca.com\/es\/wp-content\/uploads\/sites\/10\/2024\/07\/logo-cabecera.png","width":396,"height":64,"caption":"Literatura SM Espa\u00f1a"},"image":{"@id":"https:\/\/lij.ismeduca.com\/es\/#\/schema\/logo\/image\/"}}]}},"_links":{"self":[{"href":"https:\/\/lij.ismeduca.com\/es\/wp-json\/wp\/v2\/product\/8974","targetHints":{"allow":["GET"]}}],"collection":[{"href":"https:\/\/lij.ismeduca.com\/es\/wp-json\/wp\/v2\/product"}],"about":[{"href":"https:\/\/lij.ismeduca.com\/es\/wp-json\/wp\/v2\/types\/product"}],"version-history":[{"count":1,"href":"https:\/\/lij.ismeduca.com\/es\/wp-json\/wp\/v2\/product\/8974\/revisions"}],"predecessor-version":[{"id":33240,"href":"https:\/\/lij.ismeduca.com\/es\/wp-json\/wp\/v2\/product\/8974\/revisions\/33240"}],"wp:featuredmedia":[{"embeddable":true,"href":"https:\/\/lij.ismeduca.com\/es\/wp-json\/wp\/v2\/media\/35085"}],"wp:attachment":[{"href":"https:\/\/lij.ismeduca.com\/es\/wp-json\/wp\/v2\/media?parent=8974"}],"wp:term":[{"taxonomy":"product_brand","embeddable":true,"href":"https:\/\/lij.ismeduca.com\/es\/wp-json\/wp\/v2\/product_brand?post=8974"},{"taxonomy":"product_cat","embeddable":true,"href":"https:\/\/lij.ismeduca.com\/es\/wp-json\/wp\/v2\/product_cat?post=8974"},{"taxonomy":"product_tag","embeddable":true,"href":"https:\/\/lij.ismeduca.com\/es\/wp-json\/wp\/v2\/product_tag?post=8974"},{"taxonomy":"asignatura","embeddable":true,"href":"https:\/\/lij.ismeduca.com\/es\/wp-json\/wp\/v2\/asignatura?post=8974"},{"taxonomy":"compania","embeddable":true,"href":"https:\/\/lij.ismeduca.com\/es\/wp-json\/wp\/v2\/compania?post=8974"},{"taxonomy":"curso","embeddable":true,"href":"https:\/\/lij.ismeduca.com\/es\/wp-json\/wp\/v2\/curso?post=8974"},{"taxonomy":"idiomas","embeddable":true,"href":"https:\/\/lij.ismeduca.com\/es\/wp-json\/wp\/v2\/idiomas?post=8974"},{"taxonomy":"genero","embeddable":true,"href":"https:\/\/lij.ismeduca.com\/es\/wp-json\/wp\/v2\/genero?post=8974"},{"taxonomy":"linea","embeddable":true,"href":"https:\/\/lij.ismeduca.com\/es\/wp-json\/wp\/v2\/linea?post=8974"},{"taxonomy":"premio","embeddable":true,"href":"https:\/\/lij.ismeduca.com\/es\/wp-json\/wp\/v2\/premio?post=8974"},{"taxonomy":"proyecto-editorial","embeddable":true,"href":"https:\/\/lij.ismeduca.com\/es\/wp-json\/wp\/v2\/proyecto-editorial?post=8974"},{"taxonomy":"tipo-de-libro","embeddable":true,"href":"https:\/\/lij.ismeduca.com\/es\/wp-json\/wp\/v2\/tipo-de-libro?post=8974"},{"taxonomy":"soporte","embeddable":true,"href":"https:\/\/lij.ismeduca.com\/es\/wp-json\/wp\/v2\/soporte?post=8974"},{"taxonomy":"zona-geografica","embeddable":true,"href":"https:\/\/lij.ismeduca.com\/es\/wp-json\/wp\/v2\/zona-geografica?post=8974"},{"taxonomy":"autores","embeddable":true,"href":"https:\/\/lij.ismeduca.com\/es\/wp-json\/wp\/v2\/autores?post=8974"},{"taxonomy":"colecciones","embeddable":true,"href":"https:\/\/lij.ismeduca.com\/es\/wp-json\/wp\/v2\/colecciones?post=8974"},{"taxonomy":"personajes","embeddable":true,"href":"https:\/\/lij.ismeduca.com\/es\/wp-json\/wp\/v2\/personajes?post=8974"}],"curies":[{"name":"wp","href":"https:\/\/api.w.org\/{rel}","templated":true}]}}