{"id":8989,"date":"2024-02-08T00:00:00","date_gmt":"2024-07-11T11:49:47","guid":{"rendered":"https:\/\/lij.ismeduca.com\/tienda\/?post_type=product&#038;p=8989"},"modified":"2025-12-23T13:05:01","modified_gmt":"2025-12-23T12:05:01","slug":"pesadillas-y-dulcesuenos-1-dragones-contra-unicornios","status":"publish","type":"product","link":"https:\/\/lij.ismeduca.com\/es\/producto\/pesadillas-y-dulcesuenos-1-dragones-contra-unicornios\/","title":{"rendered":"Pesadillas y Dulcesue\u00f1os 1: Dragones contra unicornios"},"content":{"rendered":"","protected":false},"excerpt":{"rendered":"<p><strong>La familia Pesadillas crea terribles pesadillas.&nbsp;<\/strong><\/p>\n<p><strong>La familia Dulcesue\u00f1os, melosos sue\u00f1os.&nbsp;<\/strong><\/p>\n<p><strong>Una fuerte enemistad las separa.&nbsp;<\/strong><\/p>\n<p><strong>Pero Nix y Sen descubrir\u00e1n la magia de la amistad y el trabajo en equipo.&nbsp;<\/strong><\/p>\n<p>Por fin ha lleghado la horripilante Noche de las Pesadillas y Nix est\u00e1 preparando su primera pesadilla terror\u00edfica. A su vez, Sen prepara su meloso dulce sue\u00f1o.&nbsp;<\/p>\n<p>Ambos con un mismo objetivo: Timmy Tr\u00e9mula.&nbsp;<\/p>\n<p>Ninguno est\u00e1 dispuesto a abandonar su musi\u00f3n, pero al final vivir\u00e1n una aventuras con dragones, unicornios, \u00a1y muuuchas cosas que arreglar!<\/p>\n<p>&nbsp;<\/p>\n","protected":false},"featured_media":35896,"template":"","meta":{"_acf_changed":false,"inline_featured_image":false},"product_brand":[],"product_cat":[4696],"product_tag":[268,423,332,601,1007,297,253,1295,2058,293,278],"asignatura":[],"compania":[252],"curso":[],"idiomas":[1948],"genero":[275],"linea":[250],"premio":[],"proyecto-editorial":[323],"tipo-de-libro":[249],"soporte":[2004],"zona-geografica":[],"autores":[4398,3392,3393,3394],"colecciones":[2239],"personajes":[],"class_list":{"0":"post-8989","1":"product","2":"type-product","3":"status-publish","4":"has-post-thumbnail","6":"product_cat-pesadillas-y-dulcesuenos","7":"product_tag-amistad","8":"product_tag-amor","9":"product_tag-dragones","10":"product_tag-educacion-familiar","11":"product_tag-fantasia-juvenil","12":"product_tag-literatura-de-aventuras","13":"product_tag-literatura-de-humor","14":"product_tag-ninos","15":"product_tag-ntx","16":"product_tag-relaciones-familiares","17":"product_tag-unicornios","18":"pa_codigo-sap-ntx","19":"compania-f-sta-maria-ediciones-sm-es","20":"idiomas-espanol","21":"genero-fantasia","22":"linea-narrativa","23":"proyecto-editorial-6-12","24":"tipo-de-libro-fisico","25":"soporte-libro","26":"autores-carolina-perez-gutierrez","27":"autores-cristina-perez-martin","28":"autores-laura-borio","29":"autores-maria-quintana-silva","30":"colecciones-pesadillas-y-dulcesuenos","32":"first","33":"instock","34":"taxable","35":"shipping-taxable","36":"purchasable","37":"product-type-simple"},"acf":{"id_catalogo":"650","shortTitle":"PYD.1 DRAGONES CONTRA UNICORNIOS","descripcion":"<p><strong>La familia Pesadillas crea terribles pesadillas.&nbsp;<\/strong><\/p>\n<p><strong>La familia Dulcesue\u00f1os, melosos sue\u00f1os.&nbsp;<\/strong><\/p>\n<p><strong>Una fuerte enemistad las separa.&nbsp;<\/strong><\/p>\n<p><strong>Pero Nix y Sen descubrir\u00e1n la magia de la amistad y el trabajo en equipo.&nbsp;<\/strong><\/p>\n<p>Por fin ha lleghado la horripilante Noche de las Pesadillas y Nix est\u00e1 preparando su primera pesadilla terror\u00edfica. A su vez, Sen prepara su meloso dulce sue\u00f1o.&nbsp;<\/p>\n<p>Ambos con un mismo objetivo: Timmy Tr\u00e9mula.&nbsp;<\/p>\n<p>Ninguno est\u00e1 dispuesto a abandonar su musi\u00f3n, pero al final vivir\u00e1n una aventuras con dragones, unicornios, \u00a1y muuuchas cosas que arreglar!<\/p>\n<p>&nbsp;<\/p>","adjuntos":null,"descriptivePhrases":[{"type":"General","text":"Es hora de dormir... \u00a1y de so\u00f1ar pesadillas espantosamente dulces!"}],"productSap":"NTX","isbn":"9788411821797","precio_colegios":10.53,"precio_librerias":10.53,"precio_librerias_sin_cobertura":10.53,"precio_distribuidores":10.53,"fecha_disponibilidad":null,"fecha_comercial":"20240208","organizacion_venta":"CS01","datos_para_buscador":"Laura Borio, Mar\u00eda Quintana Silva, Carolina P\u00e9rez Guti\u00e9rrez, Cristina P\u00e9rez Mart\u00edn, Laura Borio, Pesadillas y Dulcesue\u00f1os, "},"yoast_head":"<!-- This site is optimized with the Yoast SEO plugin v26.6 - https:\/\/yoast.com\/wordpress\/plugins\/seo\/ -->\n<title>Pesadillas y Dulcesue\u00f1os 1: Dragones contra unicornios - Literatura SM Espa\u00f1a<\/title>\n<meta name=\"robots\" content=\"noindex, follow, max-snippet:-1, max-image-preview:large, max-video-preview:-1\" \/>\n<meta property=\"og:locale\" content=\"es_ES\" \/>\n<meta property=\"og:type\" content=\"article\" \/>\n<meta property=\"og:title\" content=\"Pesadillas y Dulcesue\u00f1os 1: Dragones contra unicornios - Literatura SM Espa\u00f1a\" \/>\n<meta property=\"og:url\" content=\"https:\/\/lij.ismeduca.com\/es\/producto\/pesadillas-y-dulcesuenos-1-dragones-contra-unicornios\/\" \/>\n<meta property=\"og:site_name\" content=\"Literatura SM Espa\u00f1a\" \/>\n<meta property=\"article:modified_time\" content=\"2025-12-23T12:05:01+00:00\" \/>\n<meta name=\"twitter:card\" content=\"summary_large_image\" \/>\n<script type=\"application\/ld+json\" class=\"yoast-schema-graph\">{\"@context\":\"https:\/\/schema.org\",\"@graph\":[{\"@type\":\"WebPage\",\"@id\":\"https:\/\/lij.ismeduca.com\/es\/producto\/pesadillas-y-dulcesuenos-1-dragones-contra-unicornios\/\",\"url\":\"https:\/\/lij.ismeduca.com\/es\/producto\/pesadillas-y-dulcesuenos-1-dragones-contra-unicornios\/\",\"name\":\"Pesadillas y Dulcesue\u00f1os 1: Dragones contra unicornios - Literatura SM Espa\u00f1a\",\"isPartOf\":{\"@id\":\"https:\/\/lij.ismeduca.com\/es\/#website\"},\"primaryImageOfPage\":{\"@id\":\"https:\/\/lij.ismeduca.com\/es\/producto\/pesadillas-y-dulcesuenos-1-dragones-contra-unicornios\/#primaryimage\"},\"image\":{\"@id\":\"https:\/\/lij.ismeduca.com\/es\/producto\/pesadillas-y-dulcesuenos-1-dragones-contra-unicornios\/#primaryimage\"},\"thumbnailUrl\":\"https:\/\/lij.ismeduca.com\/es\/wp-content\/uploads\/sites\/10\/2025\/12\/8989.jpg\",\"datePublished\":\"2024-07-11T11:49:47+00:00\",\"dateModified\":\"2025-12-23T12:05:01+00:00\",\"breadcrumb\":{\"@id\":\"https:\/\/lij.ismeduca.com\/es\/producto\/pesadillas-y-dulcesuenos-1-dragones-contra-unicornios\/#breadcrumb\"},\"inLanguage\":\"es\",\"potentialAction\":[{\"@type\":\"ReadAction\",\"target\":[\"https:\/\/lij.ismeduca.com\/es\/producto\/pesadillas-y-dulcesuenos-1-dragones-contra-unicornios\/\"]}]},{\"@type\":\"ImageObject\",\"inLanguage\":\"es\",\"@id\":\"https:\/\/lij.ismeduca.com\/es\/producto\/pesadillas-y-dulcesuenos-1-dragones-contra-unicornios\/#primaryimage\",\"url\":\"https:\/\/lij.ismeduca.com\/es\/wp-content\/uploads\/sites\/10\/2025\/12\/8989.jpg\",\"contentUrl\":\"https:\/\/lij.ismeduca.com\/es\/wp-content\/uploads\/sites\/10\/2025\/12\/8989.jpg\",\"width\":600,\"height\":905},{\"@type\":\"BreadcrumbList\",\"@id\":\"https:\/\/lij.ismeduca.com\/es\/producto\/pesadillas-y-dulcesuenos-1-dragones-contra-unicornios\/#breadcrumb\",\"itemListElement\":[{\"@type\":\"ListItem\",\"position\":1,\"name\":\"Portada\",\"item\":\"https:\/\/lij.ismeduca.com\/es\/\"},{\"@type\":\"ListItem\",\"position\":2,\"name\":\"Tienda\",\"item\":\"https:\/\/lij.ismeduca.com\/es\/tienda\/\"},{\"@type\":\"ListItem\",\"position\":3,\"name\":\"Pesadillas y Dulcesue\u00f1os 1: Dragones contra unicornios\"}]},{\"@type\":\"WebSite\",\"@id\":\"https:\/\/lij.ismeduca.com\/es\/#website\",\"url\":\"https:\/\/lij.ismeduca.com\/es\/\",\"name\":\"Literatura SM Espa\u00f1a\",\"description\":\"\",\"publisher\":{\"@id\":\"https:\/\/lij.ismeduca.com\/es\/#organization\"},\"potentialAction\":[{\"@type\":\"SearchAction\",\"target\":{\"@type\":\"EntryPoint\",\"urlTemplate\":\"https:\/\/lij.ismeduca.com\/es\/?s={search_term_string}\"},\"query-input\":{\"@type\":\"PropertyValueSpecification\",\"valueRequired\":true,\"valueName\":\"search_term_string\"}}],\"inLanguage\":\"es\"},{\"@type\":\"Organization\",\"@id\":\"https:\/\/lij.ismeduca.com\/es\/#organization\",\"name\":\"Literatura SM Espa\u00f1a\",\"url\":\"https:\/\/lij.ismeduca.com\/es\/\",\"logo\":{\"@type\":\"ImageObject\",\"inLanguage\":\"es\",\"@id\":\"https:\/\/lij.ismeduca.com\/es\/#\/schema\/logo\/image\/\",\"url\":\"https:\/\/lij.ismeduca.com\/es\/wp-content\/uploads\/sites\/10\/2024\/07\/logo-cabecera.png\",\"contentUrl\":\"https:\/\/lij.ismeduca.com\/es\/wp-content\/uploads\/sites\/10\/2024\/07\/logo-cabecera.png\",\"width\":396,\"height\":64,\"caption\":\"Literatura SM Espa\u00f1a\"},\"image\":{\"@id\":\"https:\/\/lij.ismeduca.com\/es\/#\/schema\/logo\/image\/\"}}]}<\/script>\n<!-- \/ Yoast SEO plugin. -->","yoast_head_json":{"title":"Pesadillas y Dulcesue\u00f1os 1: Dragones contra unicornios - Literatura SM Espa\u00f1a","robots":{"index":"noindex","follow":"follow","max-snippet":"max-snippet:-1","max-image-preview":"max-image-preview:large","max-video-preview":"max-video-preview:-1"},"og_locale":"es_ES","og_type":"article","og_title":"Pesadillas y Dulcesue\u00f1os 1: Dragones contra unicornios - Literatura SM Espa\u00f1a","og_url":"https:\/\/lij.ismeduca.com\/es\/producto\/pesadillas-y-dulcesuenos-1-dragones-contra-unicornios\/","og_site_name":"Literatura SM Espa\u00f1a","article_modified_time":"2025-12-23T12:05:01+00:00","twitter_card":"summary_large_image","schema":{"@context":"https:\/\/schema.org","@graph":[{"@type":"WebPage","@id":"https:\/\/lij.ismeduca.com\/es\/producto\/pesadillas-y-dulcesuenos-1-dragones-contra-unicornios\/","url":"https:\/\/lij.ismeduca.com\/es\/producto\/pesadillas-y-dulcesuenos-1-dragones-contra-unicornios\/","name":"Pesadillas y Dulcesue\u00f1os 1: Dragones contra unicornios - Literatura SM Espa\u00f1a","isPartOf":{"@id":"https:\/\/lij.ismeduca.com\/es\/#website"},"primaryImageOfPage":{"@id":"https:\/\/lij.ismeduca.com\/es\/producto\/pesadillas-y-dulcesuenos-1-dragones-contra-unicornios\/#primaryimage"},"image":{"@id":"https:\/\/lij.ismeduca.com\/es\/producto\/pesadillas-y-dulcesuenos-1-dragones-contra-unicornios\/#primaryimage"},"thumbnailUrl":"https:\/\/lij.ismeduca.com\/es\/wp-content\/uploads\/sites\/10\/2025\/12\/8989.jpg","datePublished":"2024-07-11T11:49:47+00:00","dateModified":"2025-12-23T12:05:01+00:00","breadcrumb":{"@id":"https:\/\/lij.ismeduca.com\/es\/producto\/pesadillas-y-dulcesuenos-1-dragones-contra-unicornios\/#breadcrumb"},"inLanguage":"es","potentialAction":[{"@type":"ReadAction","target":["https:\/\/lij.ismeduca.com\/es\/producto\/pesadillas-y-dulcesuenos-1-dragones-contra-unicornios\/"]}]},{"@type":"ImageObject","inLanguage":"es","@id":"https:\/\/lij.ismeduca.com\/es\/producto\/pesadillas-y-dulcesuenos-1-dragones-contra-unicornios\/#primaryimage","url":"https:\/\/lij.ismeduca.com\/es\/wp-content\/uploads\/sites\/10\/2025\/12\/8989.jpg","contentUrl":"https:\/\/lij.ismeduca.com\/es\/wp-content\/uploads\/sites\/10\/2025\/12\/8989.jpg","width":600,"height":905},{"@type":"BreadcrumbList","@id":"https:\/\/lij.ismeduca.com\/es\/producto\/pesadillas-y-dulcesuenos-1-dragones-contra-unicornios\/#breadcrumb","itemListElement":[{"@type":"ListItem","position":1,"name":"Portada","item":"https:\/\/lij.ismeduca.com\/es\/"},{"@type":"ListItem","position":2,"name":"Tienda","item":"https:\/\/lij.ismeduca.com\/es\/tienda\/"},{"@type":"ListItem","position":3,"name":"Pesadillas y Dulcesue\u00f1os 1: Dragones contra unicornios"}]},{"@type":"WebSite","@id":"https:\/\/lij.ismeduca.com\/es\/#website","url":"https:\/\/lij.ismeduca.com\/es\/","name":"Literatura SM Espa\u00f1a","description":"","publisher":{"@id":"https:\/\/lij.ismeduca.com\/es\/#organization"},"potentialAction":[{"@type":"SearchAction","target":{"@type":"EntryPoint","urlTemplate":"https:\/\/lij.ismeduca.com\/es\/?s={search_term_string}"},"query-input":{"@type":"PropertyValueSpecification","valueRequired":true,"valueName":"search_term_string"}}],"inLanguage":"es"},{"@type":"Organization","@id":"https:\/\/lij.ismeduca.com\/es\/#organization","name":"Literatura SM Espa\u00f1a","url":"https:\/\/lij.ismeduca.com\/es\/","logo":{"@type":"ImageObject","inLanguage":"es","@id":"https:\/\/lij.ismeduca.com\/es\/#\/schema\/logo\/image\/","url":"https:\/\/lij.ismeduca.com\/es\/wp-content\/uploads\/sites\/10\/2024\/07\/logo-cabecera.png","contentUrl":"https:\/\/lij.ismeduca.com\/es\/wp-content\/uploads\/sites\/10\/2024\/07\/logo-cabecera.png","width":396,"height":64,"caption":"Literatura SM Espa\u00f1a"},"image":{"@id":"https:\/\/lij.ismeduca.com\/es\/#\/schema\/logo\/image\/"}}]}},"_links":{"self":[{"href":"https:\/\/lij.ismeduca.com\/es\/wp-json\/wp\/v2\/product\/8989","targetHints":{"allow":["GET"]}}],"collection":[{"href":"https:\/\/lij.ismeduca.com\/es\/wp-json\/wp\/v2\/product"}],"about":[{"href":"https:\/\/lij.ismeduca.com\/es\/wp-json\/wp\/v2\/types\/product"}],"version-history":[{"count":1,"href":"https:\/\/lij.ismeduca.com\/es\/wp-json\/wp\/v2\/product\/8989\/revisions"}],"predecessor-version":[{"id":33252,"href":"https:\/\/lij.ismeduca.com\/es\/wp-json\/wp\/v2\/product\/8989\/revisions\/33252"}],"wp:featuredmedia":[{"embeddable":true,"href":"https:\/\/lij.ismeduca.com\/es\/wp-json\/wp\/v2\/media\/35896"}],"wp:attachment":[{"href":"https:\/\/lij.ismeduca.com\/es\/wp-json\/wp\/v2\/media?parent=8989"}],"wp:term":[{"taxonomy":"product_brand","embeddable":true,"href":"https:\/\/lij.ismeduca.com\/es\/wp-json\/wp\/v2\/product_brand?post=8989"},{"taxonomy":"product_cat","embeddable":true,"href":"https:\/\/lij.ismeduca.com\/es\/wp-json\/wp\/v2\/product_cat?post=8989"},{"taxonomy":"product_tag","embeddable":true,"href":"https:\/\/lij.ismeduca.com\/es\/wp-json\/wp\/v2\/product_tag?post=8989"},{"taxonomy":"asignatura","embeddable":true,"href":"https:\/\/lij.ismeduca.com\/es\/wp-json\/wp\/v2\/asignatura?post=8989"},{"taxonomy":"compania","embeddable":true,"href":"https:\/\/lij.ismeduca.com\/es\/wp-json\/wp\/v2\/compania?post=8989"},{"taxonomy":"curso","embeddable":true,"href":"https:\/\/lij.ismeduca.com\/es\/wp-json\/wp\/v2\/curso?post=8989"},{"taxonomy":"idiomas","embeddable":true,"href":"https:\/\/lij.ismeduca.com\/es\/wp-json\/wp\/v2\/idiomas?post=8989"},{"taxonomy":"genero","embeddable":true,"href":"https:\/\/lij.ismeduca.com\/es\/wp-json\/wp\/v2\/genero?post=8989"},{"taxonomy":"linea","embeddable":true,"href":"https:\/\/lij.ismeduca.com\/es\/wp-json\/wp\/v2\/linea?post=8989"},{"taxonomy":"premio","embeddable":true,"href":"https:\/\/lij.ismeduca.com\/es\/wp-json\/wp\/v2\/premio?post=8989"},{"taxonomy":"proyecto-editorial","embeddable":true,"href":"https:\/\/lij.ismeduca.com\/es\/wp-json\/wp\/v2\/proyecto-editorial?post=8989"},{"taxonomy":"tipo-de-libro","embeddable":true,"href":"https:\/\/lij.ismeduca.com\/es\/wp-json\/wp\/v2\/tipo-de-libro?post=8989"},{"taxonomy":"soporte","embeddable":true,"href":"https:\/\/lij.ismeduca.com\/es\/wp-json\/wp\/v2\/soporte?post=8989"},{"taxonomy":"zona-geografica","embeddable":true,"href":"https:\/\/lij.ismeduca.com\/es\/wp-json\/wp\/v2\/zona-geografica?post=8989"},{"taxonomy":"autores","embeddable":true,"href":"https:\/\/lij.ismeduca.com\/es\/wp-json\/wp\/v2\/autores?post=8989"},{"taxonomy":"colecciones","embeddable":true,"href":"https:\/\/lij.ismeduca.com\/es\/wp-json\/wp\/v2\/colecciones?post=8989"},{"taxonomy":"personajes","embeddable":true,"href":"https:\/\/lij.ismeduca.com\/es\/wp-json\/wp\/v2\/personajes?post=8989"}],"curies":[{"name":"wp","href":"https:\/\/api.w.org\/{rel}","templated":true}]}}