{"id":9109,"date":"2023-03-09T00:00:00","date_gmt":"2024-07-11T12:25:28","guid":{"rendered":"https:\/\/lij.ismeduca.com\/tienda\/?post_type=product&#038;p=9109"},"modified":"2025-12-23T13:04:12","modified_gmt":"2025-12-23T12:04:12","slug":"peter-y-wendy-rumbo-a-nunca-jamas","status":"publish","type":"product","link":"https:\/\/lij.ismeduca.com\/es\/producto\/peter-y-wendy-rumbo-a-nunca-jamas\/","title":{"rendered":"Peter y Wendy rumbo a Nunca Jam\u00e1s"},"content":{"rendered":"","protected":false},"excerpt":{"rendered":"<p>\u00bfQui\u00e9n no querr\u00eda volar hasta Nunca Jam\u00e1s? Solo hay que tomar la segunda estrella a la derecha y todo recto hasta la ma\u00f1ana. Una vez all\u00ed los sue\u00f1os se hacen realidad: sirenas, hadas, piratas\u2026 Pero toda aventura tiene un precio: luchar con tu propia sombra. Perderte. Morir. Incluso crecer\u2026<\/p>\n","protected":false},"featured_media":37627,"template":"","meta":{"_acf_changed":false,"inline_featured_image":false},"product_brand":[],"product_cat":[4738],"product_tag":[1132,1276,1006,1910,1431,1032,943,951,1613,309,2058,284],"asignatura":[],"compania":[252],"curso":[],"idiomas":[1948],"genero":[1129],"linea":[250],"premio":[],"proyecto-editorial":[920],"tipo-de-libro":[249],"soporte":[2004],"zona-geografica":[],"autores":[4245,4439],"colecciones":[2372],"personajes":[],"class_list":{"0":"post-9109","1":"product","2":"type-product","3":"status-publish","4":"has-post-thumbnail","6":"product_cat-gran-angular","7":"product_tag-autoconcepto","8":"product_tag-clasicos-adaptados","9":"product_tag-conflictos-internos","10":"product_tag-edad-adulta","11":"product_tag-egoismo","12":"product_tag-felicidad","13":"product_tag-hermanos","14":"product_tag-identidad-personal","15":"product_tag-infancia","16":"product_tag-miedo","17":"product_tag-ntx","18":"product_tag-teatro","19":"pa_codigo-sap-ntx","20":"compania-f-sta-maria-ediciones-sm-es","21":"idiomas-espanol","22":"genero-teatro","23":"linea-narrativa","24":"proyecto-editorial-gran-angular","25":"tipo-de-libro-fisico","26":"soporte-libro","27":"autores-nando-lopez","28":"autores-paloma-muina-merino","29":"colecciones-gran-angular","31":"first","32":"instock","33":"taxable","34":"shipping-taxable","35":"purchasable","36":"product-type-simple"},"acf":{"id_catalogo":"650","shortTitle":"GA.403 PETER Y WENDY RUMBO A NUNCA JAMAS","descripcion":"<p>\u00bfQui\u00e9n no querr\u00eda volar hasta Nunca Jam\u00e1s? Solo hay que tomar la segunda estrella a la derecha y todo recto hasta la ma\u00f1ana. Una vez all\u00ed los sue\u00f1os se hacen realidad: sirenas, hadas, piratas\u2026 Pero toda aventura tiene un precio: luchar con tu propia sombra. Perderte. Morir. Incluso crecer\u2026<\/p>","adjuntos":[{"id":"21","titulo":"Ficha del profesor","url":"https:\/\/catalogo.noe-sm.com\/medias\/216275-recur-001-001-pro-savia.pdf?context=bWFzdGVyfHJvb3R8MTExMTYwfGFwcGxpY2F0aW9uL3BkZnxoMjUvaGZhLzkwNDY1MTAwMTAzOTgucGRmfDU5NTI0ODI0MDhhYWNiM2UyY2I3NzkxM2NlY2NlMmU3MWYyODdkYmMzZjE2Zjc5ZjA5NTMwNDQ4YzcxYzgxOWY"},{"id":"20","titulo":"Ficha del alumno","url":"https:\/\/catalogo.noe-sm.com\/medias\/216275-recur-001-004-alu-savia.pdf?context=bWFzdGVyfHJvb3R8NTQwOTcxfGFwcGxpY2F0aW9uL3BkZnxoYmIvaDZkLzkwNDY1MTAwNzU5MzQucGRmfGVmODNmZGQyYTE0ZmE5MGRlZWQxMTc2YTdhNDQwN2Q5MDU4NTlhNzE1OTExNDI2MzIyMTJlNmJiNWU4ZGZmMDM"}],"descriptivePhrases":[{"type":"General","text":"Una nueva mirada al cl\u00e1sico de J. M. Barrie para una representaci\u00f3n teatral juvenil"}],"productSap":"NTX","isbn":"9788419102348","precio_colegios":12.02,"precio_librerias":12.02,"precio_librerias_sin_cobertura":12.02,"precio_distribuidores":12.02,"fecha_disponibilidad":null,"fecha_comercial":"20230309","organizacion_venta":"CS01","datos_para_buscador":"Paloma Mui\u00f1a Merino, Nando L\u00f3pez, Gran Angular, "},"yoast_head":"<!-- This site is optimized with the Yoast SEO plugin v26.6 - https:\/\/yoast.com\/wordpress\/plugins\/seo\/ -->\n<title>Peter y Wendy rumbo a Nunca Jam\u00e1s - Literatura SM Espa\u00f1a<\/title>\n<meta name=\"robots\" content=\"noindex, follow, max-snippet:-1, max-image-preview:large, max-video-preview:-1\" \/>\n<meta property=\"og:locale\" content=\"es_ES\" \/>\n<meta property=\"og:type\" content=\"article\" \/>\n<meta property=\"og:title\" content=\"Peter y Wendy rumbo a Nunca Jam\u00e1s - Literatura SM Espa\u00f1a\" \/>\n<meta property=\"og:url\" content=\"https:\/\/lij.ismeduca.com\/es\/producto\/peter-y-wendy-rumbo-a-nunca-jamas\/\" \/>\n<meta property=\"og:site_name\" content=\"Literatura SM Espa\u00f1a\" \/>\n<meta property=\"article:modified_time\" content=\"2025-12-23T12:04:12+00:00\" \/>\n<meta name=\"twitter:card\" content=\"summary_large_image\" \/>\n<script type=\"application\/ld+json\" class=\"yoast-schema-graph\">{\"@context\":\"https:\/\/schema.org\",\"@graph\":[{\"@type\":\"WebPage\",\"@id\":\"https:\/\/lij.ismeduca.com\/es\/producto\/peter-y-wendy-rumbo-a-nunca-jamas\/\",\"url\":\"https:\/\/lij.ismeduca.com\/es\/producto\/peter-y-wendy-rumbo-a-nunca-jamas\/\",\"name\":\"Peter y Wendy rumbo a Nunca Jam\u00e1s - Literatura SM Espa\u00f1a\",\"isPartOf\":{\"@id\":\"https:\/\/lij.ismeduca.com\/es\/#website\"},\"primaryImageOfPage\":{\"@id\":\"https:\/\/lij.ismeduca.com\/es\/producto\/peter-y-wendy-rumbo-a-nunca-jamas\/#primaryimage\"},\"image\":{\"@id\":\"https:\/\/lij.ismeduca.com\/es\/producto\/peter-y-wendy-rumbo-a-nunca-jamas\/#primaryimage\"},\"thumbnailUrl\":\"https:\/\/lij.ismeduca.com\/es\/wp-content\/uploads\/sites\/10\/2025\/12\/9109.jpg\",\"datePublished\":\"2024-07-11T12:25:28+00:00\",\"dateModified\":\"2025-12-23T12:04:12+00:00\",\"breadcrumb\":{\"@id\":\"https:\/\/lij.ismeduca.com\/es\/producto\/peter-y-wendy-rumbo-a-nunca-jamas\/#breadcrumb\"},\"inLanguage\":\"es\",\"potentialAction\":[{\"@type\":\"ReadAction\",\"target\":[\"https:\/\/lij.ismeduca.com\/es\/producto\/peter-y-wendy-rumbo-a-nunca-jamas\/\"]}]},{\"@type\":\"ImageObject\",\"inLanguage\":\"es\",\"@id\":\"https:\/\/lij.ismeduca.com\/es\/producto\/peter-y-wendy-rumbo-a-nunca-jamas\/#primaryimage\",\"url\":\"https:\/\/lij.ismeduca.com\/es\/wp-content\/uploads\/sites\/10\/2025\/12\/9109.jpg\",\"contentUrl\":\"https:\/\/lij.ismeduca.com\/es\/wp-content\/uploads\/sites\/10\/2025\/12\/9109.jpg\",\"width\":600,\"height\":922},{\"@type\":\"BreadcrumbList\",\"@id\":\"https:\/\/lij.ismeduca.com\/es\/producto\/peter-y-wendy-rumbo-a-nunca-jamas\/#breadcrumb\",\"itemListElement\":[{\"@type\":\"ListItem\",\"position\":1,\"name\":\"Portada\",\"item\":\"https:\/\/lij.ismeduca.com\/es\/\"},{\"@type\":\"ListItem\",\"position\":2,\"name\":\"Tienda\",\"item\":\"https:\/\/lij.ismeduca.com\/es\/tienda\/\"},{\"@type\":\"ListItem\",\"position\":3,\"name\":\"Peter y Wendy rumbo a Nunca Jam\u00e1s\"}]},{\"@type\":\"WebSite\",\"@id\":\"https:\/\/lij.ismeduca.com\/es\/#website\",\"url\":\"https:\/\/lij.ismeduca.com\/es\/\",\"name\":\"Literatura SM Espa\u00f1a\",\"description\":\"\",\"publisher\":{\"@id\":\"https:\/\/lij.ismeduca.com\/es\/#organization\"},\"potentialAction\":[{\"@type\":\"SearchAction\",\"target\":{\"@type\":\"EntryPoint\",\"urlTemplate\":\"https:\/\/lij.ismeduca.com\/es\/?s={search_term_string}\"},\"query-input\":{\"@type\":\"PropertyValueSpecification\",\"valueRequired\":true,\"valueName\":\"search_term_string\"}}],\"inLanguage\":\"es\"},{\"@type\":\"Organization\",\"@id\":\"https:\/\/lij.ismeduca.com\/es\/#organization\",\"name\":\"Literatura SM Espa\u00f1a\",\"url\":\"https:\/\/lij.ismeduca.com\/es\/\",\"logo\":{\"@type\":\"ImageObject\",\"inLanguage\":\"es\",\"@id\":\"https:\/\/lij.ismeduca.com\/es\/#\/schema\/logo\/image\/\",\"url\":\"https:\/\/lij.ismeduca.com\/es\/wp-content\/uploads\/sites\/10\/2024\/07\/logo-cabecera.png\",\"contentUrl\":\"https:\/\/lij.ismeduca.com\/es\/wp-content\/uploads\/sites\/10\/2024\/07\/logo-cabecera.png\",\"width\":396,\"height\":64,\"caption\":\"Literatura SM Espa\u00f1a\"},\"image\":{\"@id\":\"https:\/\/lij.ismeduca.com\/es\/#\/schema\/logo\/image\/\"}}]}<\/script>\n<!-- \/ Yoast SEO plugin. -->","yoast_head_json":{"title":"Peter y Wendy rumbo a Nunca Jam\u00e1s - Literatura SM Espa\u00f1a","robots":{"index":"noindex","follow":"follow","max-snippet":"max-snippet:-1","max-image-preview":"max-image-preview:large","max-video-preview":"max-video-preview:-1"},"og_locale":"es_ES","og_type":"article","og_title":"Peter y Wendy rumbo a Nunca Jam\u00e1s - Literatura SM Espa\u00f1a","og_url":"https:\/\/lij.ismeduca.com\/es\/producto\/peter-y-wendy-rumbo-a-nunca-jamas\/","og_site_name":"Literatura SM Espa\u00f1a","article_modified_time":"2025-12-23T12:04:12+00:00","twitter_card":"summary_large_image","schema":{"@context":"https:\/\/schema.org","@graph":[{"@type":"WebPage","@id":"https:\/\/lij.ismeduca.com\/es\/producto\/peter-y-wendy-rumbo-a-nunca-jamas\/","url":"https:\/\/lij.ismeduca.com\/es\/producto\/peter-y-wendy-rumbo-a-nunca-jamas\/","name":"Peter y Wendy rumbo a Nunca Jam\u00e1s - Literatura SM Espa\u00f1a","isPartOf":{"@id":"https:\/\/lij.ismeduca.com\/es\/#website"},"primaryImageOfPage":{"@id":"https:\/\/lij.ismeduca.com\/es\/producto\/peter-y-wendy-rumbo-a-nunca-jamas\/#primaryimage"},"image":{"@id":"https:\/\/lij.ismeduca.com\/es\/producto\/peter-y-wendy-rumbo-a-nunca-jamas\/#primaryimage"},"thumbnailUrl":"https:\/\/lij.ismeduca.com\/es\/wp-content\/uploads\/sites\/10\/2025\/12\/9109.jpg","datePublished":"2024-07-11T12:25:28+00:00","dateModified":"2025-12-23T12:04:12+00:00","breadcrumb":{"@id":"https:\/\/lij.ismeduca.com\/es\/producto\/peter-y-wendy-rumbo-a-nunca-jamas\/#breadcrumb"},"inLanguage":"es","potentialAction":[{"@type":"ReadAction","target":["https:\/\/lij.ismeduca.com\/es\/producto\/peter-y-wendy-rumbo-a-nunca-jamas\/"]}]},{"@type":"ImageObject","inLanguage":"es","@id":"https:\/\/lij.ismeduca.com\/es\/producto\/peter-y-wendy-rumbo-a-nunca-jamas\/#primaryimage","url":"https:\/\/lij.ismeduca.com\/es\/wp-content\/uploads\/sites\/10\/2025\/12\/9109.jpg","contentUrl":"https:\/\/lij.ismeduca.com\/es\/wp-content\/uploads\/sites\/10\/2025\/12\/9109.jpg","width":600,"height":922},{"@type":"BreadcrumbList","@id":"https:\/\/lij.ismeduca.com\/es\/producto\/peter-y-wendy-rumbo-a-nunca-jamas\/#breadcrumb","itemListElement":[{"@type":"ListItem","position":1,"name":"Portada","item":"https:\/\/lij.ismeduca.com\/es\/"},{"@type":"ListItem","position":2,"name":"Tienda","item":"https:\/\/lij.ismeduca.com\/es\/tienda\/"},{"@type":"ListItem","position":3,"name":"Peter y Wendy rumbo a Nunca Jam\u00e1s"}]},{"@type":"WebSite","@id":"https:\/\/lij.ismeduca.com\/es\/#website","url":"https:\/\/lij.ismeduca.com\/es\/","name":"Literatura SM Espa\u00f1a","description":"","publisher":{"@id":"https:\/\/lij.ismeduca.com\/es\/#organization"},"potentialAction":[{"@type":"SearchAction","target":{"@type":"EntryPoint","urlTemplate":"https:\/\/lij.ismeduca.com\/es\/?s={search_term_string}"},"query-input":{"@type":"PropertyValueSpecification","valueRequired":true,"valueName":"search_term_string"}}],"inLanguage":"es"},{"@type":"Organization","@id":"https:\/\/lij.ismeduca.com\/es\/#organization","name":"Literatura SM Espa\u00f1a","url":"https:\/\/lij.ismeduca.com\/es\/","logo":{"@type":"ImageObject","inLanguage":"es","@id":"https:\/\/lij.ismeduca.com\/es\/#\/schema\/logo\/image\/","url":"https:\/\/lij.ismeduca.com\/es\/wp-content\/uploads\/sites\/10\/2024\/07\/logo-cabecera.png","contentUrl":"https:\/\/lij.ismeduca.com\/es\/wp-content\/uploads\/sites\/10\/2024\/07\/logo-cabecera.png","width":396,"height":64,"caption":"Literatura SM Espa\u00f1a"},"image":{"@id":"https:\/\/lij.ismeduca.com\/es\/#\/schema\/logo\/image\/"}}]}},"_links":{"self":[{"href":"https:\/\/lij.ismeduca.com\/es\/wp-json\/wp\/v2\/product\/9109","targetHints":{"allow":["GET"]}}],"collection":[{"href":"https:\/\/lij.ismeduca.com\/es\/wp-json\/wp\/v2\/product"}],"about":[{"href":"https:\/\/lij.ismeduca.com\/es\/wp-json\/wp\/v2\/types\/product"}],"version-history":[{"count":1,"href":"https:\/\/lij.ismeduca.com\/es\/wp-json\/wp\/v2\/product\/9109\/revisions"}],"predecessor-version":[{"id":30924,"href":"https:\/\/lij.ismeduca.com\/es\/wp-json\/wp\/v2\/product\/9109\/revisions\/30924"}],"wp:featuredmedia":[{"embeddable":true,"href":"https:\/\/lij.ismeduca.com\/es\/wp-json\/wp\/v2\/media\/37627"}],"wp:attachment":[{"href":"https:\/\/lij.ismeduca.com\/es\/wp-json\/wp\/v2\/media?parent=9109"}],"wp:term":[{"taxonomy":"product_brand","embeddable":true,"href":"https:\/\/lij.ismeduca.com\/es\/wp-json\/wp\/v2\/product_brand?post=9109"},{"taxonomy":"product_cat","embeddable":true,"href":"https:\/\/lij.ismeduca.com\/es\/wp-json\/wp\/v2\/product_cat?post=9109"},{"taxonomy":"product_tag","embeddable":true,"href":"https:\/\/lij.ismeduca.com\/es\/wp-json\/wp\/v2\/product_tag?post=9109"},{"taxonomy":"asignatura","embeddable":true,"href":"https:\/\/lij.ismeduca.com\/es\/wp-json\/wp\/v2\/asignatura?post=9109"},{"taxonomy":"compania","embeddable":true,"href":"https:\/\/lij.ismeduca.com\/es\/wp-json\/wp\/v2\/compania?post=9109"},{"taxonomy":"curso","embeddable":true,"href":"https:\/\/lij.ismeduca.com\/es\/wp-json\/wp\/v2\/curso?post=9109"},{"taxonomy":"idiomas","embeddable":true,"href":"https:\/\/lij.ismeduca.com\/es\/wp-json\/wp\/v2\/idiomas?post=9109"},{"taxonomy":"genero","embeddable":true,"href":"https:\/\/lij.ismeduca.com\/es\/wp-json\/wp\/v2\/genero?post=9109"},{"taxonomy":"linea","embeddable":true,"href":"https:\/\/lij.ismeduca.com\/es\/wp-json\/wp\/v2\/linea?post=9109"},{"taxonomy":"premio","embeddable":true,"href":"https:\/\/lij.ismeduca.com\/es\/wp-json\/wp\/v2\/premio?post=9109"},{"taxonomy":"proyecto-editorial","embeddable":true,"href":"https:\/\/lij.ismeduca.com\/es\/wp-json\/wp\/v2\/proyecto-editorial?post=9109"},{"taxonomy":"tipo-de-libro","embeddable":true,"href":"https:\/\/lij.ismeduca.com\/es\/wp-json\/wp\/v2\/tipo-de-libro?post=9109"},{"taxonomy":"soporte","embeddable":true,"href":"https:\/\/lij.ismeduca.com\/es\/wp-json\/wp\/v2\/soporte?post=9109"},{"taxonomy":"zona-geografica","embeddable":true,"href":"https:\/\/lij.ismeduca.com\/es\/wp-json\/wp\/v2\/zona-geografica?post=9109"},{"taxonomy":"autores","embeddable":true,"href":"https:\/\/lij.ismeduca.com\/es\/wp-json\/wp\/v2\/autores?post=9109"},{"taxonomy":"colecciones","embeddable":true,"href":"https:\/\/lij.ismeduca.com\/es\/wp-json\/wp\/v2\/colecciones?post=9109"},{"taxonomy":"personajes","embeddable":true,"href":"https:\/\/lij.ismeduca.com\/es\/wp-json\/wp\/v2\/personajes?post=9109"}],"curies":[{"name":"wp","href":"https:\/\/api.w.org\/{rel}","templated":true}]}}