{"id":9152,"date":"2023-06-08T00:00:00","date_gmt":"2024-07-11T12:26:46","guid":{"rendered":"https:\/\/lij.ismeduca.com\/tienda\/?post_type=product&#038;p=9152"},"modified":"2025-12-23T13:04:03","modified_gmt":"2025-12-23T12:04:03","slug":"los-mugres-atacan-de-nuevo","status":"publish","type":"product","link":"https:\/\/lij.ismeduca.com\/es\/producto\/los-mugres-atacan-de-nuevo\/","title":{"rendered":"Los mugres atacan de nuevo"},"content":{"rendered":"","protected":false},"excerpt":{"rendered":"<p>Si te fijas muy pero que&nbsp;muy bien y entrecierras&nbsp;los ojos con disimulo,&nbsp;detr\u00e1s de cada trozo de papel,&nbsp;lata vac\u00eda o bolsa de patatas&nbsp;fritas podr\u00e1s ver algo m\u00e1s\u2026&nbsp;Claro: \u00a1se trata de los mugres!&nbsp;Y seguro que ya los has visto&nbsp;antes&#8230; \u00a1acechando la basura!&nbsp;\u00bfQu\u00e9 se traer\u00e1n entre manos&nbsp;estas diminutas criaturas?<\/p>\n<p><strong>Ro es&nbsp;el \u00fanico mugre que&nbsp;defiende la naturaleza&nbsp;con gracia y proeza.&nbsp;\u00a1Y con ayuda de Tina,&nbsp;su amiga humana!<\/strong><\/p>\n","protected":false},"featured_media":36552,"template":"","meta":{"_acf_changed":false,"inline_featured_image":false},"product_brand":[],"product_cat":[4736],"product_tag":[268,485,645,320,938,253,2058],"asignatura":[],"compania":[252],"curso":[],"idiomas":[1948],"genero":[256],"linea":[250],"premio":[],"proyecto-editorial":[477],"tipo-de-libro":[249],"soporte":[2004],"zona-geografica":[],"autores":[3749,4233,4475],"colecciones":[2396],"personajes":[2079],"class_list":{"0":"post-9152","1":"product","2":"type-product","3":"status-publish","4":"has-post-thumbnail","6":"product_cat-el-barco-de-vapor","7":"product_tag-amistad","8":"product_tag-conservacion-de-la-naturaleza","9":"product_tag-ecologismo","10":"product_tag-inclusion","11":"product_tag-interculturalidad","12":"product_tag-literatura-de-humor","13":"product_tag-ntx","14":"pa_codigo-sap-ntx","15":"compania-f-sta-maria-ediciones-sm-es","16":"idiomas-espanol","17":"genero-humor","18":"linea-narrativa","19":"proyecto-editorial-barco-de-vapor","20":"tipo-de-libro-fisico","21":"soporte-libro","22":"autores-alejandro-villen-real","23":"autores-patricia-garcia-rojo-canton","24":"autores-patrycja-katarzyna-jurkowska","25":"colecciones-el-barco-de-vapor-blanca","26":"personajes-los-mugres","28":"first","29":"instock","30":"taxable","31":"shipping-taxable","32":"purchasable","33":"product-type-simple"},"acf":{"id_catalogo":"650","shortTitle":"BVBLM.1 LOS MUGRES ATACAN DE NUEVO","descripcion":"<p>Si te fijas muy pero que&nbsp;muy bien y entrecierras&nbsp;los ojos con disimulo,&nbsp;detr\u00e1s de cada trozo de papel,&nbsp;lata vac\u00eda o bolsa de patatas&nbsp;fritas podr\u00e1s ver algo m\u00e1s\u2026&nbsp;Claro: \u00a1se trata de los mugres!&nbsp;Y seguro que ya los has visto&nbsp;antes... \u00a1acechando la basura!&nbsp;\u00bfQu\u00e9 se traer\u00e1n entre manos&nbsp;estas diminutas criaturas?<\/p>\n<p><strong>Ro es&nbsp;el \u00fanico mugre que&nbsp;defiende la naturaleza&nbsp;con gracia y proeza.&nbsp;\u00a1Y con ayuda de Tina,&nbsp;su amiga humana!<\/strong><\/p>","adjuntos":[{"id":"21","titulo":"Ficha del profesor","url":"https:\/\/catalogo.noe-sm.com\/medias\/216203-recur-001-001-pro-savia.pdf?context=bWFzdGVyfHJvb3R8MTQwNTE0fGFwcGxpY2F0aW9uL3BkZnxoMWUvaGZiLzkwMzcyNTQ2NTYwMzAucGRmfDg4ZWM2NTFiOGZmMTgzNGM0OTM4NmMyMDFmM2JjMTgzODk4MGE1N2QxZGIxZGJmYmZiOWMwMWUzMTBlZDI1MjA"},{"id":"20","titulo":"Ficha del alumno","url":"https:\/\/catalogo.noe-sm.com\/medias\/216203-recur-001-004-alu-savia.pdf?context=bWFzdGVyfHJvb3R8ODEwMzUxfGFwcGxpY2F0aW9uL3BkZnxoMGQvaDdmLzkwMzcyNTQ3MjE1NjYucGRmfDA3ZmUxYWYzMGZlMWIyZWNmODI4ZjY0ODc2ZTg3OGEwZGFjNzU2MDFjNmFiYzJhYzQ2MDNkMGFmNjllYmRmOTQ"}],"descriptivePhrases":[{"type":"General","text":"Ro es\u00a0el \u00fanico mugre que\u00a0defiende la naturaleza\u00a0con gracia y proeza.\u00a0\u00a1Y con ayuda de Tina,\u00a0su amiga humana!"}],"productSap":"NTX","isbn":"9788411209977","precio_colegios":8.17,"precio_librerias":8.17,"precio_librerias_sin_cobertura":8.17,"precio_distribuidores":8.17,"fecha_disponibilidad":null,"fecha_comercial":"20230608","organizacion_venta":"CS01","datos_para_buscador":"Alejandro Vill\u00e9n Real, Patrycja Katarzyna Jurkowska, Los mugres, Patricia Garc\u00eda-Rojo Cant\u00f3n, Los mugres, El Barco de Vapor Blanca, "},"yoast_head":"<!-- This site is optimized with the Yoast SEO plugin v26.6 - https:\/\/yoast.com\/wordpress\/plugins\/seo\/ -->\n<title>Los mugres atacan de nuevo - Literatura SM Espa\u00f1a<\/title>\n<meta name=\"robots\" content=\"noindex, follow, max-snippet:-1, max-image-preview:large, max-video-preview:-1\" \/>\n<meta property=\"og:locale\" content=\"es_ES\" \/>\n<meta property=\"og:type\" content=\"article\" \/>\n<meta property=\"og:title\" content=\"Los mugres atacan de nuevo - Literatura SM Espa\u00f1a\" \/>\n<meta property=\"og:url\" content=\"https:\/\/lij.ismeduca.com\/es\/producto\/los-mugres-atacan-de-nuevo\/\" \/>\n<meta property=\"og:site_name\" content=\"Literatura SM Espa\u00f1a\" \/>\n<meta property=\"article:modified_time\" content=\"2025-12-23T12:04:03+00:00\" \/>\n<meta name=\"twitter:card\" content=\"summary_large_image\" \/>\n<script type=\"application\/ld+json\" class=\"yoast-schema-graph\">{\"@context\":\"https:\/\/schema.org\",\"@graph\":[{\"@type\":\"WebPage\",\"@id\":\"https:\/\/lij.ismeduca.com\/es\/producto\/los-mugres-atacan-de-nuevo\/\",\"url\":\"https:\/\/lij.ismeduca.com\/es\/producto\/los-mugres-atacan-de-nuevo\/\",\"name\":\"Los mugres atacan de nuevo - Literatura SM Espa\u00f1a\",\"isPartOf\":{\"@id\":\"https:\/\/lij.ismeduca.com\/es\/#website\"},\"primaryImageOfPage\":{\"@id\":\"https:\/\/lij.ismeduca.com\/es\/producto\/los-mugres-atacan-de-nuevo\/#primaryimage\"},\"image\":{\"@id\":\"https:\/\/lij.ismeduca.com\/es\/producto\/los-mugres-atacan-de-nuevo\/#primaryimage\"},\"thumbnailUrl\":\"https:\/\/lij.ismeduca.com\/es\/wp-content\/uploads\/sites\/10\/2025\/12\/9152.jpg\",\"datePublished\":\"2024-07-11T12:26:46+00:00\",\"dateModified\":\"2025-12-23T12:04:03+00:00\",\"breadcrumb\":{\"@id\":\"https:\/\/lij.ismeduca.com\/es\/producto\/los-mugres-atacan-de-nuevo\/#breadcrumb\"},\"inLanguage\":\"es\",\"potentialAction\":[{\"@type\":\"ReadAction\",\"target\":[\"https:\/\/lij.ismeduca.com\/es\/producto\/los-mugres-atacan-de-nuevo\/\"]}]},{\"@type\":\"ImageObject\",\"inLanguage\":\"es\",\"@id\":\"https:\/\/lij.ismeduca.com\/es\/producto\/los-mugres-atacan-de-nuevo\/#primaryimage\",\"url\":\"https:\/\/lij.ismeduca.com\/es\/wp-content\/uploads\/sites\/10\/2025\/12\/9152.jpg\",\"contentUrl\":\"https:\/\/lij.ismeduca.com\/es\/wp-content\/uploads\/sites\/10\/2025\/12\/9152.jpg\",\"width\":600,\"height\":912},{\"@type\":\"BreadcrumbList\",\"@id\":\"https:\/\/lij.ismeduca.com\/es\/producto\/los-mugres-atacan-de-nuevo\/#breadcrumb\",\"itemListElement\":[{\"@type\":\"ListItem\",\"position\":1,\"name\":\"Portada\",\"item\":\"https:\/\/lij.ismeduca.com\/es\/\"},{\"@type\":\"ListItem\",\"position\":2,\"name\":\"Tienda\",\"item\":\"https:\/\/lij.ismeduca.com\/es\/tienda\/\"},{\"@type\":\"ListItem\",\"position\":3,\"name\":\"Los mugres atacan de nuevo\"}]},{\"@type\":\"WebSite\",\"@id\":\"https:\/\/lij.ismeduca.com\/es\/#website\",\"url\":\"https:\/\/lij.ismeduca.com\/es\/\",\"name\":\"Literatura SM Espa\u00f1a\",\"description\":\"\",\"publisher\":{\"@id\":\"https:\/\/lij.ismeduca.com\/es\/#organization\"},\"potentialAction\":[{\"@type\":\"SearchAction\",\"target\":{\"@type\":\"EntryPoint\",\"urlTemplate\":\"https:\/\/lij.ismeduca.com\/es\/?s={search_term_string}\"},\"query-input\":{\"@type\":\"PropertyValueSpecification\",\"valueRequired\":true,\"valueName\":\"search_term_string\"}}],\"inLanguage\":\"es\"},{\"@type\":\"Organization\",\"@id\":\"https:\/\/lij.ismeduca.com\/es\/#organization\",\"name\":\"Literatura SM Espa\u00f1a\",\"url\":\"https:\/\/lij.ismeduca.com\/es\/\",\"logo\":{\"@type\":\"ImageObject\",\"inLanguage\":\"es\",\"@id\":\"https:\/\/lij.ismeduca.com\/es\/#\/schema\/logo\/image\/\",\"url\":\"https:\/\/lij.ismeduca.com\/es\/wp-content\/uploads\/sites\/10\/2024\/07\/logo-cabecera.png\",\"contentUrl\":\"https:\/\/lij.ismeduca.com\/es\/wp-content\/uploads\/sites\/10\/2024\/07\/logo-cabecera.png\",\"width\":396,\"height\":64,\"caption\":\"Literatura SM Espa\u00f1a\"},\"image\":{\"@id\":\"https:\/\/lij.ismeduca.com\/es\/#\/schema\/logo\/image\/\"}}]}<\/script>\n<!-- \/ Yoast SEO plugin. -->","yoast_head_json":{"title":"Los mugres atacan de nuevo - Literatura SM Espa\u00f1a","robots":{"index":"noindex","follow":"follow","max-snippet":"max-snippet:-1","max-image-preview":"max-image-preview:large","max-video-preview":"max-video-preview:-1"},"og_locale":"es_ES","og_type":"article","og_title":"Los mugres atacan de nuevo - Literatura SM Espa\u00f1a","og_url":"https:\/\/lij.ismeduca.com\/es\/producto\/los-mugres-atacan-de-nuevo\/","og_site_name":"Literatura SM Espa\u00f1a","article_modified_time":"2025-12-23T12:04:03+00:00","twitter_card":"summary_large_image","schema":{"@context":"https:\/\/schema.org","@graph":[{"@type":"WebPage","@id":"https:\/\/lij.ismeduca.com\/es\/producto\/los-mugres-atacan-de-nuevo\/","url":"https:\/\/lij.ismeduca.com\/es\/producto\/los-mugres-atacan-de-nuevo\/","name":"Los mugres atacan de nuevo - Literatura SM Espa\u00f1a","isPartOf":{"@id":"https:\/\/lij.ismeduca.com\/es\/#website"},"primaryImageOfPage":{"@id":"https:\/\/lij.ismeduca.com\/es\/producto\/los-mugres-atacan-de-nuevo\/#primaryimage"},"image":{"@id":"https:\/\/lij.ismeduca.com\/es\/producto\/los-mugres-atacan-de-nuevo\/#primaryimage"},"thumbnailUrl":"https:\/\/lij.ismeduca.com\/es\/wp-content\/uploads\/sites\/10\/2025\/12\/9152.jpg","datePublished":"2024-07-11T12:26:46+00:00","dateModified":"2025-12-23T12:04:03+00:00","breadcrumb":{"@id":"https:\/\/lij.ismeduca.com\/es\/producto\/los-mugres-atacan-de-nuevo\/#breadcrumb"},"inLanguage":"es","potentialAction":[{"@type":"ReadAction","target":["https:\/\/lij.ismeduca.com\/es\/producto\/los-mugres-atacan-de-nuevo\/"]}]},{"@type":"ImageObject","inLanguage":"es","@id":"https:\/\/lij.ismeduca.com\/es\/producto\/los-mugres-atacan-de-nuevo\/#primaryimage","url":"https:\/\/lij.ismeduca.com\/es\/wp-content\/uploads\/sites\/10\/2025\/12\/9152.jpg","contentUrl":"https:\/\/lij.ismeduca.com\/es\/wp-content\/uploads\/sites\/10\/2025\/12\/9152.jpg","width":600,"height":912},{"@type":"BreadcrumbList","@id":"https:\/\/lij.ismeduca.com\/es\/producto\/los-mugres-atacan-de-nuevo\/#breadcrumb","itemListElement":[{"@type":"ListItem","position":1,"name":"Portada","item":"https:\/\/lij.ismeduca.com\/es\/"},{"@type":"ListItem","position":2,"name":"Tienda","item":"https:\/\/lij.ismeduca.com\/es\/tienda\/"},{"@type":"ListItem","position":3,"name":"Los mugres atacan de nuevo"}]},{"@type":"WebSite","@id":"https:\/\/lij.ismeduca.com\/es\/#website","url":"https:\/\/lij.ismeduca.com\/es\/","name":"Literatura SM Espa\u00f1a","description":"","publisher":{"@id":"https:\/\/lij.ismeduca.com\/es\/#organization"},"potentialAction":[{"@type":"SearchAction","target":{"@type":"EntryPoint","urlTemplate":"https:\/\/lij.ismeduca.com\/es\/?s={search_term_string}"},"query-input":{"@type":"PropertyValueSpecification","valueRequired":true,"valueName":"search_term_string"}}],"inLanguage":"es"},{"@type":"Organization","@id":"https:\/\/lij.ismeduca.com\/es\/#organization","name":"Literatura SM Espa\u00f1a","url":"https:\/\/lij.ismeduca.com\/es\/","logo":{"@type":"ImageObject","inLanguage":"es","@id":"https:\/\/lij.ismeduca.com\/es\/#\/schema\/logo\/image\/","url":"https:\/\/lij.ismeduca.com\/es\/wp-content\/uploads\/sites\/10\/2024\/07\/logo-cabecera.png","contentUrl":"https:\/\/lij.ismeduca.com\/es\/wp-content\/uploads\/sites\/10\/2024\/07\/logo-cabecera.png","width":396,"height":64,"caption":"Literatura SM Espa\u00f1a"},"image":{"@id":"https:\/\/lij.ismeduca.com\/es\/#\/schema\/logo\/image\/"}}]}},"_links":{"self":[{"href":"https:\/\/lij.ismeduca.com\/es\/wp-json\/wp\/v2\/product\/9152","targetHints":{"allow":["GET"]}}],"collection":[{"href":"https:\/\/lij.ismeduca.com\/es\/wp-json\/wp\/v2\/product"}],"about":[{"href":"https:\/\/lij.ismeduca.com\/es\/wp-json\/wp\/v2\/types\/product"}],"version-history":[{"count":1,"href":"https:\/\/lij.ismeduca.com\/es\/wp-json\/wp\/v2\/product\/9152\/revisions"}],"predecessor-version":[{"id":33678,"href":"https:\/\/lij.ismeduca.com\/es\/wp-json\/wp\/v2\/product\/9152\/revisions\/33678"}],"wp:featuredmedia":[{"embeddable":true,"href":"https:\/\/lij.ismeduca.com\/es\/wp-json\/wp\/v2\/media\/36552"}],"wp:attachment":[{"href":"https:\/\/lij.ismeduca.com\/es\/wp-json\/wp\/v2\/media?parent=9152"}],"wp:term":[{"taxonomy":"product_brand","embeddable":true,"href":"https:\/\/lij.ismeduca.com\/es\/wp-json\/wp\/v2\/product_brand?post=9152"},{"taxonomy":"product_cat","embeddable":true,"href":"https:\/\/lij.ismeduca.com\/es\/wp-json\/wp\/v2\/product_cat?post=9152"},{"taxonomy":"product_tag","embeddable":true,"href":"https:\/\/lij.ismeduca.com\/es\/wp-json\/wp\/v2\/product_tag?post=9152"},{"taxonomy":"asignatura","embeddable":true,"href":"https:\/\/lij.ismeduca.com\/es\/wp-json\/wp\/v2\/asignatura?post=9152"},{"taxonomy":"compania","embeddable":true,"href":"https:\/\/lij.ismeduca.com\/es\/wp-json\/wp\/v2\/compania?post=9152"},{"taxonomy":"curso","embeddable":true,"href":"https:\/\/lij.ismeduca.com\/es\/wp-json\/wp\/v2\/curso?post=9152"},{"taxonomy":"idiomas","embeddable":true,"href":"https:\/\/lij.ismeduca.com\/es\/wp-json\/wp\/v2\/idiomas?post=9152"},{"taxonomy":"genero","embeddable":true,"href":"https:\/\/lij.ismeduca.com\/es\/wp-json\/wp\/v2\/genero?post=9152"},{"taxonomy":"linea","embeddable":true,"href":"https:\/\/lij.ismeduca.com\/es\/wp-json\/wp\/v2\/linea?post=9152"},{"taxonomy":"premio","embeddable":true,"href":"https:\/\/lij.ismeduca.com\/es\/wp-json\/wp\/v2\/premio?post=9152"},{"taxonomy":"proyecto-editorial","embeddable":true,"href":"https:\/\/lij.ismeduca.com\/es\/wp-json\/wp\/v2\/proyecto-editorial?post=9152"},{"taxonomy":"tipo-de-libro","embeddable":true,"href":"https:\/\/lij.ismeduca.com\/es\/wp-json\/wp\/v2\/tipo-de-libro?post=9152"},{"taxonomy":"soporte","embeddable":true,"href":"https:\/\/lij.ismeduca.com\/es\/wp-json\/wp\/v2\/soporte?post=9152"},{"taxonomy":"zona-geografica","embeddable":true,"href":"https:\/\/lij.ismeduca.com\/es\/wp-json\/wp\/v2\/zona-geografica?post=9152"},{"taxonomy":"autores","embeddable":true,"href":"https:\/\/lij.ismeduca.com\/es\/wp-json\/wp\/v2\/autores?post=9152"},{"taxonomy":"colecciones","embeddable":true,"href":"https:\/\/lij.ismeduca.com\/es\/wp-json\/wp\/v2\/colecciones?post=9152"},{"taxonomy":"personajes","embeddable":true,"href":"https:\/\/lij.ismeduca.com\/es\/wp-json\/wp\/v2\/personajes?post=9152"}],"curies":[{"name":"wp","href":"https:\/\/api.w.org\/{rel}","templated":true}]}}