{"id":956,"date":"2009-05-20T00:00:00","date_gmt":"2024-07-11T09:14:16","guid":{"rendered":"https:\/\/lij.ismeduca.com\/tienda\/?post_type=product&#038;p=956"},"modified":"2025-12-23T12:33:15","modified_gmt":"2025-12-23T11:33:15","slug":"memorias-de-idhun-la-resistencia-busqueda-1a-parte-comic","status":"publish","type":"product","link":"https:\/\/lij.ismeduca.com\/es\/producto\/memorias-de-idhun-la-resistencia-busqueda-1a-parte-comic\/","title":{"rendered":"Memorias de Idh\u00fan: La Resistencia. B\u00fasqueda [1\u00aa Parte]. C\u00f3mic"},"content":{"rendered":"","protected":false},"excerpt":{"rendered":"<p>Jack, un adolescente terr&#237;cola, tiene un f&#250;nebre presentimiento&#8230; algo no va bien; sin embargo no imagina el cambio que va a experimentar en su vida cuando llegue a casa. Junto con Victoria, una chica a la que todav&#237;a no conoce, iniciar&#225; una lucha de proporciones exorbitantes. <br\/ \/><br\/ \/>Su destino quedar&#225; inexorablemente unido a la Resistencia, un peque&#241;o grupo que lucha por la libertad de un mundo llamado Idh&#250;n. <br\/ \/><br\/ \/>Un c&#243;mic que refleja perfectamente las aventuras de Jack y Victoria.<\/p>\n","protected":false},"featured_media":37808,"template":"","meta":{"_acf_changed":false,"inline_featured_image":false},"product_brand":[],"product_cat":[4744],"product_tag":[903,331,240,242,861,901,478,298,481,902,2058],"asignatura":[],"compania":[252],"curso":[],"idiomas":[1948],"genero":[275],"linea":[250],"premio":[],"proyecto-editorial":[251],"tipo-de-libro":[249],"soporte":[2004],"zona-geografica":[],"autores":[4285,4286,4288],"colecciones":[2379],"personajes":[],"class_list":{"0":"post-956","1":"product","2":"type-product","3":"status-publish","4":"has-post-thumbnail","6":"product_cat-comic-memorias-de-idhun","7":"product_tag-batallas","8":"product_tag-comics","9":"product_tag-cuentos-infantiles","10":"product_tag-cuentos-para-ninos","11":"product_tag-heroes","12":"product_tag-laura-gallego-garcia","13":"product_tag-literatura-fantastica","14":"product_tag-literatura-infantil","15":"product_tag-magia","16":"product_tag-memorias-de-idhun","17":"product_tag-ntx","18":"pa_codigo-sap-ntx","19":"compania-f-sta-maria-ediciones-sm-es","20":"idiomas-espanol","21":"genero-fantasia","22":"linea-narrativa","23":"proyecto-editorial-fondo-general","24":"tipo-de-libro-fisico","25":"soporte-libro","26":"autores-andres-carrion-moratinos","27":"autores-estudio-fenix","28":"autores-laura-gallego","29":"colecciones-memorias-de-idhun","31":"first","32":"instock","33":"taxable","34":"shipping-taxable","35":"purchasable","36":"product-type-simple"},"acf":{"id_catalogo":"650","shortTitle":"MIDC. 1 LA RESISTENCIA BUSQUEDA 1\u00aaPARTE","descripcion":"Jack, un adolescente terr&#237;cola, tiene un f&#250;nebre presentimiento... algo no va bien; sin embargo no imagina el cambio que va a experimentar en su vida cuando llegue a casa. Junto con Victoria, una chica a la que todav&#237;a no conoce, iniciar&#225; una lucha de proporciones exorbitantes. <br\/ \/><br\/ \/>Su destino quedar&#225; inexorablemente unido a la Resistencia, un peque&#241;o grupo que lucha por la libertad de un mundo llamado Idh&#250;n. <br\/ \/><br\/ \/>Un c&#243;mic que refleja perfectamente las aventuras de Jack y Victoria.","adjuntos":[{"id":"2","titulo":"Documentos de texto","url":"https:\/\/catalogo.noe-sm.com\/medias\/ES124118-004402.pdf?context=bWFzdGVyfG1pZ3JhdGlvbnwzNDU1ODd8YXBwbGljYXRpb24vcGRmfG1pZ3JhdGlvbi9oZWEvaDY0Lzg4MTk0MzE5OTc0NzAucGRmfGRkN2IxMmMzOWQxMWM3NzY5YTE5Njk4NDc4Nzg2MzNmOWVmZmE1MGI3YzY3YzAxY2EyMDZhZTM0NTg1NGVlMDg"},{"id":"4","titulo":"Primer cap\u00edtulo \/ Unidad Modelo","url":"https:\/\/catalogo.noe-sm.com\/medias\/ES124118-009935.pdf?context=bWFzdGVyfG1pZ3JhdGlvbnwxMjc4NzY5fGFwcGxpY2F0aW9uL3BkZnxtaWdyYXRpb24vaGY3L2g1MC84ODE5NjE0ODc1Njc4LnBkZnw0YWExYjE4YzdiYmQ1YmJjYjA0NThiMjRmOGVkN2ZkZjQyMjJkM2FhMjYyMGEzMTcwZGZjOWM4OTczNzI3MmQ4"}],"descriptivePhrases":[{"type":"General","text":"El mundo m\u00e1gico de Idh\u00fan se traslada a c\u00f3mic."}],"productSap":"NTX","isbn":"9788467535259","precio_colegios":12.45,"precio_librerias":12.45,"precio_librerias_sin_cobertura":12.45,"precio_distribuidores":12.45,"fecha_disponibilidad":null,"fecha_comercial":"20090520","organizacion_venta":"CS01","datos_para_buscador":"Andr\u00e9s Carri\u00f3n Moratinos, Estudio F\u00e9nix, Laura Gallego, Memorias de Idh\u00fan, "},"yoast_head":"<!-- This site is optimized with the Yoast SEO plugin v26.6 - https:\/\/yoast.com\/wordpress\/plugins\/seo\/ -->\n<title>Memorias de Idh\u00fan: La Resistencia. B\u00fasqueda [1\u00aa Parte]. C\u00f3mic - Literatura SM Espa\u00f1a<\/title>\n<meta name=\"robots\" content=\"noindex, follow, max-snippet:-1, max-image-preview:large, max-video-preview:-1\" \/>\n<meta property=\"og:locale\" content=\"es_ES\" \/>\n<meta property=\"og:type\" content=\"article\" \/>\n<meta property=\"og:title\" content=\"Memorias de Idh\u00fan: La Resistencia. B\u00fasqueda [1\u00aa Parte]. C\u00f3mic - Literatura SM Espa\u00f1a\" \/>\n<meta property=\"og:url\" content=\"https:\/\/lij.ismeduca.com\/es\/producto\/memorias-de-idhun-la-resistencia-busqueda-1a-parte-comic\/\" \/>\n<meta property=\"og:site_name\" content=\"Literatura SM Espa\u00f1a\" \/>\n<meta property=\"article:modified_time\" content=\"2025-12-23T11:33:15+00:00\" \/>\n<meta name=\"twitter:card\" content=\"summary_large_image\" \/>\n<script type=\"application\/ld+json\" class=\"yoast-schema-graph\">{\"@context\":\"https:\/\/schema.org\",\"@graph\":[{\"@type\":\"WebPage\",\"@id\":\"https:\/\/lij.ismeduca.com\/es\/producto\/memorias-de-idhun-la-resistencia-busqueda-1a-parte-comic\/\",\"url\":\"https:\/\/lij.ismeduca.com\/es\/producto\/memorias-de-idhun-la-resistencia-busqueda-1a-parte-comic\/\",\"name\":\"Memorias de Idh\u00fan: La Resistencia. B\u00fasqueda [1\u00aa Parte]. C\u00f3mic - Literatura SM Espa\u00f1a\",\"isPartOf\":{\"@id\":\"https:\/\/lij.ismeduca.com\/es\/#website\"},\"primaryImageOfPage\":{\"@id\":\"https:\/\/lij.ismeduca.com\/es\/producto\/memorias-de-idhun-la-resistencia-busqueda-1a-parte-comic\/#primaryimage\"},\"image\":{\"@id\":\"https:\/\/lij.ismeduca.com\/es\/producto\/memorias-de-idhun-la-resistencia-busqueda-1a-parte-comic\/#primaryimage\"},\"thumbnailUrl\":\"https:\/\/lij.ismeduca.com\/es\/wp-content\/uploads\/sites\/10\/2025\/12\/956.jpg\",\"datePublished\":\"2024-07-11T09:14:16+00:00\",\"dateModified\":\"2025-12-23T11:33:15+00:00\",\"breadcrumb\":{\"@id\":\"https:\/\/lij.ismeduca.com\/es\/producto\/memorias-de-idhun-la-resistencia-busqueda-1a-parte-comic\/#breadcrumb\"},\"inLanguage\":\"es\",\"potentialAction\":[{\"@type\":\"ReadAction\",\"target\":[\"https:\/\/lij.ismeduca.com\/es\/producto\/memorias-de-idhun-la-resistencia-busqueda-1a-parte-comic\/\"]}]},{\"@type\":\"ImageObject\",\"inLanguage\":\"es\",\"@id\":\"https:\/\/lij.ismeduca.com\/es\/producto\/memorias-de-idhun-la-resistencia-busqueda-1a-parte-comic\/#primaryimage\",\"url\":\"https:\/\/lij.ismeduca.com\/es\/wp-content\/uploads\/sites\/10\/2025\/12\/956.jpg\",\"contentUrl\":\"https:\/\/lij.ismeduca.com\/es\/wp-content\/uploads\/sites\/10\/2025\/12\/956.jpg\",\"width\":600,\"height\":935},{\"@type\":\"BreadcrumbList\",\"@id\":\"https:\/\/lij.ismeduca.com\/es\/producto\/memorias-de-idhun-la-resistencia-busqueda-1a-parte-comic\/#breadcrumb\",\"itemListElement\":[{\"@type\":\"ListItem\",\"position\":1,\"name\":\"Portada\",\"item\":\"https:\/\/lij.ismeduca.com\/es\/\"},{\"@type\":\"ListItem\",\"position\":2,\"name\":\"Tienda\",\"item\":\"https:\/\/lij.ismeduca.com\/es\/tienda\/\"},{\"@type\":\"ListItem\",\"position\":3,\"name\":\"Memorias de Idh\u00fan: La Resistencia. B\u00fasqueda [1\u00aa Parte]. C\u00f3mic\"}]},{\"@type\":\"WebSite\",\"@id\":\"https:\/\/lij.ismeduca.com\/es\/#website\",\"url\":\"https:\/\/lij.ismeduca.com\/es\/\",\"name\":\"Literatura SM Espa\u00f1a\",\"description\":\"\",\"publisher\":{\"@id\":\"https:\/\/lij.ismeduca.com\/es\/#organization\"},\"potentialAction\":[{\"@type\":\"SearchAction\",\"target\":{\"@type\":\"EntryPoint\",\"urlTemplate\":\"https:\/\/lij.ismeduca.com\/es\/?s={search_term_string}\"},\"query-input\":{\"@type\":\"PropertyValueSpecification\",\"valueRequired\":true,\"valueName\":\"search_term_string\"}}],\"inLanguage\":\"es\"},{\"@type\":\"Organization\",\"@id\":\"https:\/\/lij.ismeduca.com\/es\/#organization\",\"name\":\"Literatura SM Espa\u00f1a\",\"url\":\"https:\/\/lij.ismeduca.com\/es\/\",\"logo\":{\"@type\":\"ImageObject\",\"inLanguage\":\"es\",\"@id\":\"https:\/\/lij.ismeduca.com\/es\/#\/schema\/logo\/image\/\",\"url\":\"https:\/\/lij.ismeduca.com\/es\/wp-content\/uploads\/sites\/10\/2024\/07\/logo-cabecera.png\",\"contentUrl\":\"https:\/\/lij.ismeduca.com\/es\/wp-content\/uploads\/sites\/10\/2024\/07\/logo-cabecera.png\",\"width\":396,\"height\":64,\"caption\":\"Literatura SM Espa\u00f1a\"},\"image\":{\"@id\":\"https:\/\/lij.ismeduca.com\/es\/#\/schema\/logo\/image\/\"}}]}<\/script>\n<!-- \/ Yoast SEO plugin. -->","yoast_head_json":{"title":"Memorias de Idh\u00fan: La Resistencia. B\u00fasqueda [1\u00aa Parte]. C\u00f3mic - Literatura SM Espa\u00f1a","robots":{"index":"noindex","follow":"follow","max-snippet":"max-snippet:-1","max-image-preview":"max-image-preview:large","max-video-preview":"max-video-preview:-1"},"og_locale":"es_ES","og_type":"article","og_title":"Memorias de Idh\u00fan: La Resistencia. B\u00fasqueda [1\u00aa Parte]. C\u00f3mic - Literatura SM Espa\u00f1a","og_url":"https:\/\/lij.ismeduca.com\/es\/producto\/memorias-de-idhun-la-resistencia-busqueda-1a-parte-comic\/","og_site_name":"Literatura SM Espa\u00f1a","article_modified_time":"2025-12-23T11:33:15+00:00","twitter_card":"summary_large_image","schema":{"@context":"https:\/\/schema.org","@graph":[{"@type":"WebPage","@id":"https:\/\/lij.ismeduca.com\/es\/producto\/memorias-de-idhun-la-resistencia-busqueda-1a-parte-comic\/","url":"https:\/\/lij.ismeduca.com\/es\/producto\/memorias-de-idhun-la-resistencia-busqueda-1a-parte-comic\/","name":"Memorias de Idh\u00fan: La Resistencia. B\u00fasqueda [1\u00aa Parte]. C\u00f3mic - Literatura SM Espa\u00f1a","isPartOf":{"@id":"https:\/\/lij.ismeduca.com\/es\/#website"},"primaryImageOfPage":{"@id":"https:\/\/lij.ismeduca.com\/es\/producto\/memorias-de-idhun-la-resistencia-busqueda-1a-parte-comic\/#primaryimage"},"image":{"@id":"https:\/\/lij.ismeduca.com\/es\/producto\/memorias-de-idhun-la-resistencia-busqueda-1a-parte-comic\/#primaryimage"},"thumbnailUrl":"https:\/\/lij.ismeduca.com\/es\/wp-content\/uploads\/sites\/10\/2025\/12\/956.jpg","datePublished":"2024-07-11T09:14:16+00:00","dateModified":"2025-12-23T11:33:15+00:00","breadcrumb":{"@id":"https:\/\/lij.ismeduca.com\/es\/producto\/memorias-de-idhun-la-resistencia-busqueda-1a-parte-comic\/#breadcrumb"},"inLanguage":"es","potentialAction":[{"@type":"ReadAction","target":["https:\/\/lij.ismeduca.com\/es\/producto\/memorias-de-idhun-la-resistencia-busqueda-1a-parte-comic\/"]}]},{"@type":"ImageObject","inLanguage":"es","@id":"https:\/\/lij.ismeduca.com\/es\/producto\/memorias-de-idhun-la-resistencia-busqueda-1a-parte-comic\/#primaryimage","url":"https:\/\/lij.ismeduca.com\/es\/wp-content\/uploads\/sites\/10\/2025\/12\/956.jpg","contentUrl":"https:\/\/lij.ismeduca.com\/es\/wp-content\/uploads\/sites\/10\/2025\/12\/956.jpg","width":600,"height":935},{"@type":"BreadcrumbList","@id":"https:\/\/lij.ismeduca.com\/es\/producto\/memorias-de-idhun-la-resistencia-busqueda-1a-parte-comic\/#breadcrumb","itemListElement":[{"@type":"ListItem","position":1,"name":"Portada","item":"https:\/\/lij.ismeduca.com\/es\/"},{"@type":"ListItem","position":2,"name":"Tienda","item":"https:\/\/lij.ismeduca.com\/es\/tienda\/"},{"@type":"ListItem","position":3,"name":"Memorias de Idh\u00fan: La Resistencia. B\u00fasqueda [1\u00aa Parte]. C\u00f3mic"}]},{"@type":"WebSite","@id":"https:\/\/lij.ismeduca.com\/es\/#website","url":"https:\/\/lij.ismeduca.com\/es\/","name":"Literatura SM Espa\u00f1a","description":"","publisher":{"@id":"https:\/\/lij.ismeduca.com\/es\/#organization"},"potentialAction":[{"@type":"SearchAction","target":{"@type":"EntryPoint","urlTemplate":"https:\/\/lij.ismeduca.com\/es\/?s={search_term_string}"},"query-input":{"@type":"PropertyValueSpecification","valueRequired":true,"valueName":"search_term_string"}}],"inLanguage":"es"},{"@type":"Organization","@id":"https:\/\/lij.ismeduca.com\/es\/#organization","name":"Literatura SM Espa\u00f1a","url":"https:\/\/lij.ismeduca.com\/es\/","logo":{"@type":"ImageObject","inLanguage":"es","@id":"https:\/\/lij.ismeduca.com\/es\/#\/schema\/logo\/image\/","url":"https:\/\/lij.ismeduca.com\/es\/wp-content\/uploads\/sites\/10\/2024\/07\/logo-cabecera.png","contentUrl":"https:\/\/lij.ismeduca.com\/es\/wp-content\/uploads\/sites\/10\/2024\/07\/logo-cabecera.png","width":396,"height":64,"caption":"Literatura SM Espa\u00f1a"},"image":{"@id":"https:\/\/lij.ismeduca.com\/es\/#\/schema\/logo\/image\/"}}]}},"_links":{"self":[{"href":"https:\/\/lij.ismeduca.com\/es\/wp-json\/wp\/v2\/product\/956","targetHints":{"allow":["GET"]}}],"collection":[{"href":"https:\/\/lij.ismeduca.com\/es\/wp-json\/wp\/v2\/product"}],"about":[{"href":"https:\/\/lij.ismeduca.com\/es\/wp-json\/wp\/v2\/types\/product"}],"version-history":[{"count":1,"href":"https:\/\/lij.ismeduca.com\/es\/wp-json\/wp\/v2\/product\/956\/revisions"}],"predecessor-version":[{"id":32274,"href":"https:\/\/lij.ismeduca.com\/es\/wp-json\/wp\/v2\/product\/956\/revisions\/32274"}],"wp:featuredmedia":[{"embeddable":true,"href":"https:\/\/lij.ismeduca.com\/es\/wp-json\/wp\/v2\/media\/37808"}],"wp:attachment":[{"href":"https:\/\/lij.ismeduca.com\/es\/wp-json\/wp\/v2\/media?parent=956"}],"wp:term":[{"taxonomy":"product_brand","embeddable":true,"href":"https:\/\/lij.ismeduca.com\/es\/wp-json\/wp\/v2\/product_brand?post=956"},{"taxonomy":"product_cat","embeddable":true,"href":"https:\/\/lij.ismeduca.com\/es\/wp-json\/wp\/v2\/product_cat?post=956"},{"taxonomy":"product_tag","embeddable":true,"href":"https:\/\/lij.ismeduca.com\/es\/wp-json\/wp\/v2\/product_tag?post=956"},{"taxonomy":"asignatura","embeddable":true,"href":"https:\/\/lij.ismeduca.com\/es\/wp-json\/wp\/v2\/asignatura?post=956"},{"taxonomy":"compania","embeddable":true,"href":"https:\/\/lij.ismeduca.com\/es\/wp-json\/wp\/v2\/compania?post=956"},{"taxonomy":"curso","embeddable":true,"href":"https:\/\/lij.ismeduca.com\/es\/wp-json\/wp\/v2\/curso?post=956"},{"taxonomy":"idiomas","embeddable":true,"href":"https:\/\/lij.ismeduca.com\/es\/wp-json\/wp\/v2\/idiomas?post=956"},{"taxonomy":"genero","embeddable":true,"href":"https:\/\/lij.ismeduca.com\/es\/wp-json\/wp\/v2\/genero?post=956"},{"taxonomy":"linea","embeddable":true,"href":"https:\/\/lij.ismeduca.com\/es\/wp-json\/wp\/v2\/linea?post=956"},{"taxonomy":"premio","embeddable":true,"href":"https:\/\/lij.ismeduca.com\/es\/wp-json\/wp\/v2\/premio?post=956"},{"taxonomy":"proyecto-editorial","embeddable":true,"href":"https:\/\/lij.ismeduca.com\/es\/wp-json\/wp\/v2\/proyecto-editorial?post=956"},{"taxonomy":"tipo-de-libro","embeddable":true,"href":"https:\/\/lij.ismeduca.com\/es\/wp-json\/wp\/v2\/tipo-de-libro?post=956"},{"taxonomy":"soporte","embeddable":true,"href":"https:\/\/lij.ismeduca.com\/es\/wp-json\/wp\/v2\/soporte?post=956"},{"taxonomy":"zona-geografica","embeddable":true,"href":"https:\/\/lij.ismeduca.com\/es\/wp-json\/wp\/v2\/zona-geografica?post=956"},{"taxonomy":"autores","embeddable":true,"href":"https:\/\/lij.ismeduca.com\/es\/wp-json\/wp\/v2\/autores?post=956"},{"taxonomy":"colecciones","embeddable":true,"href":"https:\/\/lij.ismeduca.com\/es\/wp-json\/wp\/v2\/colecciones?post=956"},{"taxonomy":"personajes","embeddable":true,"href":"https:\/\/lij.ismeduca.com\/es\/wp-json\/wp\/v2\/personajes?post=956"}],"curies":[{"name":"wp","href":"https:\/\/api.w.org\/{rel}","templated":true}]}}